{"id":19727,"date":"2024-10-17T14:20:18","date_gmt":"2024-10-17T14:20:18","guid":{"rendered":"https:\/\/hp-drones.com\/emlid\/"},"modified":"2024-12-06T12:45:42","modified_gmt":"2024-12-06T12:45:42","slug":"emlid","status":"publish","type":"page","link":"https:\/\/hpdrones.pro\/pt-pt\/emlid\/","title":{"rendered":"EMLID"},"content":{"rendered":"<p>[et_pb_section fb_built=&#8221;1&#8243; _builder_version=&#8221;4.27.0&#8243; _module_preset=&#8221;default&#8221; use_background_color_gradient=&#8221;on&#8221; background_color_gradient_stops=&#8221;rgba(0,0,0,0.53) 0%|rgba(0,0,0,0.24) 100%&#8221; background_color_gradient_overlays_image=&#8221;on&#8221; background_color_gradient_start=&#8221;rgba(0,0,0,0.53)&#8221; background_color_gradient_end=&#8221;rgba(0,0,0,0.24)&#8221; background_image=&#8221;https:\/\/hpdrones.pro\/wp-content\/uploads\/2024\/10\/RS2_plus-4.webp&#8221; custom_margin=&#8221;-71px|||||&#8221; custom_padding=&#8221;73px||73px||true|false&#8221; global_colors_info=&#8221;{}&#8221;][et_pb_row use_custom_gutter=&#8221;on&#8221; make_equal=&#8221;on&#8221; custom_padding_last_edited=&#8221;on|phone&#8221; _builder_version=&#8221;4.16&#8243; _module_preset=&#8221;default&#8221; width=&#8221;90%&#8221; custom_padding=&#8221;46px||0px||false|&#8221; custom_padding_tablet=&#8221;46px||0px||false|&#8221; custom_padding_phone=&#8221;88px||||false|false&#8221; global_colors_info=&#8221;{}&#8221;][et_pb_column type=&#8221;4_4&#8243; _builder_version=&#8221;4.16&#8243; _module_preset=&#8221;default&#8221; global_colors_info=&#8221;{}&#8221;][et_pb_text _builder_version=&#8221;4.27.0&#8243; _module_preset=&#8221;default&#8221; header_font=&#8221;|300|||||||&#8221; header_text_color=&#8221;#FFFFFF&#8221; header_font_size=&#8221;54px&#8221; header_4_font=&#8221;|300|||||||&#8221; header_4_text_color=&#8221;#FFFFFF&#8221; header_4_font_size=&#8221;21px&#8221; header_text_shadow_style=&#8221;preset1&#8243; global_colors_info=&#8221;{}&#8221;]<\/p>\n<h1>EMLID<\/h1>\n<p>[\/et_pb_text][\/et_pb_column][\/et_pb_row][\/et_pb_section][et_pb_section fb_built=&#8221;1&#8243; _builder_version=&#8221;4.16&#8243; _module_preset=&#8221;default&#8221; custom_padding=&#8221;0px||0px|||&#8221; global_colors_info=&#8221;{}&#8221;][et_pb_row _builder_version=&#8221;4.16&#8243; _module_preset=&#8221;default&#8221; width=&#8221;90%&#8221; global_colors_info=&#8221;{}&#8221;][et_pb_column type=&#8221;4_4&#8243; _builder_version=&#8221;4.16&#8243; _module_preset=&#8221;default&#8221; global_colors_info=&#8221;{}&#8221;][et_pb_divider _builder_version=&#8221;4.16&#8243; _module_preset=&#8221;default&#8221; global_colors_info=&#8221;{}&#8221;][\/et_pb_divider][\/et_pb_column][\/et_pb_row][\/et_pb_section][et_pb_section fb_built=&#8221;1&#8243; _builder_version=&#8221;4.16&#8243; _module_preset=&#8221;default&#8221; custom_padding=&#8221;39px||92px|||&#8221; locked=&#8221;off&#8221; global_colors_info=&#8221;{}&#8221;][et_pb_row column_structure=&#8221;1_3,1_3,1_3&#8243; make_equal=&#8221;on&#8221; disabled_on=&#8221;off|off|off&#8221; _builder_version=&#8221;4.16&#8243; _module_preset=&#8221;default&#8221; width=&#8221;95%&#8221; global_colors_info=&#8221;{}&#8221;][et_pb_column type=&#8221;1_3&#8243; _builder_version=&#8221;4.16&#8243; _module_preset=&#8221;default&#8221; global_colors_info=&#8221;{}&#8221;][et_pb_image src=&#8221;https:\/\/hpdrones.pro\/wp-content\/uploads\/2024\/10\/rs3reach.webp&#8221; title_text=&#8221;rs3reach&#8221; _builder_version=&#8221;4.27.0&#8243; _module_preset=&#8221;default&#8221; custom_margin=&#8221;||19px|||&#8221; global_colors_info=&#8221;{}&#8221;][\/et_pb_image][et_pb_text _builder_version=&#8221;4.16&#8243; _module_preset=&#8221;default&#8221; custom_margin=&#8221;||5px|||&#8221; global_colors_info=&#8221;{}&#8221;][\/et_pb_text][et_pb_text _builder_version=&#8221;4.27.0&#8243; _module_preset=&#8221;default&#8221; custom_margin=&#8221;||52px|||&#8221; global_colors_info=&#8221;{}&#8221;]<\/p>\n<h3>REACH RS3<\/h3>\n<p>Compensa\u00e7\u00e3o de inclina\u00e7\u00e3o baseada na IMU no Reach RS3 permite-lhe efetuar medi\u00e7\u00f5es com at\u00e9 60 graus de inclina\u00e7\u00e3o, mantendo uma precis\u00e3o de 20 mm.\u00a0O Reach RS3 mede e corrige continuamente a inclina\u00e7\u00e3o em tempo real para o manter no alvo.<\/p>\n<p>[\/et_pb_text][et_pb_button button_url=&#8221;https:\/\/hpdrones.pro\/pt-pt\/drones\/reach-rs3\/&#8221; button_text=&#8221;ACEDER AO PRODUTO&#8221; button_alignment=&#8221;center&#8221; button_alignment_tablet=&#8221;right&#8221; button_alignment_phone=&#8221;left&#8221; button_alignment_last_edited=&#8221;on|phone&#8221; _builder_version=&#8221;4.27.0&#8243; _module_preset=&#8221;default&#8221; custom_button=&#8221;on&#8221; button_text_size=&#8221;17px&#8221; button_text_color=&#8221;#FFFFFF&#8221; button_bg_color=&#8221;#E02B20&#8243; custom_margin=&#8221;-6px|||||&#8221; global_colors_info=&#8221;{}&#8221;][\/et_pb_button][\/et_pb_column][et_pb_column type=&#8221;1_3&#8243; _builder_version=&#8221;4.16&#8243; _module_preset=&#8221;default&#8221; global_colors_info=&#8221;{}&#8221;][et_pb_image src=&#8221;https:\/\/hpdrones.pro\/wp-content\/uploads\/2024\/10\/Reach-RS2-scaled.webp&#8221; title_text=&#8221;Reach RS2&#8243; _builder_version=&#8221;4.27.0&#8243; _module_preset=&#8221;default&#8221; custom_margin=&#8221;||19px|||&#8221; custom_margin_tablet=&#8221;||19px|||&#8221; custom_margin_phone=&#8221;19px||||false|false&#8221; custom_margin_last_edited=&#8221;on|phone&#8221; global_colors_info=&#8221;{}&#8221;][\/et_pb_image][et_pb_text _builder_version=&#8221;4.16&#8243; _module_preset=&#8221;default&#8221; custom_margin=&#8221;||5px|||&#8221; global_colors_info=&#8221;{}&#8221;][\/et_pb_text][et_pb_text _builder_version=&#8221;4.27.0&#8243; _module_preset=&#8221;default&#8221; custom_margin=&#8221;||52px|||&#8221; global_colors_info=&#8221;{}&#8221;]<\/p>\n<h3>Reach RS2+<\/h3>\n<p>O Reach RS2+ \u00e9 um recetor GNSS multi-constela\u00e7\u00e3o que fornece solu\u00e7\u00f5es fixas em segundos e mant\u00e9m um desempenho robusto mesmo em condi\u00e7\u00f5es dif\u00edceis. Atinge uma precis\u00e3o centim\u00e9trica em dist\u00e2ncias at\u00e9 60 km em RTK e 100 km em PPK. <\/p>\n<\/p>\n<p>[\/et_pb_text][et_pb_button button_url=&#8221;https:\/\/hpdrones.pro\/pt-pt\/drones\/rs2\/&#8221; button_text=&#8221;ACEDER AO PRODUTO&#8221; button_alignment=&#8221;center&#8221; button_alignment_tablet=&#8221;right&#8221; button_alignment_phone=&#8221;left&#8221; button_alignment_last_edited=&#8221;on|phone&#8221; _builder_version=&#8221;4.27.0&#8243; _module_preset=&#8221;default&#8221; custom_button=&#8221;on&#8221; button_text_size=&#8221;17px&#8221; button_text_color=&#8221;#FFFFFF&#8221; button_bg_color=&#8221;#E02B20&#8243; custom_margin=&#8221;-6px|||||&#8221; global_colors_info=&#8221;{}&#8221;][\/et_pb_button][\/et_pb_column][et_pb_column type=&#8221;1_3&#8243; _builder_version=&#8221;4.16&#8243; _module_preset=&#8221;default&#8221; global_colors_info=&#8221;{}&#8221;][et_pb_image src=&#8221;https:\/\/hpdrones.pro\/wp-content\/uploads\/2024\/10\/EMLID_RX-1.png&#8221; title_text=&#8221;EMLID_RX (1)&#8221; _builder_version=&#8221;4.27.0&#8243; _module_preset=&#8221;default&#8221; custom_margin=&#8221;||19px|||&#8221; custom_margin_tablet=&#8221;||19px|||&#8221; custom_margin_phone=&#8221;23px||||false|false&#8221; custom_margin_last_edited=&#8221;on|phone&#8221; global_colors_info=&#8221;{}&#8221;][\/et_pb_image][et_pb_text _builder_version=&#8221;4.16&#8243; _module_preset=&#8221;default&#8221; custom_margin=&#8221;||5px|||&#8221; global_colors_info=&#8221;{}&#8221;][\/et_pb_text][et_pb_text _builder_version=&#8221;4.27.0&#8243; _module_preset=&#8221;default&#8221; custom_margin=&#8221;||53px|||&#8221; global_colors_info=&#8221;{}&#8221;]<\/p>\n<h3>Reach RX<\/h3>\n<p>O Emilid Reach RX \u00e9 um recetor GNSS inovador e ultra-leve, que pesa apenas 250g. Compacto e potente, fornece dados com precis\u00e3o centim\u00e9trica, o que o torna a solu\u00e7\u00e3o ideal para uma vasta gama de aplica\u00e7\u00f5es de topografia, cartografia e constru\u00e7\u00e3o. <\/p>\n<\/p>\n<p>[\/et_pb_text][et_pb_button button_url=&#8221;https:\/\/hpdrones.pro\/pt-pt\/drones\/reach-rx\/&#8221; button_text=&#8221;ACEDER AO PRODUTO&#8221; button_alignment=&#8221;center&#8221; button_alignment_tablet=&#8221;right&#8221; button_alignment_phone=&#8221;left&#8221; button_alignment_last_edited=&#8221;on|phone&#8221; _builder_version=&#8221;4.27.0&#8243; _module_preset=&#8221;default&#8221; custom_button=&#8221;on&#8221; button_text_size=&#8221;17px&#8221; button_text_color=&#8221;#FFFFFF&#8221; button_bg_color=&#8221;#E02B20&#8243; custom_margin=&#8221;-6px|||||&#8221; global_colors_info=&#8221;{}&#8221;][\/et_pb_button][\/et_pb_column][\/et_pb_row][et_pb_row _builder_version=&#8221;4.24.1&#8243; _module_preset=&#8221;default&#8221; global_colors_info=&#8221;{}&#8221;][et_pb_column type=&#8221;4_4&#8243; _builder_version=&#8221;4.24.1&#8243; _module_preset=&#8221;default&#8221; global_colors_info=&#8221;{}&#8221;][\/et_pb_column][\/et_pb_row][et_pb_row _builder_version=&#8221;4.16&#8243; _module_preset=&#8221;default&#8221; width=&#8221;76%&#8221; box_shadow_style=&#8221;preset1&#8243; locked=&#8221;off&#8221; global_colors_info=&#8221;{}&#8221;][et_pb_column type=&#8221;4_4&#8243; _builder_version=&#8221;4.16&#8243; _module_preset=&#8221;default&#8221; global_colors_info=&#8221;{}&#8221;][et_pb_text _builder_version=&#8221;4.16&#8243; _module_preset=&#8221;default&#8221; header_2_text_align=&#8221;center&#8221; header_2_text_color=&#8221;#E02B20&#8243; global_colors_info=&#8221;{}&#8221;]<\/p>\n<h2 id=\"h_55822580341696417285871\">\n            <a href=\"#h_55822580341696417285871\">Contacte-nos<\/a><br \/>\n          <\/h2>\n<p>\n            [ninja_form id=&#8221;4&#8243;]\n          <\/p>\n<p>[\/et_pb_text][\/et_pb_column][\/et_pb_row][\/et_pb_section]<\/p>\n","protected":false},"excerpt":{"rendered":"<p>EMLIDREACH RS3 Compensa\u00e7\u00e3o de inclina\u00e7\u00e3o baseada na IMU no Reach RS3 permite-lhe efetuar medi\u00e7\u00f5es com at\u00e9 60 graus de inclina\u00e7\u00e3o, mantendo uma precis\u00e3o de 20 mm.\u00a0O Reach RS3 mede e corrige continuamente a inclina\u00e7\u00e3o em tempo real para o manter no alvo.Reach RS2+ O Reach RS2+ \u00e9 um recetor GNSS multi-constela\u00e7\u00e3o que fornece solu\u00e7\u00f5es fixas [&hellip;]<\/p>\n","protected":false},"author":3,"featured_media":0,"parent":0,"menu_order":0,"comment_status":"closed","ping_status":"closed","template":"","meta":{"_et_pb_use_builder":"on","_et_pb_old_content":"","_et_gb_content_width":"","footnotes":""},"class_list":["post-19727","page","type-page","status-publish","hentry"],"acf":[],"yoast_head":"<!-- This site is optimized with the Yoast SEO plugin v27.1.1 - https:\/\/yoast.com\/product\/yoast-seo-wordpress\/ -->\n<title>EMLID - HPDRONES<\/title>\n<meta name=\"robots\" content=\"index, follow, max-snippet:-1, max-image-preview:large, max-video-preview:-1\" \/>\n<link rel=\"canonical\" href=\"https:\/\/hpdrones.pro\/pt-pt\/emlid\/\" \/>\n<meta property=\"og:locale\" content=\"pt_PT\" \/>\n<meta property=\"og:type\" content=\"article\" \/>\n<meta property=\"og:title\" content=\"EMLID - HPDRONES\" \/>\n<meta property=\"og:site_name\" content=\"HPDRONES\" \/>\n<meta property=\"article:modified_time\" content=\"2024-12-06T12:45:42+00:00\" \/>\n<meta name=\"twitter:card\" content=\"summary_large_image\" \/>\n<meta name=\"twitter:label1\" content=\"Tempo estimado de leitura\" \/>\n\t<meta name=\"twitter:data1\" content=\"2 minutos\" \/>\n<script type=\"application\/ld+json\" class=\"yoast-schema-graph\">{\"@context\":\"https:\/\/schema.org\",\"@graph\":[{\"@type\":\"WebPage\",\"@id\":\"https:\/\/hpdrones.pro\/pt-pt\/emlid\/\",\"url\":\"https:\/\/hpdrones.pro\/pt-pt\/emlid\/\",\"name\":\"EMLID - HPDRONES\",\"isPartOf\":{\"@id\":\"https:\/\/hpdrones.pro\/pt-pt\/#website\"},\"datePublished\":\"2024-10-17T14:20:18+00:00\",\"dateModified\":\"2024-12-06T12:45:42+00:00\",\"breadcrumb\":{\"@id\":\"https:\/\/hpdrones.pro\/pt-pt\/emlid\/#breadcrumb\"},\"inLanguage\":\"pt-PT\",\"potentialAction\":[{\"@type\":\"ReadAction\",\"target\":[\"https:\/\/hpdrones.pro\/pt-pt\/emlid\/\"]}]},{\"@type\":\"BreadcrumbList\",\"@id\":\"https:\/\/hpdrones.pro\/pt-pt\/emlid\/#breadcrumb\",\"itemListElement\":[{\"@type\":\"ListItem\",\"position\":1,\"name\":\"Portada\",\"item\":\"https:\/\/hpdrones.pro\/pt-pt\/\"},{\"@type\":\"ListItem\",\"position\":2,\"name\":\"EMLID\"}]},{\"@type\":\"WebSite\",\"@id\":\"https:\/\/hpdrones.pro\/pt-pt\/#website\",\"url\":\"https:\/\/hpdrones.pro\/pt-pt\/\",\"name\":\"HPDRONES\",\"description\":\"\",\"publisher\":{\"@id\":\"https:\/\/hpdrones.pro\/pt-pt\/#organization\"},\"potentialAction\":[{\"@type\":\"SearchAction\",\"target\":{\"@type\":\"EntryPoint\",\"urlTemplate\":\"https:\/\/hpdrones.pro\/pt-pt\/?s={search_term_string}\"},\"query-input\":{\"@type\":\"PropertyValueSpecification\",\"valueRequired\":true,\"valueName\":\"search_term_string\"}}],\"inLanguage\":\"pt-PT\"},{\"@type\":\"Organization\",\"@id\":\"https:\/\/hpdrones.pro\/pt-pt\/#organization\",\"name\":\"HPDRONES\",\"url\":\"https:\/\/hpdrones.pro\/pt-pt\/\",\"logo\":{\"@type\":\"ImageObject\",\"inLanguage\":\"pt-PT\",\"@id\":\"https:\/\/hpdrones.pro\/pt-pt\/#\/schema\/logo\/image\/\",\"url\":\"https:\/\/hpdrones.pro\/wp-content\/uploads\/2022\/01\/logo_drone.png\",\"contentUrl\":\"https:\/\/hpdrones.pro\/wp-content\/uploads\/2022\/01\/logo_drone.png\",\"width\":500,\"height\":46,\"caption\":\"HPDRONES\"},\"image\":{\"@id\":\"https:\/\/hpdrones.pro\/pt-pt\/#\/schema\/logo\/image\/\"}}]}<\/script>\n<!-- \/ Yoast SEO plugin. -->","yoast_head_json":{"title":"EMLID - HPDRONES","robots":{"index":"index","follow":"follow","max-snippet":"max-snippet:-1","max-image-preview":"max-image-preview:large","max-video-preview":"max-video-preview:-1"},"canonical":"https:\/\/hpdrones.pro\/pt-pt\/emlid\/","og_locale":"pt_PT","og_type":"article","og_title":"EMLID - HPDRONES","og_site_name":"HPDRONES","article_modified_time":"2024-12-06T12:45:42+00:00","twitter_card":"summary_large_image","twitter_misc":{"Tempo estimado de leitura":"2 minutos"},"schema":{"@context":"https:\/\/schema.org","@graph":[{"@type":"WebPage","@id":"https:\/\/hpdrones.pro\/pt-pt\/emlid\/","url":"https:\/\/hpdrones.pro\/pt-pt\/emlid\/","name":"EMLID - HPDRONES","isPartOf":{"@id":"https:\/\/hpdrones.pro\/pt-pt\/#website"},"datePublished":"2024-10-17T14:20:18+00:00","dateModified":"2024-12-06T12:45:42+00:00","breadcrumb":{"@id":"https:\/\/hpdrones.pro\/pt-pt\/emlid\/#breadcrumb"},"inLanguage":"pt-PT","potentialAction":[{"@type":"ReadAction","target":["https:\/\/hpdrones.pro\/pt-pt\/emlid\/"]}]},{"@type":"BreadcrumbList","@id":"https:\/\/hpdrones.pro\/pt-pt\/emlid\/#breadcrumb","itemListElement":[{"@type":"ListItem","position":1,"name":"Portada","item":"https:\/\/hpdrones.pro\/pt-pt\/"},{"@type":"ListItem","position":2,"name":"EMLID"}]},{"@type":"WebSite","@id":"https:\/\/hpdrones.pro\/pt-pt\/#website","url":"https:\/\/hpdrones.pro\/pt-pt\/","name":"HPDRONES","description":"","publisher":{"@id":"https:\/\/hpdrones.pro\/pt-pt\/#organization"},"potentialAction":[{"@type":"SearchAction","target":{"@type":"EntryPoint","urlTemplate":"https:\/\/hpdrones.pro\/pt-pt\/?s={search_term_string}"},"query-input":{"@type":"PropertyValueSpecification","valueRequired":true,"valueName":"search_term_string"}}],"inLanguage":"pt-PT"},{"@type":"Organization","@id":"https:\/\/hpdrones.pro\/pt-pt\/#organization","name":"HPDRONES","url":"https:\/\/hpdrones.pro\/pt-pt\/","logo":{"@type":"ImageObject","inLanguage":"pt-PT","@id":"https:\/\/hpdrones.pro\/pt-pt\/#\/schema\/logo\/image\/","url":"https:\/\/hpdrones.pro\/wp-content\/uploads\/2022\/01\/logo_drone.png","contentUrl":"https:\/\/hpdrones.pro\/wp-content\/uploads\/2022\/01\/logo_drone.png","width":500,"height":46,"caption":"HPDRONES"},"image":{"@id":"https:\/\/hpdrones.pro\/pt-pt\/#\/schema\/logo\/image\/"}}]}},"_links":{"self":[{"href":"https:\/\/hpdrones.pro\/pt-pt\/wp-json\/wp\/v2\/pages\/19727","targetHints":{"allow":["GET"]}}],"collection":[{"href":"https:\/\/hpdrones.pro\/pt-pt\/wp-json\/wp\/v2\/pages"}],"about":[{"href":"https:\/\/hpdrones.pro\/pt-pt\/wp-json\/wp\/v2\/types\/page"}],"author":[{"embeddable":true,"href":"https:\/\/hpdrones.pro\/pt-pt\/wp-json\/wp\/v2\/users\/3"}],"replies":[{"embeddable":true,"href":"https:\/\/hpdrones.pro\/pt-pt\/wp-json\/wp\/v2\/comments?post=19727"}],"version-history":[{"count":5,"href":"https:\/\/hpdrones.pro\/pt-pt\/wp-json\/wp\/v2\/pages\/19727\/revisions"}],"predecessor-version":[{"id":20012,"href":"https:\/\/hpdrones.pro\/pt-pt\/wp-json\/wp\/v2\/pages\/19727\/revisions\/20012"}],"wp:attachment":[{"href":"https:\/\/hpdrones.pro\/pt-pt\/wp-json\/wp\/v2\/media?parent=19727"}],"curies":[{"name":"wp","href":"https:\/\/api.w.org\/{rel}","templated":true}]}}