{"id":3098,"date":"2022-01-28T12:44:06","date_gmt":"2022-01-28T12:44:06","guid":{"rendered":"https:\/\/hp-drones.com\/quem-somos\/"},"modified":"2026-04-02T11:36:41","modified_gmt":"2026-04-02T11:36:41","slug":"quem-somos","status":"publish","type":"page","link":"https:\/\/hpdrones.pro\/pt-pt\/quem-somos\/","title":{"rendered":"Quem somos"},"content":{"rendered":"<p>[et_pb_section fb_built=&#8221;1&#8243; _builder_version=&#8221;4.16&#8243; _module_preset=&#8221;default&#8221; use_background_color_gradient=&#8221;on&#8221; background_color_gradient_stops=&#8221;rgba(0,0,0,0.53) 0%|rgba(0,0,0,0.24) 100%&#8221; background_color_gradient_overlays_image=&#8221;on&#8221; background_color_gradient_start=&#8221;rgba(0,0,0,0.53)&#8221; background_color_gradient_end=&#8221;rgba(0,0,0,0.24)&#8221; background_image=&#8221;https:\/\/hpdrones.pro\/wp-content\/uploads\/2022\/01\/portada.jpg&#8221; custom_padding=&#8221;73px||73px||true|false&#8221; global_colors_info=&#8221;{}&#8221;][et_pb_row use_custom_gutter=&#8221;on&#8221; make_equal=&#8221;on&#8221; custom_padding_last_edited=&#8221;on|phone&#8221; _builder_version=&#8221;4.16&#8243; _module_preset=&#8221;default&#8221; width=&#8221;90%&#8221; custom_padding=&#8221;46px||0px||false|&#8221; custom_padding_tablet=&#8221;46px||0px||false|&#8221; custom_padding_phone=&#8221;88px||||false|false&#8221; global_colors_info=&#8221;{}&#8221;][et_pb_column type=&#8221;4_4&#8243; _builder_version=&#8221;4.16&#8243; _module_preset=&#8221;default&#8221; global_colors_info=&#8221;{}&#8221;][et_pb_text _builder_version=&#8221;4.16&#8243; _module_preset=&#8221;default&#8221; header_font=&#8221;|300|||||||&#8221; header_text_color=&#8221;#FFFFFF&#8221; header_font_size=&#8221;54px&#8221; header_4_font=&#8221;|300|||||||&#8221; header_4_text_color=&#8221;#FFFFFF&#8221; header_4_font_size=&#8221;21px&#8221; header_text_shadow_style=&#8221;preset1&#8243; global_colors_info=&#8221;{}&#8221;]<\/p>\n<h1>QUEM SOMOS<\/h1>\n<h4>Marca l\u00edder na Pen\u00ednsula Ib\u00e9rica em conhecimento, marketing e servi\u00e7os prestados por drones.<\/h4>\n<p>[\/et_pb_text][\/et_pb_column][\/et_pb_row][\/et_pb_section][et_pb_section fb_built=&#8221;1&#8243; _builder_version=&#8221;4.16&#8243; _module_preset=&#8221;default&#8221; custom_padding=&#8221;0px||0px|||&#8221; global_colors_info=&#8221;{}&#8221;][et_pb_row _builder_version=&#8221;4.16&#8243; _module_preset=&#8221;default&#8221; width=&#8221;90%&#8221; global_colors_info=&#8221;{}&#8221;][et_pb_column type=&#8221;4_4&#8243; _builder_version=&#8221;4.16&#8243; _module_preset=&#8221;default&#8221; global_colors_info=&#8221;{}&#8221;][et_pb_divider _builder_version=&#8221;4.16&#8243; _module_preset=&#8221;default&#8221; global_colors_info=&#8221;{}&#8221;][\/et_pb_divider][et_pb_button button_url=&#8221;https:\/\/hpdrones.pro\/pt-pt\/contacto\/&#8221; button_text=&#8221;CONTACTO&#8221; button_alignment=&#8221;center&#8221; _builder_version=&#8221;4.27.0&#8243; _module_preset=&#8221;default&#8221; custom_button=&#8221;on&#8221; button_text_size=&#8221;22px&#8221; button_text_color=&#8221;#7f1818&#8243; button_bg_color=&#8221;RGBA(255,255,255,0)&#8221; button_border_radius=&#8221;3px&#8221; background_layout=&#8221;dark&#8221; hover_enabled=&#8221;0&#8243; locked=&#8221;off&#8221; global_colors_info=&#8221;{}&#8221; sticky_enabled=&#8221;0&#8243;][\/et_pb_button][\/et_pb_column][\/et_pb_row][\/et_pb_section][et_pb_section fb_built=&#8221;1&#8243; custom_padding_last_edited=&#8221;on|phone&#8221; _builder_version=&#8221;4.16&#8243; _module_preset=&#8221;default&#8221; custom_padding=&#8221;43px||43px||true|&#8221; custom_padding_tablet=&#8221;43px||43px||true|&#8221; custom_padding_phone=&#8221;0px||0px||true|false&#8221; global_colors_info=&#8221;{}&#8221;][et_pb_row column_structure=&#8221;1_2,1_2&#8243; use_custom_gutter=&#8221;on&#8221; gutter_width=&#8221;1&#8243; make_equal=&#8221;on&#8221; custom_padding_last_edited=&#8221;on|phone&#8221; disabled_on=&#8221;off|off|off&#8221; _builder_version=&#8221;4.16&#8243; _module_preset=&#8221;default&#8221; width=&#8221;90%&#8221; custom_margin=&#8221;||||true|false&#8221; custom_padding=&#8221;||||true|false&#8221; custom_padding_tablet=&#8221;||||true|false&#8221; custom_padding_phone=&#8221;0px||0px||true|false&#8221; global_colors_info=&#8221;{}&#8221;][et_pb_column type=&#8221;1_2&#8243; _builder_version=&#8221;4.16&#8243; _module_preset=&#8221;default&#8221; background_color=&#8221;#c11919&#8243; custom_padding=&#8221;147px|62px|147px|62px|true|true&#8221; custom_padding_tablet=&#8221;147px|62px|147px|62px|true|true&#8221; custom_padding_phone=&#8221;65px|30px|65px|30px|true|true&#8221; custom_padding_last_edited=&#8221;on|phone&#8221; global_colors_info=&#8221;{}&#8221;][et_pb_text _builder_version=&#8221;4.16&#8243; _module_preset=&#8221;default&#8221; text_text_color=&#8221;#FFFFFF&#8221; text_font_size=&#8221;19px&#8221; header_2_font=&#8221;|800|||||||&#8221; header_2_text_color=&#8221;#FFFFFF&#8221; header_2_font_size=&#8221;35px&#8221; global_colors_info=&#8221;{}&#8221;]<\/p>\n<h2><strong>ESPECIALISTAS EM UAVs <\/strong><\/h2>\n<p style=\"text-align: justify;\"><span style=\"font-weight: 400;\"><br \/><\/span><span class=\"S1PPyQ\">A <\/span><span class=\"S1PPyQ\">HPDRONES<\/span><span class=\"S1PPyQ\"> \u00e9 uma empresa portuguesa especializada em ve\u00edculos a\u00e9reos n\u00e3o tripulados. \u00c9 a marca l\u00edder na Pen\u00ednsula Ib\u00e9rica no conhecimento, marketing e servi\u00e7os prestados por drones.<\/span><\/p>\n<p style=\"text-align: justify;\"><span class=\"S1PPyQ\">Comprometemo-nos a expandir e a prestar as melhores solu\u00e7\u00f5es do mercado. A nossa presen\u00e7a tem sido fulcral em eventos, forma\u00e7\u00f5es, apresenta\u00e7\u00f5es e atividades de demonstra\u00e7\u00e3o no conhecimento do mundo dos drones e tecnologia. Atrav\u00e9s dos lan\u00e7amentos de grandes marcas que representamos, tivemos a possibilidade de estar cada vez mais perto dos nossos clientes, criar contactos e fortalecer as rela\u00e7\u00f5es j\u00e1 existentes.<\/span><\/p>\n<p>[\/et_pb_text][\/et_pb_column][et_pb_column type=&#8221;1_2&#8243; _builder_version=&#8221;4.16&#8243; _module_preset=&#8221;default&#8221; background_enable_color=&#8221;off&#8221; background_image=&#8221;https:\/\/hpdrones.pro\/wp-content\/uploads\/2022\/04\/CanonR5037-scaled.jpg&#8221; custom_padding=&#8221;147px|62px|147px|62px|true|true&#8221; global_colors_info=&#8221;{}&#8221;][et_pb_divider show_divider=&#8221;off&#8221; _builder_version=&#8221;4.16&#8243; _module_preset=&#8221;default&#8221; global_colors_info=&#8221;{}&#8221;][\/et_pb_divider][\/et_pb_column][\/et_pb_row][et_pb_row column_structure=&#8221;1_2,1_2&#8243; use_custom_gutter=&#8221;on&#8221; gutter_width=&#8221;1&#8243; make_equal=&#8221;on&#8221; _builder_version=&#8221;4.16&#8243; _module_preset=&#8221;default&#8221; width=&#8221;90%&#8221; custom_margin=&#8221;||||true|false&#8221; custom_margin_tablet=&#8221;||||true|false&#8221; custom_margin_phone=&#8221;17px||17px||true|false&#8221; custom_margin_last_edited=&#8221;on|phone&#8221; custom_padding=&#8221;0px||0px||true|false&#8221; global_colors_info=&#8221;{}&#8221;][et_pb_column type=&#8221;1_2&#8243; _builder_version=&#8221;4.16&#8243; _module_preset=&#8221;default&#8221; background_enable_color=&#8221;off&#8221; background_image=&#8221;https:\/\/hpdrones.pro\/wp-content\/uploads\/2023\/04\/PT.webp&#8221; background_size=&#8221;contain&#8221; custom_padding=&#8221;147px|0px|147px|0px|true|true&#8221; global_colors_info=&#8221;{}&#8221;][et_pb_divider show_divider=&#8221;off&#8221; _builder_version=&#8221;4.16&#8243; _module_preset=&#8221;default&#8221; locked=&#8221;off&#8221; global_colors_info=&#8221;{}&#8221;][\/et_pb_divider][\/et_pb_column][et_pb_column type=&#8221;1_2&#8243; _builder_version=&#8221;4.16&#8243; _module_preset=&#8221;default&#8221; background_color=&#8221;rgba(10,0,0,0.9)&#8221; custom_padding=&#8221;147px|62px|147px|62px|true|true&#8221; custom_padding_tablet=&#8221;147px|62px|147px|62px|true|true&#8221; custom_padding_phone=&#8221;65px|30px|65px|30px|true|true&#8221; custom_padding_last_edited=&#8221;on|phone&#8221; global_colors_info=&#8221;{}&#8221;][et_pb_text _builder_version=&#8221;4.16&#8243; _module_preset=&#8221;default&#8221; text_text_color=&#8221;#FFFFFF&#8221; text_font_size=&#8221;19px&#8221; header_2_font=&#8221;|800|||||||&#8221; header_2_text_color=&#8221;#FFFFFF&#8221; header_2_font_size=&#8221;35px&#8221; global_colors_info=&#8221;{}&#8221;]<\/p>\n<h2 style=\"text-align: justify;\"><strong>EM QUE CONSISTE O CONCEITO 360\u00ba?<\/strong><\/h2>\n<p style=\"text-align: justify;\"><span style=\"font-weight: 400;\">\u00a0<\/span><\/p>\n<p style=\"text-align: justify;\">Este conceito surge com a inten\u00e7\u00e3o de garantir ao cliente um acompanhamento constante do modelo\/solu\u00e7\u00e3o adquirida \u00e0 <strong>HPDRONES<\/strong>, bem como um conhecimento profundo das suas funcionalidades, permitindo assim que o modelo tenha uma maior longevidade e cumpra com sucesso os objetivos para os quais foi adquirido.<\/p>\n<p style=\"text-align: justify;\">A rela\u00e7\u00e3o entre a empresa e o cliente \u00e9 fundamental.\u00a0 Garantimos ao nosso cliente a assist\u00eancia adequada para cada situa\u00e7\u00e3o. Para este fim, temos um centro de repara\u00e7\u00e3o e manuten\u00e7\u00e3o. <span class=\"S1PPyQ\">Garantimos o acompanhamento constante e atualiza\u00e7\u00e3o dos seus modelos. Caso surja o desejo ou necessidade de evolu\u00e7\u00e3o, podemos fazer o upgrade do seu equipamento.<\/span><\/p>\n<p style=\"text-align: justify;\"><strong>A satisfa\u00e7\u00e3o do cliente \u00e9 o nosso limite.<\/strong><\/p>\n<p style=\"text-align: justify;\"><strong>SERVI\u00c7OS<\/strong><\/p>\n<ul>\n<li style=\"text-align: justify;\">Consultoria<\/li>\n<li style=\"text-align: justify;\">Forma\u00e7\u00e3o<\/li>\n<li style=\"text-align: justify;\">Projetos<\/li>\n<li style=\"text-align: justify;\">Repara\u00e7\u00e3o<\/li>\n<li style=\"text-align: justify;\">Actualiza\u00e7\u00e3o (actualiza\u00e7\u00e3o de equipamento)<\/li>\n<li style=\"text-align: justify;\">Apoio (recolha de dados, processamento)<\/li>\n<\/ul>\n<p>[\/et_pb_text][\/et_pb_column][\/et_pb_row][et_pb_row column_structure=&#8221;1_2,1_2&#8243; use_custom_gutter=&#8221;on&#8221; gutter_width=&#8221;1&#8243; make_equal=&#8221;on&#8221; _builder_version=&#8221;4.16&#8243; _module_preset=&#8221;default&#8221; width=&#8221;90%&#8221; custom_margin=&#8221;||||true|false&#8221; custom_padding=&#8221;||||true|false&#8221; global_colors_info=&#8221;{}&#8221;][et_pb_column type=&#8221;1_2&#8243; _builder_version=&#8221;4.16&#8243; _module_preset=&#8221;default&#8221; background_color=&#8221;#c11919&#8243; custom_padding=&#8221;147px|62px|147px|62px|true|true&#8221; custom_padding_tablet=&#8221;147px|62px|147px|62px|true|true&#8221; custom_padding_phone=&#8221;65px|30px|65px|30px|true|true&#8221; custom_padding_last_edited=&#8221;on|phone&#8221; global_colors_info=&#8221;{}&#8221;][et_pb_text _builder_version=&#8221;4.16&#8243; _module_preset=&#8221;default&#8221; text_text_color=&#8221;#FFFFFF&#8221; text_font_size=&#8221;19px&#8221; header_2_font=&#8221;|800|||||||&#8221; header_2_text_color=&#8221;#FFFFFF&#8221; header_2_font_size=&#8221;35px&#8221; global_colors_info=&#8221;{}&#8221;]<\/p>\n<h2 style=\"text-align: justify;\"><strong>ASSIST\u00caNCIA T\u00c9CNICA<\/strong><\/h2>\n<p style=\"text-align: justify;\"><span style=\"font-weight: 400;\">\u00a0<\/span><\/p>\n<p style=\"text-align: justify;\"><strong>Precisa de ajuda com o seu drone?<\/strong><\/p>\n<p style=\"text-align: justify;\">No caso de uma avaria, tratamos de tudo. Temos uma equipa de profissionais formados e certificados para a repara\u00e7\u00e3o e manuten\u00e7\u00e3o de drones de asa fixa e rotativa (multirotors).<\/p>\n<p style=\"text-align: justify;\"><strong>HPDRONES<\/strong> \u00e9 o representante e distribuidor oficial da DJI, DJI Enterprise, Micasense, YellowScan, PIX4D e Quantum Systems.<\/p>\n<p style=\"text-align: justify;\">A nossa equipa garante um servi\u00e7o excelente e personalizado. Desde o or\u00e7amento at\u00e9 \u00e0 manuten\u00e7\u00e3o ou repara\u00e7\u00e3o do seu equipamento.<\/p>\n<p style=\"text-align: justify;\">Enquanto o seu drone est\u00e1 connosco, tem a possibilidade de alugar um modelo, para que possa manter o seu neg\u00f3cio sem mais investimentos!<\/p>\n<p style=\"text-align: justify;\">N\u00e3o hesite em contactar-nos.<\/p>\n<p>[\/et_pb_text][\/et_pb_column][et_pb_column type=&#8221;1_2&#8243; _builder_version=&#8221;4.16&#8243; _module_preset=&#8221;default&#8221; background_enable_color=&#8221;off&#8221; background_image=&#8221;https:\/\/hpdrones.pro\/wp-content\/uploads\/2022\/01\/queienessomos2.jpg&#8221; custom_padding=&#8221;147px|0px|147px|0px|true|true&#8221; global_colors_info=&#8221;{}&#8221;][et_pb_divider show_divider=&#8221;off&#8221; _builder_version=&#8221;4.16&#8243; _module_preset=&#8221;default&#8221; locked=&#8221;off&#8221; global_colors_info=&#8221;{}&#8221;][\/et_pb_divider][\/et_pb_column][\/et_pb_row][et_pb_row column_structure=&#8221;1_2,1_2&#8243; use_custom_gutter=&#8221;on&#8221; gutter_width=&#8221;1&#8243; make_equal=&#8221;on&#8221; _builder_version=&#8221;4.16&#8243; _module_preset=&#8221;default&#8221; width=&#8221;90%&#8221; custom_margin=&#8221;||||true|false&#8221; custom_padding=&#8221;||||true|false&#8221; global_colors_info=&#8221;{}&#8221;][et_pb_column type=&#8221;1_2&#8243; _builder_version=&#8221;4.16&#8243; _module_preset=&#8221;default&#8221; background_enable_color=&#8221;off&#8221; background_image=&#8221;https:\/\/hpdrones.pro\/wp-content\/uploads\/2022\/08\/store-hpdrones-dji-portugal-scaled.jpg&#8221; custom_padding=&#8221;147px|0px|147px|0px|true|true&#8221; global_colors_info=&#8221;{}&#8221;][et_pb_divider show_divider=&#8221;off&#8221; _builder_version=&#8221;4.16&#8243; _module_preset=&#8221;default&#8221; locked=&#8221;off&#8221; global_colors_info=&#8221;{}&#8221;][\/et_pb_divider][\/et_pb_column][et_pb_column type=&#8221;1_2&#8243; _builder_version=&#8221;4.16&#8243; _module_preset=&#8221;default&#8221; background_color=&#8221;rgba(10,0,0,0.9)&#8221; custom_padding=&#8221;147px|62px|147px|62px|true|true&#8221; custom_padding_tablet=&#8221;147px|62px|147px|62px|true|true&#8221; custom_padding_phone=&#8221;65px|30px|65px|30px|true|true&#8221; custom_padding_last_edited=&#8221;on|phone&#8221; global_colors_info=&#8221;{}&#8221;][et_pb_text _builder_version=&#8221;4.16&#8243; _module_preset=&#8221;default&#8221; text_text_color=&#8221;#FFFFFF&#8221; text_font_size=&#8221;19px&#8221; header_2_font=&#8221;|800|||||||&#8221; header_2_text_color=&#8221;#FFFFFF&#8221; header_2_font_size=&#8221;35px&#8221; global_colors_info=&#8221;{}&#8221;]<\/p>\n<h2><strong>OBJETIVOS<\/strong><\/h2>\n<p style=\"text-align: justify;\"><span style=\"font-weight: 400;\">\u00a0<\/span><\/p>\n<ul style=\"text-align: justify;\">\n<li style=\"font-weight: 400;\" aria-level=\"1\">Assumir um estatuto de confian\u00e7a no marketing, servi\u00e7os de drone e novas tecnologias.<\/li>\n<\/ul>\n<p style=\"text-align: justify;\"><span style=\"font-weight: 400;\"><\/span><\/p>\n<ul style=\"text-align: justify;\">\n<li style=\"font-weight: 400;\" aria-level=\"1\">Ter uma vis\u00e3o do mercado e estar a par de todas as inova\u00e7\u00f5es no mundo tecnol\u00f3gico e nas \u00e1reas em que trabalhamos.<\/li>\n<\/ul>\n<p style=\"text-align: justify;\"><span style=\"font-weight: 400;\"><\/span><\/p>\n<ul style=\"text-align: justify;\">\n<li style=\"font-weight: 400;\" aria-level=\"1\">Estabelecer uma rela\u00e7\u00e3o honesta e s\u00f3lida com os nossos clientes, parceiros e patrocinadores.<\/li>\n<\/ul>\n<p style=\"text-align: justify;\"><span style=\"font-weight: 400;\"><\/span><\/p>\n<ul>\n<li style=\"font-weight: 400; text-align: justify;\" aria-level=\"1\">Fazer cumprir todos os compromissos da empresa.<\/li>\n<\/ul>\n<p>[\/et_pb_text][\/et_pb_column][\/et_pb_row][et_pb_row column_structure=&#8221;1_2,1_2&#8243; use_custom_gutter=&#8221;on&#8221; gutter_width=&#8221;1&#8243; make_equal=&#8221;on&#8221; _builder_version=&#8221;4.16&#8243; _module_preset=&#8221;default&#8221; width=&#8221;90%&#8221; custom_margin=&#8221;||||true|false&#8221; custom_margin_tablet=&#8221;||||true|false&#8221; custom_margin_phone=&#8221;||75px||false|false&#8221; custom_margin_last_edited=&#8221;on|phone&#8221; custom_padding=&#8221;30px||30px||true|false&#8221; global_colors_info=&#8221;{}&#8221;][et_pb_column type=&#8221;1_2&#8243; _builder_version=&#8221;4.16&#8243; _module_preset=&#8221;default&#8221; background_color=&#8221;#c11919&#8243; custom_padding=&#8221;147px|62px|147px|62px|true|true&#8221; custom_padding_tablet=&#8221;147px|62px|147px|62px|true|true&#8221; custom_padding_phone=&#8221;65px|30px|65px|30px|true|true&#8221; custom_padding_last_edited=&#8221;on|phone&#8221; global_colors_info=&#8221;{}&#8221;][et_pb_text _builder_version=&#8221;4.16&#8243; _module_preset=&#8221;default&#8221; text_text_color=&#8221;#FFFFFF&#8221; text_font_size=&#8221;19px&#8221; header_2_font=&#8221;|800|||||||&#8221; header_2_text_color=&#8221;#FFFFFF&#8221; header_2_font_size=&#8221;35px&#8221; global_colors_info=&#8221;{}&#8221;]<\/p>\n<h2 style=\"text-align: justify;\"><strong>MISS\u00c3O E VALORES<\/strong><\/h2>\n<p class=\"_04xlpA direction-ltr align-justify para-style-body\"><span class=\"S1PPyQ\">Aliados \u00e0 \u00e9tica, confian\u00e7a e autenticidade, o nosso objetivo principal \u00e9 alcan\u00e7ar grandes resultados junto dos nossos clientes, fornecedores e patrocinadores, garantindo um grau de excel\u00eancia nos nossos servi\u00e7os de venda e p\u00f3s-venda.<\/span><\/p>\n<p class=\"_04xlpA direction-ltr align-justify para-style-body\"><span class=\"S1PPyQ\">Propomo-nos a preservar as solu\u00e7\u00f5es \u00fanicas no mercado, facultando todo o apoio necess\u00e1rio nas mais diversas \u00e1reas. Agricultura, seguran\u00e7a p\u00fablica e privada, inspe\u00e7\u00e3o e topografia. Isto tudo, enquanto assumimos um estatuto de confian\u00e7a no marketing, servi\u00e7os de drones e novas tecnologias.<\/span><\/p>\n<p class=\"_04xlpA direction-ltr align-justify para-style-body\"><span class=\"S1PPyQ\">Promovemos condi\u00e7\u00f5es seguras e apropriadas em todos os momentos, criando valor com as diferentes gera\u00e7\u00f5es.<\/span><\/p>\n<p class=\"_04xlpA direction-ltr align-justify para-style-body\"><span class=\"S1PPyQ\">Temos a nosso favor uma vis\u00e3o do mercado e t\u00e9cnicos especializados que est\u00e3o a par de todas as inova\u00e7\u00f5es no mundo tecnol\u00f3gico e na \u00e1rea dos UAV.<\/span><\/p>\n<p>[\/et_pb_text][\/et_pb_column][et_pb_column type=&#8221;1_2&#8243; _builder_version=&#8221;4.16&#8243; _module_preset=&#8221;default&#8221; background_enable_color=&#8221;off&#8221; background_image=&#8221;https:\/\/hpdrones.pro\/wp-content\/uploads\/2022\/01\/queienessomos4.jpg&#8221; background_position=&#8221;bottom_left&#8221; custom_padding=&#8221;147px|0px|147px|0px|true|true&#8221; global_colors_info=&#8221;{}&#8221;][et_pb_divider show_divider=&#8221;off&#8221; _builder_version=&#8221;4.16&#8243; _module_preset=&#8221;default&#8221; locked=&#8221;off&#8221; global_colors_info=&#8221;{}&#8221;][\/et_pb_divider][\/et_pb_column][\/et_pb_row][\/et_pb_section]<\/p>\n","protected":false},"excerpt":{"rendered":"<p>QUEM SOMOS Marca l\u00edder na Pen\u00ednsula Ib\u00e9rica em conhecimento, marketing e servi\u00e7os prestados por drones.ESPECIALISTAS EM UAVs A HPDRONES \u00e9 uma empresa portuguesa especializada em ve\u00edculos a\u00e9reos n\u00e3o tripulados. \u00c9 a marca l\u00edder na Pen\u00ednsula Ib\u00e9rica no conhecimento, marketing e servi\u00e7os prestados por drones. Comprometemo-nos a expandir e a prestar as melhores solu\u00e7\u00f5es do mercado. [&hellip;]<\/p>\n","protected":false},"author":1,"featured_media":0,"parent":0,"menu_order":0,"comment_status":"closed","ping_status":"closed","template":"","meta":{"_et_pb_use_builder":"on","_et_pb_old_content":"","_et_gb_content_width":"","footnotes":""},"class_list":["post-3098","page","type-page","status-publish","hentry"],"acf":[],"yoast_head":"<!-- This site is optimized with the Yoast SEO plugin v27.1.1 - https:\/\/yoast.com\/product\/yoast-seo-wordpress\/ -->\n<title>Quem somos - HPDRONES<\/title>\n<meta name=\"description\" content=\"HPDRONES \u00e9 a marca l\u00edder na Pen\u00ednsula Ib\u00e9rica em conhecimento, marketing e servi\u00e7os prestados por zang\u00f5es, somos especialistas em UAV!\" \/>\n<meta name=\"robots\" content=\"index, follow, max-snippet:-1, max-image-preview:large, max-video-preview:-1\" \/>\n<link rel=\"canonical\" href=\"https:\/\/hpdrones.pro\/pt-pt\/quem-somos\/\" \/>\n<meta property=\"og:locale\" content=\"pt_PT\" \/>\n<meta property=\"og:type\" content=\"article\" \/>\n<meta property=\"og:title\" content=\"Quem somos - HPDRONES\" \/>\n<meta property=\"og:description\" content=\"HPDRONES \u00e9 a marca l\u00edder na Pen\u00ednsula Ib\u00e9rica em conhecimento, marketing e servi\u00e7os prestados por zang\u00f5es, somos especialistas em UAV!\" \/>\n<meta property=\"og:site_name\" content=\"HPDRONES\" \/>\n<meta property=\"article:modified_time\" content=\"2026-04-02T11:36:41+00:00\" \/>\n<meta name=\"twitter:card\" content=\"summary_large_image\" \/>\n<meta name=\"twitter:label1\" content=\"Tempo estimado de leitura\" \/>\n\t<meta name=\"twitter:data1\" content=\"3 minutos\" \/>\n<script type=\"application\/ld+json\" class=\"yoast-schema-graph\">{\"@context\":\"https:\/\/schema.org\",\"@graph\":[{\"@type\":\"WebPage\",\"@id\":\"https:\/\/hpdrones.pro\/pt-pt\/quem-somos\/\",\"url\":\"https:\/\/hpdrones.pro\/pt-pt\/quem-somos\/\",\"name\":\"Quem somos - HPDRONES\",\"isPartOf\":{\"@id\":\"https:\/\/hpdrones.pro\/pt-pt\/#website\"},\"datePublished\":\"2022-01-28T12:44:06+00:00\",\"dateModified\":\"2026-04-02T11:36:41+00:00\",\"description\":\"HPDRONES \u00e9 a marca l\u00edder na Pen\u00ednsula Ib\u00e9rica em conhecimento, marketing e servi\u00e7os prestados por zang\u00f5es, somos especialistas em UAV!\",\"breadcrumb\":{\"@id\":\"https:\/\/hpdrones.pro\/pt-pt\/quem-somos\/#breadcrumb\"},\"inLanguage\":\"pt-PT\",\"potentialAction\":[{\"@type\":\"ReadAction\",\"target\":[\"https:\/\/hpdrones.pro\/pt-pt\/quem-somos\/\"]}]},{\"@type\":\"BreadcrumbList\",\"@id\":\"https:\/\/hpdrones.pro\/pt-pt\/quem-somos\/#breadcrumb\",\"itemListElement\":[{\"@type\":\"ListItem\",\"position\":1,\"name\":\"Portada\",\"item\":\"https:\/\/hpdrones.pro\/pt-pt\/\"},{\"@type\":\"ListItem\",\"position\":2,\"name\":\"Quem somos\"}]},{\"@type\":\"WebSite\",\"@id\":\"https:\/\/hpdrones.pro\/pt-pt\/#website\",\"url\":\"https:\/\/hpdrones.pro\/pt-pt\/\",\"name\":\"HPDRONES\",\"description\":\"\",\"publisher\":{\"@id\":\"https:\/\/hpdrones.pro\/pt-pt\/#organization\"},\"potentialAction\":[{\"@type\":\"SearchAction\",\"target\":{\"@type\":\"EntryPoint\",\"urlTemplate\":\"https:\/\/hpdrones.pro\/pt-pt\/?s={search_term_string}\"},\"query-input\":{\"@type\":\"PropertyValueSpecification\",\"valueRequired\":true,\"valueName\":\"search_term_string\"}}],\"inLanguage\":\"pt-PT\"},{\"@type\":\"Organization\",\"@id\":\"https:\/\/hpdrones.pro\/pt-pt\/#organization\",\"name\":\"HPDRONES\",\"url\":\"https:\/\/hpdrones.pro\/pt-pt\/\",\"logo\":{\"@type\":\"ImageObject\",\"inLanguage\":\"pt-PT\",\"@id\":\"https:\/\/hpdrones.pro\/pt-pt\/#\/schema\/logo\/image\/\",\"url\":\"https:\/\/hpdrones.pro\/wp-content\/uploads\/2022\/01\/logo_drone.png\",\"contentUrl\":\"https:\/\/hpdrones.pro\/wp-content\/uploads\/2022\/01\/logo_drone.png\",\"width\":500,\"height\":46,\"caption\":\"HPDRONES\"},\"image\":{\"@id\":\"https:\/\/hpdrones.pro\/pt-pt\/#\/schema\/logo\/image\/\"}}]}<\/script>\n<!-- \/ Yoast SEO plugin. -->","yoast_head_json":{"title":"Quem somos - HPDRONES","description":"HPDRONES \u00e9 a marca l\u00edder na Pen\u00ednsula Ib\u00e9rica em conhecimento, marketing e servi\u00e7os prestados por zang\u00f5es, somos especialistas em UAV!","robots":{"index":"index","follow":"follow","max-snippet":"max-snippet:-1","max-image-preview":"max-image-preview:large","max-video-preview":"max-video-preview:-1"},"canonical":"https:\/\/hpdrones.pro\/pt-pt\/quem-somos\/","og_locale":"pt_PT","og_type":"article","og_title":"Quem somos - HPDRONES","og_description":"HPDRONES \u00e9 a marca l\u00edder na Pen\u00ednsula Ib\u00e9rica em conhecimento, marketing e servi\u00e7os prestados por zang\u00f5es, somos especialistas em UAV!","og_site_name":"HPDRONES","article_modified_time":"2026-04-02T11:36:41+00:00","twitter_card":"summary_large_image","twitter_misc":{"Tempo estimado de leitura":"3 minutos"},"schema":{"@context":"https:\/\/schema.org","@graph":[{"@type":"WebPage","@id":"https:\/\/hpdrones.pro\/pt-pt\/quem-somos\/","url":"https:\/\/hpdrones.pro\/pt-pt\/quem-somos\/","name":"Quem somos - HPDRONES","isPartOf":{"@id":"https:\/\/hpdrones.pro\/pt-pt\/#website"},"datePublished":"2022-01-28T12:44:06+00:00","dateModified":"2026-04-02T11:36:41+00:00","description":"HPDRONES \u00e9 a marca l\u00edder na Pen\u00ednsula Ib\u00e9rica em conhecimento, marketing e servi\u00e7os prestados por zang\u00f5es, somos especialistas em UAV!","breadcrumb":{"@id":"https:\/\/hpdrones.pro\/pt-pt\/quem-somos\/#breadcrumb"},"inLanguage":"pt-PT","potentialAction":[{"@type":"ReadAction","target":["https:\/\/hpdrones.pro\/pt-pt\/quem-somos\/"]}]},{"@type":"BreadcrumbList","@id":"https:\/\/hpdrones.pro\/pt-pt\/quem-somos\/#breadcrumb","itemListElement":[{"@type":"ListItem","position":1,"name":"Portada","item":"https:\/\/hpdrones.pro\/pt-pt\/"},{"@type":"ListItem","position":2,"name":"Quem somos"}]},{"@type":"WebSite","@id":"https:\/\/hpdrones.pro\/pt-pt\/#website","url":"https:\/\/hpdrones.pro\/pt-pt\/","name":"HPDRONES","description":"","publisher":{"@id":"https:\/\/hpdrones.pro\/pt-pt\/#organization"},"potentialAction":[{"@type":"SearchAction","target":{"@type":"EntryPoint","urlTemplate":"https:\/\/hpdrones.pro\/pt-pt\/?s={search_term_string}"},"query-input":{"@type":"PropertyValueSpecification","valueRequired":true,"valueName":"search_term_string"}}],"inLanguage":"pt-PT"},{"@type":"Organization","@id":"https:\/\/hpdrones.pro\/pt-pt\/#organization","name":"HPDRONES","url":"https:\/\/hpdrones.pro\/pt-pt\/","logo":{"@type":"ImageObject","inLanguage":"pt-PT","@id":"https:\/\/hpdrones.pro\/pt-pt\/#\/schema\/logo\/image\/","url":"https:\/\/hpdrones.pro\/wp-content\/uploads\/2022\/01\/logo_drone.png","contentUrl":"https:\/\/hpdrones.pro\/wp-content\/uploads\/2022\/01\/logo_drone.png","width":500,"height":46,"caption":"HPDRONES"},"image":{"@id":"https:\/\/hpdrones.pro\/pt-pt\/#\/schema\/logo\/image\/"}}]}},"_links":{"self":[{"href":"https:\/\/hpdrones.pro\/pt-pt\/wp-json\/wp\/v2\/pages\/3098","targetHints":{"allow":["GET"]}}],"collection":[{"href":"https:\/\/hpdrones.pro\/pt-pt\/wp-json\/wp\/v2\/pages"}],"about":[{"href":"https:\/\/hpdrones.pro\/pt-pt\/wp-json\/wp\/v2\/types\/page"}],"author":[{"embeddable":true,"href":"https:\/\/hpdrones.pro\/pt-pt\/wp-json\/wp\/v2\/users\/1"}],"replies":[{"embeddable":true,"href":"https:\/\/hpdrones.pro\/pt-pt\/wp-json\/wp\/v2\/comments?post=3098"}],"version-history":[{"count":2,"href":"https:\/\/hpdrones.pro\/pt-pt\/wp-json\/wp\/v2\/pages\/3098\/revisions"}],"predecessor-version":[{"id":25363,"href":"https:\/\/hpdrones.pro\/pt-pt\/wp-json\/wp\/v2\/pages\/3098\/revisions\/25363"}],"wp:attachment":[{"href":"https:\/\/hpdrones.pro\/pt-pt\/wp-json\/wp\/v2\/media?parent=3098"}],"curies":[{"name":"wp","href":"https:\/\/api.w.org\/{rel}","templated":true}]}}