{"id":3099,"date":"2022-02-17T17:51:37","date_gmt":"2022-02-17T17:51:37","guid":{"rendered":"https:\/\/hp-drones.com\/assistencia-tecnica\/"},"modified":"2026-04-13T16:31:43","modified_gmt":"2026-04-13T16:31:43","slug":"assistencia-tecnica","status":"publish","type":"page","link":"https:\/\/hpdrones.pro\/pt-pt\/assistencia-tecnica\/","title":{"rendered":"Assist\u00eancia T\u00e9cnica"},"content":{"rendered":"<p>[et_pb_section fb_built=&#8221;1&#8243; _builder_version=&#8221;4.16&#8243; _module_preset=&#8221;default&#8221; use_background_color_gradient=&#8221;on&#8221; background_color_gradient_stops=&#8221;rgba(0,0,0,0.53) 0%|rgba(0,0,0,0.24) 100%&#8221; background_color_gradient_overlays_image=&#8221;on&#8221; background_color_gradient_start=&#8221;rgba(0,0,0,0.53)&#8221; background_color_gradient_end=&#8221;rgba(0,0,0,0.24)&#8221; background_image=&#8221;https:\/\/hpdrones.pro\/wp-content\/uploads\/2022\/02\/services1.jpg&#8221; custom_padding=&#8221;73px||73px||true|false&#8221; global_colors_info=&#8221;{}&#8221;][et_pb_row use_custom_gutter=&#8221;on&#8221; make_equal=&#8221;on&#8221; custom_padding_last_edited=&#8221;on|phone&#8221; _builder_version=&#8221;4.16&#8243; _module_preset=&#8221;default&#8221; width=&#8221;90%&#8221; custom_padding=&#8221;46px||0px||false|&#8221; custom_padding_tablet=&#8221;46px||0px||false|&#8221; custom_padding_phone=&#8221;88px||||false|false&#8221; global_colors_info=&#8221;{}&#8221;][et_pb_column type=&#8221;4_4&#8243; _builder_version=&#8221;4.16&#8243; _module_preset=&#8221;default&#8221; global_colors_info=&#8221;{}&#8221;][et_pb_text _builder_version=&#8221;4.16&#8243; _module_preset=&#8221;default&#8221; header_font=&#8221;|300|||||||&#8221; header_text_color=&#8221;#FFFFFF&#8221; header_font_size=&#8221;54px&#8221; header_4_font=&#8221;|300|||||||&#8221; header_4_text_color=&#8221;#FFFFFF&#8221; header_4_font_size=&#8221;21px&#8221; header_text_shadow_style=&#8221;preset1&#8243; global_colors_info=&#8221;{}&#8221;]<\/p>\n<h1>ASSIST\u00caNCIA T\u00c9CNICA<\/h1>\n<h4>Precisa de ajuda com o seu drone?<br \/>\n<\/h4>\n<p>[\/et_pb_text][\/et_pb_column][\/et_pb_row][\/et_pb_section][et_pb_section fb_built=&#8221;1&#8243; _builder_version=&#8221;4.16&#8243; _module_preset=&#8221;default&#8221; custom_padding=&#8221;0px||0px|||&#8221; global_colors_info=&#8221;{}&#8221;][et_pb_row _builder_version=&#8221;4.16&#8243; _module_preset=&#8221;default&#8221; width=&#8221;90%&#8221; global_colors_info=&#8221;{}&#8221;][et_pb_column type=&#8221;4_4&#8243; _builder_version=&#8221;4.16&#8243; _module_preset=&#8221;default&#8221; global_colors_info=&#8221;{}&#8221;][et_pb_divider _builder_version=&#8221;4.16&#8243; _module_preset=&#8221;default&#8221; global_colors_info=&#8221;{}&#8221;][\/et_pb_divider][\/et_pb_column][\/et_pb_row][\/et_pb_section][et_pb_section fb_built=&#8221;1&#8243; custom_padding_last_edited=&#8221;on|phone&#8221; _builder_version=&#8221;4.16&#8243; _module_preset=&#8221;default&#8221; custom_padding=&#8221;27px||36px|||&#8221; custom_padding_tablet=&#8221;27px||36px|||&#8221; custom_padding_phone=&#8221;0px||0px||false|false&#8221; global_colors_info=&#8221;{}&#8221;][et_pb_row column_structure=&#8221;1_2,1_2&#8243; use_custom_gutter=&#8221;on&#8221; gutter_width=&#8221;2&#8243; make_equal=&#8221;on&#8221; custom_padding_last_edited=&#8221;on|phone&#8221; disabled_on=&#8221;off|off|off&#8221; _builder_version=&#8221;4.16&#8243; _module_preset=&#8221;default&#8221; width=&#8221;100%&#8221; custom_padding=&#8221;0px|||||&#8221; custom_padding_tablet=&#8221;0px|||||&#8221; custom_padding_phone=&#8221;0px||||false|false&#8221; global_colors_info=&#8221;{}&#8221;][et_pb_column type=&#8221;1_2&#8243; _builder_version=&#8221;4.16&#8243; _module_preset=&#8221;default&#8221; custom_padding=&#8221;31px|10px|31px|75px|true|false&#8221; custom_padding_tablet=&#8221;31px|10px|31px|75px|true|false&#8221; custom_padding_phone=&#8221;|30px||30px|true|true&#8221; custom_padding_last_edited=&#8221;on|phone&#8221; global_colors_info=&#8221;{}&#8221;][et_pb_text _builder_version=&#8221;4.16&#8243; _module_preset=&#8221;default&#8221; header_2_font=&#8221;|800|||||||&#8221; header_2_text_color=&#8221;#c11919&#8243; header_2_font_size=&#8221;35px&#8221; custom_padding=&#8221;0px|||||&#8221; global_colors_info=&#8221;{}&#8221;]<\/p>\n<h2>N\u00d3S CUIDAMOS DE TUDO<\/h2>\n<p>&nbsp;<\/p>\n<p style=\"text-align: justify;\"><span style=\"font-weight: 400;\">Em caso de danos ou avarias, cuidamos de tudo. Dispomos de um conjunto de profissionais treinados e certificados na repara\u00e7\u00e3o de drones de marcas de renome: DJI e Quantum Systems. <\/span><\/p>\n<p style=\"text-align: justify;\"><span style=\"font-weight: 400;\">A HPDRONES \u00e9 a representante e distribuidora oficial da DJI, DJI Enterprise, Micasense, YellowScan, PIX4D e Quantum Systems. <\/span><\/p>\n<p style=\"text-align: justify;\"><span style=\"font-weight: 400;\">A nossa equipa garante um atendimento personalizado de excel\u00eancia. Desde o or\u00e7amento at\u00e9 \u00e0 manuten\u00e7\u00e3o ou repara\u00e7\u00e3o do seu equipamento. <\/span><\/p>\n<p style=\"text-align: justify;\"><span style=\"font-weight: 400;\">Enquanto o seu drone est\u00e1 connosco, tem a possibilidade de alugar um modelo, para que possa manter o seu neg\u00f3cio sem mais investimentos! <\/span><\/p>\n<p style=\"text-align: justify;\"><span style=\"font-weight: 400;\">N\u00e3o hesite em contactar-nos. <\/span><\/p>\n<p>[\/et_pb_text][\/et_pb_column][et_pb_column type=&#8221;1_2&#8243; _builder_version=&#8221;4.16&#8243; _module_preset=&#8221;default&#8221; background_image=&#8221;https:\/\/hpdrones.pro\/wp-content\/uploads\/2022\/02\/REPAIR.jpg&#8221; custom_padding=&#8221;162px||162px||true|false&#8221; global_colors_info=&#8221;{}&#8221;][et_pb_divider show_divider=&#8221;off&#8221; _builder_version=&#8221;4.16&#8243; _module_preset=&#8221;default&#8221; custom_margin_tablet=&#8221;&#8221; custom_margin_phone=&#8221;&#8221; custom_margin_last_edited=&#8221;on|desktop&#8221; custom_padding_tablet=&#8221;&#8221; custom_padding_phone=&#8221;&#8221; custom_padding_last_edited=&#8221;on|phone&#8221; global_colors_info=&#8221;{}&#8221;][\/et_pb_divider][\/et_pb_column][\/et_pb_row][et_pb_row custom_padding_last_edited=&#8221;on|phone&#8221; _builder_version=&#8221;4.27.0&#8243; _module_preset=&#8221;default&#8221; width_tablet=&#8221;&#8221; width_phone=&#8221;90%&#8221; width_last_edited=&#8221;on|phone&#8221; custom_padding_tablet=&#8221;&#8221; custom_padding_phone=&#8221;|20px||20px|false|true&#8221; hover_enabled=&#8221;0&#8243; box_shadow_style=&#8221;preset1&#8243; global_colors_info=&#8221;{}&#8221; disabled_on=&#8221;on|on|on&#8221; disabled=&#8221;on&#8221; sticky_enabled=&#8221;0&#8243;][et_pb_column type=&#8221;4_4&#8243; _builder_version=&#8221;4.16&#8243; _module_preset=&#8221;default&#8221; global_colors_info=&#8221;{}&#8221;][et_pb_text _builder_version=&#8221;4.16&#8243; _module_preset=&#8221;default&#8221; global_colors_info=&#8221;{}&#8221;]<\/p>\n<p>[ninja_form id=&#8221;5&#8243;]<\/p>\n<p>[\/et_pb_text][\/et_pb_column][\/et_pb_row][\/et_pb_section]<\/p>\n","protected":false},"excerpt":{"rendered":"<p>ASSIST\u00caNCIA T\u00c9CNICA Precisa de ajuda com o seu drone? N\u00d3S CUIDAMOS DE TUDO &nbsp; Em caso de danos ou avarias, cuidamos de tudo. Dispomos de um conjunto de profissionais treinados e certificados na repara\u00e7\u00e3o de drones de marcas de renome: DJI e Quantum Systems. A HPDRONES \u00e9 a representante e distribuidora oficial da DJI, DJI [&hellip;]<\/p>\n","protected":false},"author":1,"featured_media":0,"parent":0,"menu_order":0,"comment_status":"closed","ping_status":"closed","template":"","meta":{"_et_pb_use_builder":"on","_et_pb_old_content":"","_et_gb_content_width":"","footnotes":""},"class_list":["post-3099","page","type-page","status-publish","hentry"],"acf":[],"yoast_head":"<!-- This site is optimized with the Yoast SEO plugin v27.1.1 - https:\/\/yoast.com\/product\/yoast-seo-wordpress\/ -->\n<title>Assist\u00eancia T\u00e9cnica - HPDRONES<\/title>\n<meta name=\"description\" content=\"HPDRONES oferece assist\u00eancia t\u00e9cnica para resolver qualquer tipo de incidente que possa surgir em rela\u00e7\u00e3o a danos ou mau funcionamento.\" \/>\n<meta name=\"robots\" content=\"index, follow, max-snippet:-1, max-image-preview:large, max-video-preview:-1\" \/>\n<link rel=\"canonical\" href=\"https:\/\/hpdrones.pro\/pt-pt\/assistencia-tecnica\/\" \/>\n<meta property=\"og:locale\" content=\"pt_PT\" \/>\n<meta property=\"og:type\" content=\"article\" \/>\n<meta property=\"og:title\" content=\"Assist\u00eancia T\u00e9cnica - HPDRONES\" \/>\n<meta property=\"og:description\" content=\"HPDRONES oferece assist\u00eancia t\u00e9cnica para resolver qualquer tipo de incidente que possa surgir em rela\u00e7\u00e3o a danos ou mau funcionamento.\" \/>\n<meta property=\"og:site_name\" content=\"HPDRONES\" \/>\n<meta property=\"article:modified_time\" content=\"2026-04-13T16:31:43+00:00\" \/>\n<meta name=\"twitter:card\" content=\"summary_large_image\" \/>\n<meta name=\"twitter:label1\" content=\"Tempo estimado de leitura\" \/>\n\t<meta name=\"twitter:data1\" content=\"1 minuto\" \/>\n<script type=\"application\/ld+json\" class=\"yoast-schema-graph\">{\"@context\":\"https:\/\/schema.org\",\"@graph\":[{\"@type\":\"WebPage\",\"@id\":\"https:\/\/hpdrones.pro\/pt-pt\/assistencia-tecnica\/\",\"url\":\"https:\/\/hpdrones.pro\/pt-pt\/assistencia-tecnica\/\",\"name\":\"Assist\u00eancia T\u00e9cnica - HPDRONES\",\"isPartOf\":{\"@id\":\"https:\/\/hpdrones.pro\/pt-pt\/#website\"},\"datePublished\":\"2022-02-17T17:51:37+00:00\",\"dateModified\":\"2026-04-13T16:31:43+00:00\",\"description\":\"HPDRONES oferece assist\u00eancia t\u00e9cnica para resolver qualquer tipo de incidente que possa surgir em rela\u00e7\u00e3o a danos ou mau funcionamento.\",\"breadcrumb\":{\"@id\":\"https:\/\/hpdrones.pro\/pt-pt\/assistencia-tecnica\/#breadcrumb\"},\"inLanguage\":\"pt-PT\",\"potentialAction\":[{\"@type\":\"ReadAction\",\"target\":[\"https:\/\/hpdrones.pro\/pt-pt\/assistencia-tecnica\/\"]}]},{\"@type\":\"BreadcrumbList\",\"@id\":\"https:\/\/hpdrones.pro\/pt-pt\/assistencia-tecnica\/#breadcrumb\",\"itemListElement\":[{\"@type\":\"ListItem\",\"position\":1,\"name\":\"Portada\",\"item\":\"https:\/\/hpdrones.pro\/pt-pt\/\"},{\"@type\":\"ListItem\",\"position\":2,\"name\":\"Assist\u00eancia T\u00e9cnica\"}]},{\"@type\":\"WebSite\",\"@id\":\"https:\/\/hpdrones.pro\/pt-pt\/#website\",\"url\":\"https:\/\/hpdrones.pro\/pt-pt\/\",\"name\":\"HPDRONES\",\"description\":\"\",\"publisher\":{\"@id\":\"https:\/\/hpdrones.pro\/pt-pt\/#organization\"},\"potentialAction\":[{\"@type\":\"SearchAction\",\"target\":{\"@type\":\"EntryPoint\",\"urlTemplate\":\"https:\/\/hpdrones.pro\/pt-pt\/?s={search_term_string}\"},\"query-input\":{\"@type\":\"PropertyValueSpecification\",\"valueRequired\":true,\"valueName\":\"search_term_string\"}}],\"inLanguage\":\"pt-PT\"},{\"@type\":\"Organization\",\"@id\":\"https:\/\/hpdrones.pro\/pt-pt\/#organization\",\"name\":\"HPDRONES\",\"url\":\"https:\/\/hpdrones.pro\/pt-pt\/\",\"logo\":{\"@type\":\"ImageObject\",\"inLanguage\":\"pt-PT\",\"@id\":\"https:\/\/hpdrones.pro\/pt-pt\/#\/schema\/logo\/image\/\",\"url\":\"https:\/\/hpdrones.pro\/wp-content\/uploads\/2022\/01\/logo_drone.png\",\"contentUrl\":\"https:\/\/hpdrones.pro\/wp-content\/uploads\/2022\/01\/logo_drone.png\",\"width\":500,\"height\":46,\"caption\":\"HPDRONES\"},\"image\":{\"@id\":\"https:\/\/hpdrones.pro\/pt-pt\/#\/schema\/logo\/image\/\"}}]}<\/script>\n<!-- \/ Yoast SEO plugin. -->","yoast_head_json":{"title":"Assist\u00eancia T\u00e9cnica - HPDRONES","description":"HPDRONES oferece assist\u00eancia t\u00e9cnica para resolver qualquer tipo de incidente que possa surgir em rela\u00e7\u00e3o a danos ou mau funcionamento.","robots":{"index":"index","follow":"follow","max-snippet":"max-snippet:-1","max-image-preview":"max-image-preview:large","max-video-preview":"max-video-preview:-1"},"canonical":"https:\/\/hpdrones.pro\/pt-pt\/assistencia-tecnica\/","og_locale":"pt_PT","og_type":"article","og_title":"Assist\u00eancia T\u00e9cnica - HPDRONES","og_description":"HPDRONES oferece assist\u00eancia t\u00e9cnica para resolver qualquer tipo de incidente que possa surgir em rela\u00e7\u00e3o a danos ou mau funcionamento.","og_site_name":"HPDRONES","article_modified_time":"2026-04-13T16:31:43+00:00","twitter_card":"summary_large_image","twitter_misc":{"Tempo estimado de leitura":"1 minuto"},"schema":{"@context":"https:\/\/schema.org","@graph":[{"@type":"WebPage","@id":"https:\/\/hpdrones.pro\/pt-pt\/assistencia-tecnica\/","url":"https:\/\/hpdrones.pro\/pt-pt\/assistencia-tecnica\/","name":"Assist\u00eancia T\u00e9cnica - HPDRONES","isPartOf":{"@id":"https:\/\/hpdrones.pro\/pt-pt\/#website"},"datePublished":"2022-02-17T17:51:37+00:00","dateModified":"2026-04-13T16:31:43+00:00","description":"HPDRONES oferece assist\u00eancia t\u00e9cnica para resolver qualquer tipo de incidente que possa surgir em rela\u00e7\u00e3o a danos ou mau funcionamento.","breadcrumb":{"@id":"https:\/\/hpdrones.pro\/pt-pt\/assistencia-tecnica\/#breadcrumb"},"inLanguage":"pt-PT","potentialAction":[{"@type":"ReadAction","target":["https:\/\/hpdrones.pro\/pt-pt\/assistencia-tecnica\/"]}]},{"@type":"BreadcrumbList","@id":"https:\/\/hpdrones.pro\/pt-pt\/assistencia-tecnica\/#breadcrumb","itemListElement":[{"@type":"ListItem","position":1,"name":"Portada","item":"https:\/\/hpdrones.pro\/pt-pt\/"},{"@type":"ListItem","position":2,"name":"Assist\u00eancia T\u00e9cnica"}]},{"@type":"WebSite","@id":"https:\/\/hpdrones.pro\/pt-pt\/#website","url":"https:\/\/hpdrones.pro\/pt-pt\/","name":"HPDRONES","description":"","publisher":{"@id":"https:\/\/hpdrones.pro\/pt-pt\/#organization"},"potentialAction":[{"@type":"SearchAction","target":{"@type":"EntryPoint","urlTemplate":"https:\/\/hpdrones.pro\/pt-pt\/?s={search_term_string}"},"query-input":{"@type":"PropertyValueSpecification","valueRequired":true,"valueName":"search_term_string"}}],"inLanguage":"pt-PT"},{"@type":"Organization","@id":"https:\/\/hpdrones.pro\/pt-pt\/#organization","name":"HPDRONES","url":"https:\/\/hpdrones.pro\/pt-pt\/","logo":{"@type":"ImageObject","inLanguage":"pt-PT","@id":"https:\/\/hpdrones.pro\/pt-pt\/#\/schema\/logo\/image\/","url":"https:\/\/hpdrones.pro\/wp-content\/uploads\/2022\/01\/logo_drone.png","contentUrl":"https:\/\/hpdrones.pro\/wp-content\/uploads\/2022\/01\/logo_drone.png","width":500,"height":46,"caption":"HPDRONES"},"image":{"@id":"https:\/\/hpdrones.pro\/pt-pt\/#\/schema\/logo\/image\/"}}]}},"_links":{"self":[{"href":"https:\/\/hpdrones.pro\/pt-pt\/wp-json\/wp\/v2\/pages\/3099","targetHints":{"allow":["GET"]}}],"collection":[{"href":"https:\/\/hpdrones.pro\/pt-pt\/wp-json\/wp\/v2\/pages"}],"about":[{"href":"https:\/\/hpdrones.pro\/pt-pt\/wp-json\/wp\/v2\/types\/page"}],"author":[{"embeddable":true,"href":"https:\/\/hpdrones.pro\/pt-pt\/wp-json\/wp\/v2\/users\/1"}],"replies":[{"embeddable":true,"href":"https:\/\/hpdrones.pro\/pt-pt\/wp-json\/wp\/v2\/comments?post=3099"}],"version-history":[{"count":2,"href":"https:\/\/hpdrones.pro\/pt-pt\/wp-json\/wp\/v2\/pages\/3099\/revisions"}],"predecessor-version":[{"id":25456,"href":"https:\/\/hpdrones.pro\/pt-pt\/wp-json\/wp\/v2\/pages\/3099\/revisions\/25456"}],"wp:attachment":[{"href":"https:\/\/hpdrones.pro\/pt-pt\/wp-json\/wp\/v2\/media?parent=3099"}],"curies":[{"name":"wp","href":"https:\/\/api.w.org\/{rel}","templated":true}]}}