{"id":3101,"date":"2022-02-27T21:53:13","date_gmt":"2022-02-27T21:53:13","guid":{"rendered":"https:\/\/hp-drones.com\/cargas-dji\/"},"modified":"2026-04-13T15:55:18","modified_gmt":"2026-04-13T15:55:18","slug":"cargas-dji","status":"publish","type":"page","link":"https:\/\/hpdrones.pro\/pt-pt\/cargas-dji\/","title":{"rendered":"PAYLOADS DJI"},"content":{"rendered":"<p>[et_pb_section fb_built=&#8221;1&#8243; _builder_version=&#8221;4.16&#8243; _module_preset=&#8221;default&#8221; use_background_color_gradient=&#8221;on&#8221; background_color_gradient_stops=&#8221;rgba(0,0,0,0.53) 0%|rgba(0,0,0,0.24) 100%&#8221; background_color_gradient_overlays_image=&#8221;on&#8221; background_color_gradient_start=&#8221;rgba(0,0,0,0.53)&#8221; background_color_gradient_end=&#8221;rgba(0,0,0,0.24)&#8221; background_image=&#8221;https:\/\/hpdrones.pro\/wp-content\/uploads\/2022\/06\/DSC01345-\u52a0\u6a2a-1-scaled.jpg&#8221; custom_margin=&#8221;-71px|||||&#8221; custom_padding=&#8221;73px||73px||true|false&#8221; global_colors_info=&#8221;{}&#8221;][et_pb_row use_custom_gutter=&#8221;on&#8221; make_equal=&#8221;on&#8221; custom_padding_last_edited=&#8221;on|phone&#8221; _builder_version=&#8221;4.16&#8243; _module_preset=&#8221;default&#8221; width=&#8221;90%&#8221; custom_padding=&#8221;46px||0px||false|&#8221; custom_padding_tablet=&#8221;46px||0px||false|&#8221; custom_padding_phone=&#8221;88px||||false|false&#8221; global_colors_info=&#8221;{}&#8221;][et_pb_column type=&#8221;4_4&#8243; _builder_version=&#8221;4.16&#8243; _module_preset=&#8221;default&#8221; global_colors_info=&#8221;{}&#8221;][et_pb_text _builder_version=&#8221;4.16&#8243; _module_preset=&#8221;default&#8221; header_font=&#8221;|300|||||||&#8221; header_text_color=&#8221;#FFFFFF&#8221; header_font_size=&#8221;54px&#8221; header_4_font=&#8221;|300|||||||&#8221; header_4_text_color=&#8221;#FFFFFF&#8221; header_4_font_size=&#8221;21px&#8221; header_text_shadow_style=&#8221;preset1&#8243; global_colors_info=&#8221;{}&#8221;]<\/p>\n<h1>DJI PAYLOADS <\/h1>\n<p>[\/et_pb_text][\/et_pb_column][\/et_pb_row][\/et_pb_section][et_pb_section fb_built=&#8221;1&#8243; _builder_version=&#8221;4.16&#8243; _module_preset=&#8221;default&#8221; custom_padding=&#8221;0px||0px|||&#8221; global_colors_info=&#8221;{}&#8221;][et_pb_row _builder_version=&#8221;4.16&#8243; _module_preset=&#8221;default&#8221; width=&#8221;90%&#8221; global_colors_info=&#8221;{}&#8221;][et_pb_column type=&#8221;4_4&#8243; _builder_version=&#8221;4.16&#8243; _module_preset=&#8221;default&#8221; global_colors_info=&#8221;{}&#8221;][et_pb_divider _builder_version=&#8221;4.16&#8243; _module_preset=&#8221;default&#8221; global_colors_info=&#8221;{}&#8221;][\/et_pb_divider][\/et_pb_column][\/et_pb_row][\/et_pb_section][et_pb_section fb_built=&#8221;1&#8243; _builder_version=&#8221;4.16&#8243; _module_preset=&#8221;default&#8221; custom_padding=&#8221;39px||92px|||&#8221; locked=&#8221;off&#8221; global_colors_info=&#8221;{}&#8221;][et_pb_row column_structure=&#8221;1_3,1_3,1_3&#8243; _builder_version=&#8221;4.27.0&#8243; _module_preset=&#8221;default&#8221; global_colors_info=&#8221;{}&#8221;][et_pb_column type=&#8221;1_3&#8243; _builder_version=&#8221;4.27.0&#8243; _module_preset=&#8221;default&#8221; global_colors_info=&#8221;{}&#8221;][et_pb_image src=&#8221;https:\/\/hpdrones.pro\/wp-content\/uploads\/2025\/07\/S1-1.png&#8221; title_text=&#8221;S1 (1)&#8221; _builder_version=&#8221;4.27.0&#8243; _module_preset=&#8221;default&#8221; locked=&#8221;off&#8221; global_colors_info=&#8221;{}&#8221;][\/et_pb_image][et_pb_text _builder_version=&#8221;4.27.0&#8243; _module_preset=&#8221;default&#8221; custom_margin=&#8221;-14px||1px|||&#8221; custom_padding=&#8221;||9px|||&#8221; global_colors_info=&#8221;{}&#8221;]<\/p>\n<h3>DJI ZENMUSE S1<\/h3>\n<p style=\"text-align: justify;\">O Zenmuse S1 \u00e9 o primeiro projetor da DJI projetado para plataformas de drones com m\u00faltiplas cargas \u00fateis, compat\u00edvel com os Matrice 350 RTK e Matrice 300 RTK. Gra\u00e7as \u00e0 tecnologia LEP, oferece alta luminosidade e uma ampla dist\u00e2ncia de ilumina\u00e7\u00e3o, al\u00e9m de ser compat\u00edvel com m\u00faltiplos modos de ilumina\u00e7\u00e3o. <\/p>\n<p>[\/et_pb_text][et_pb_button button_url=&#8221;https:\/\/hpdrones.pro\/pt-pt\/drones\/dji-zenmuse-s1\/&#8221; button_text=&#8221;ACEDER AO PRODUTO&#8221; button_alignment=&#8221;center&#8221; button_alignment_tablet=&#8221;right&#8221; button_alignment_phone=&#8221;left&#8221; button_alignment_last_edited=&#8221;on|phone&#8221; _builder_version=&#8221;4.27.0&#8243; _module_preset=&#8221;default&#8221; custom_button=&#8221;on&#8221; button_text_size=&#8221;17px&#8221; button_text_color=&#8221;#FFFFFF&#8221; button_bg_color=&#8221;#E02B20&#8243; custom_margin=&#8221;23px||||false|false&#8221; locked=&#8221;off&#8221; global_colors_info=&#8221;{}&#8221;][\/et_pb_button][\/et_pb_column][et_pb_column type=&#8221;1_3&#8243; _builder_version=&#8221;4.27.0&#8243; _module_preset=&#8221;default&#8221; global_colors_info=&#8221;{}&#8221;][et_pb_image src=&#8221;https:\/\/hpdrones.pro\/wp-content\/uploads\/2025\/07\/V1-1.png&#8221; title_text=&#8221;V1 (1)&#8221; _builder_version=&#8221;4.27.0&#8243; _module_preset=&#8221;default&#8221; locked=&#8221;off&#8221; global_colors_info=&#8221;{}&#8221;][\/et_pb_image][et_pb_text _builder_version=&#8221;4.27.0&#8243; _module_preset=&#8221;default&#8221; custom_margin=&#8221;||30px|||&#8221; text_font_size_tablet=&#8221;18px&#8221; text_font_size_phone=&#8221;18px&#8221; text_font_size_last_edited=&#8221;on|phone&#8221; global_colors_info=&#8221;{}&#8221;]<\/p>\n<h3>DJI ZENMUSE V1<\/h3>\n<p style=\"text-align: justify;\">O Zenmuse V1 \u00e9 o primeiro alto-falante da DJI projetado para plataformas de drones com m\u00faltiplas cargas \u00fateis, compat\u00edvel com os Matrice 350 RTK e Matrice 300 RTK. Oferece um volume alto e uma longa dist\u00e2ncia de transmiss\u00e3o, al\u00e9m de ser compat\u00edvel com m\u00faltiplos modos de transmiss\u00e3o. <\/p>\n<p>[\/et_pb_text][et_pb_button button_url=&#8221;https:\/\/hpdrones.pro\/pt-pt\/drones\/dji-zenmuse-v1\/&#8221; button_text=&#8221;ACEDER AO PRODUTO&#8221; button_alignment=&#8221;center&#8221; button_alignment_tablet=&#8221;right&#8221; button_alignment_phone=&#8221;left&#8221; button_alignment_last_edited=&#8221;on|phone&#8221; _builder_version=&#8221;4.27.0&#8243; _module_preset=&#8221;default&#8221; custom_button=&#8221;on&#8221; button_text_size=&#8221;17px&#8221; button_text_color=&#8221;#FFFFFF&#8221; button_bg_color=&#8221;#E02B20&#8243; custom_margin=&#8221;42px||||false|false&#8221; global_colors_info=&#8221;{}&#8221;][\/et_pb_button][\/et_pb_column][et_pb_column type=&#8221;1_3&#8243; _builder_version=&#8221;4.27.0&#8243; _module_preset=&#8221;default&#8221; global_colors_info=&#8221;{}&#8221;][et_pb_image src=&#8221;https:\/\/hpdrones.pro\/wp-content\/uploads\/2025\/11\/B0025513-1-scaled.jpg&#8221; title_text=&#8221;L3 (1)&#8221; _builder_version=&#8221;4.27.0&#8243; _module_preset=&#8221;default&#8221; width=&#8221;91%&#8221; max_width=&#8221;90%&#8221; custom_margin=&#8221;|36px||||&#8221; locked=&#8221;off&#8221; global_colors_info=&#8221;{}&#8221;][\/et_pb_image][et_pb_text _builder_version=&#8221;4.27.0&#8243; _module_preset=&#8221;default&#8221; custom_margin=&#8221;-9px||30px||false|false&#8221; text_font_size_tablet=&#8221;18px&#8221; text_font_size_phone=&#8221;18px&#8221; text_font_size_last_edited=&#8221;on|phone&#8221; global_colors_info=&#8221;{}&#8221;]<\/p>\n<h3>DJI ZENMUSE L3<\/h3>\n<p style=\"text-align: justify;\"><span>O sistema LiDAR a\u00e9reo de alta precis\u00e3o de \u00faltima gera\u00e7\u00e3o da DJI conta com um LiDAR de longo alcance capaz de atingir at\u00e9 950 m, mesmo em objetos com apenas 10% de refletividade. As c\u00e2maras duplas de mapeamento RGB de 100 MP e um sistema POS de alta precis\u00e3o aceleram a aquisi\u00e7\u00e3o de dados geoespaciais, permitindo uma cobertura di\u00e1ria de at\u00e9 100 km\u00b2. <\/span><\/p>\n<p>[\/et_pb_text][et_pb_button button_url=&#8221;https:\/\/hpdrones.pro\/pt-pt\/drones\/dji-zenmuse-l3\/&#8221; button_text=&#8221;ACEDER AO PRODUTO&#8221; button_alignment=&#8221;center&#8221; button_alignment_tablet=&#8221;right&#8221; button_alignment_phone=&#8221;left&#8221; button_alignment_last_edited=&#8221;on|phone&#8221; _builder_version=&#8221;4.27.0&#8243; _module_preset=&#8221;default&#8221; custom_button=&#8221;on&#8221; button_text_size=&#8221;17px&#8221; button_text_color=&#8221;#FFFFFF&#8221; button_bg_color=&#8221;#E02B20&#8243; custom_margin=&#8221;-6px||||false|false&#8221; global_colors_info=&#8221;{}&#8221;][\/et_pb_button][\/et_pb_column][\/et_pb_row][et_pb_row column_structure=&#8221;1_3,1_3,1_3&#8243; make_equal=&#8221;on&#8221; disabled_on=&#8221;off|off|off&#8221; _builder_version=&#8221;4.16&#8243; _module_preset=&#8221;default&#8221; width=&#8221;95%&#8221; global_colors_info=&#8221;{}&#8221;][et_pb_column type=&#8221;1_3&#8243; _builder_version=&#8221;4.16&#8243; _module_preset=&#8221;default&#8221; global_colors_info=&#8221;{}&#8221;][et_pb_image src=&#8221;https:\/\/hpdrones.pro\/wp-content\/uploads\/2024\/05\/H30-1200X600.png&#8221; title_text=&#8221;H30 1200X600&#8243; _builder_version=&#8221;4.27.0&#8243; _module_preset=&#8221;default&#8221; locked=&#8221;off&#8221; global_colors_info=&#8221;{}&#8221;][\/et_pb_image][et_pb_text _builder_version=&#8221;4.24.1&#8243; _module_preset=&#8221;default&#8221; custom_margin=&#8221;-6px||31px|||&#8221; locked=&#8221;off&#8221; global_colors_info=&#8221;{}&#8221; button_alignment_tablet=&#8221;right&#8221; button_alignment_phone=&#8221;left&#8221; button_alignment_last_edited=&#8221;on|phone&#8221;]<\/p>\n<h3>DJI ZENMUSE H30 SERIES<\/h3>\n<p style=\"text-align: justify;\">Carga \u00fatil multi-sensor para todas as condi\u00e7\u00f5es meteorol\u00f3gicas. S\u00e9rie H30: inclui o DJI Zenmuse <strong>H30 <\/strong>e o DJI Zenmuse <strong>H30T<\/strong>. <\/p>\n<p>[\/et_pb_text][et_pb_button button_url=&#8221;https:\/\/hpdrones.pro\/pt-pt\/drones\/dji-zenmuse-h30\/&#8221; button_text=&#8221;ACEDER AO PRODUTO&#8221; button_alignment=&#8221;center&#8221; button_alignment_tablet=&#8221;right&#8221; button_alignment_phone=&#8221;left&#8221; button_alignment_last_edited=&#8221;on|phone&#8221; _builder_version=&#8221;4.27.0&#8243; _module_preset=&#8221;default&#8221; custom_button=&#8221;on&#8221; button_text_size=&#8221;17px&#8221; button_text_color=&#8221;#FFFFFF&#8221; button_bg_color=&#8221;#E02B20&#8243; custom_margin=&#8221;-6px|||||&#8221; locked=&#8221;off&#8221; global_colors_info=&#8221;{}&#8221;][\/et_pb_button][\/et_pb_column][et_pb_column type=&#8221;1_3&#8243; _builder_version=&#8221;4.16&#8243; _module_preset=&#8221;default&#8221; global_colors_info=&#8221;{}&#8221;][et_pb_image src=&#8221;https:\/\/hpdrones.pro\/wp-content\/uploads\/2023\/10\/ZENMUSEH20N.png&#8221; title_text=&#8221;ZENMUSEH20N&#8221; _builder_version=&#8221;4.16&#8243; _module_preset=&#8221;default&#8221; global_colors_info=&#8221;{}&#8221;][\/et_pb_image][et_pb_text _builder_version=&#8221;4.27.0&#8243; _module_preset=&#8221;default&#8221; custom_margin=&#8221;-14px||1px|||&#8221; custom_padding=&#8221;||9px|||&#8221; global_colors_info=&#8221;{}&#8221;]<\/p>\n<h3>DJI ZENMUSE L2<\/h3>\n<p style=\"text-align: justify;\">Integra LiDAR de fotogrametria, uma IMU de alta precis\u00e3o e uma c\u00e2mara RGB com sensor CMOS 4\/3, maximizando a efici\u00eancia e a precis\u00e3o na recolha de dados geoespaciais.<\/p>\n<p>[\/et_pb_text][et_pb_button button_url=&#8221;https:\/\/hpdrones.pro\/pt-pt\/drones\/zenmuse-l2\/&#8221; button_text=&#8221;ACEDER AO PRODUTO&#8221; button_alignment=&#8221;center&#8221; button_alignment_tablet=&#8221;right&#8221; button_alignment_phone=&#8221;left&#8221; button_alignment_last_edited=&#8221;on|phone&#8221; _builder_version=&#8221;4.27.0&#8243; _module_preset=&#8221;default&#8221; custom_button=&#8221;on&#8221; button_text_size=&#8221;17px&#8221; button_text_color=&#8221;#FFFFFF&#8221; button_bg_color=&#8221;#E02B20&#8243; custom_margin=&#8221;-6px|||||&#8221; locked=&#8221;off&#8221; global_colors_info=&#8221;{}&#8221;][\/et_pb_button][et_pb_text _builder_version=&#8221;4.16&#8243; _module_preset=&#8221;default&#8221; custom_margin=&#8221;||5px|||&#8221; locked=&#8221;off&#8221; global_colors_info=&#8221;{}&#8221;][\/et_pb_text][\/et_pb_column][et_pb_column type=&#8221;1_3&#8243; _builder_version=&#8221;4.16&#8243; _module_preset=&#8221;default&#8221; global_colors_info=&#8221;{}&#8221;][et_pb_image src=&#8221;https:\/\/hpdrones.pro\/wp-content\/uploads\/2022\/02\/DJIPAYLOAD1.jpg&#8221; title_text=&#8221;DJIPAYLOAD1&#8243; _builder_version=&#8221;4.16&#8243; _module_preset=&#8221;default&#8221; custom_margin=&#8221;||19px|||&#8221; global_colors_info=&#8221;{}&#8221;][\/et_pb_image][et_pb_text _builder_version=&#8221;4.27.0&#8243; _module_preset=&#8221;default&#8221; custom_margin=&#8221;||30px|||&#8221; text_font_size_tablet=&#8221;18px&#8221; text_font_size_phone=&#8221;18px&#8221; text_font_size_last_edited=&#8221;on|phone&#8221; global_colors_info=&#8221;{}&#8221;]<\/p>\n<h3>DJI ZENMUSE P1<\/h3>\n<p style=\"text-align: justify;\"><span style=\"font-weight: 400;\">O Zenmuse P1 da DJI \u00e9 um gimbal de pesquisa, projetado para o drone Matrice 300 RTK. Vers\u00e1til e de alto desempenho, \u00e9 a solu\u00e7\u00e3o para o mapeamento a\u00e9reo de alta precis\u00e3o.<\/span><\/p>\n<p>[\/et_pb_text][et_pb_button button_url=&#8221;https:\/\/hpdrones.pro\/pt-pt\/drones\/dji-zenmuse-p1\/&#8221; button_text=&#8221;ACEDER AO PRODUTO&#8221; button_alignment=&#8221;center&#8221; button_alignment_tablet=&#8221;right&#8221; button_alignment_phone=&#8221;left&#8221; button_alignment_last_edited=&#8221;on|phone&#8221; _builder_version=&#8221;4.27.0&#8243; _module_preset=&#8221;default&#8221; custom_button=&#8221;on&#8221; button_text_size=&#8221;17px&#8221; button_text_color=&#8221;#FFFFFF&#8221; button_bg_color=&#8221;#E02B20&#8243; custom_margin=&#8221;-6px|||||&#8221; global_colors_info=&#8221;{}&#8221;][\/et_pb_button][\/et_pb_column][\/et_pb_row][et_pb_row column_structure=&#8221;1_2,1_2&#8243; _builder_version=&#8221;4.27.0&#8243; _module_preset=&#8221;default&#8221; global_colors_info=&#8221;{}&#8221;][et_pb_column type=&#8221;1_2&#8243; _builder_version=&#8221;4.27.0&#8243; _module_preset=&#8221;default&#8221; global_colors_info=&#8221;{}&#8221;][et_pb_image src=&#8221;https:\/\/hpdrones.pro\/wp-content\/uploads\/2022\/06\/Zenmuse-H20N.jpg&#8221; title_text=&#8221;Zenmuse H20N&#8221; _builder_version=&#8221;4.27.0&#8243; _module_preset=&#8221;default&#8221; locked=&#8221;off&#8221; global_colors_info=&#8221;{}&#8221;][\/et_pb_image][et_pb_text _builder_version=&#8221;4.27.0&#8243; _module_preset=&#8221;default&#8221; custom_margin=&#8221;-14px||1px|||&#8221; custom_padding=&#8221;||9px|||&#8221; global_colors_info=&#8221;{}&#8221;]<\/p>\n<h3>DJI ZENMUSE H20N<\/h3>\n<p style=\"text-align: justify;\">Integra sensores de luz das estrelas nas suas c\u00e2maras de zoom e de grande angular. Quando combinado com c\u00e2maras t\u00e9rmicas de duplo zoom e um rangefinder a laser, obt\u00e9m-se uma carga h\u00edbrida vers\u00e1til que sobe \u00e0 ocasi\u00e3o. <\/p>\n<p>[\/et_pb_text][et_pb_button button_url=&#8221;https:\/\/hpdrones.pro\/pt-pt\/drones\/zenmuse-h20n\/&#8221; button_text=&#8221;ACEDER AO PRODUTO&#8221; button_alignment=&#8221;center&#8221; button_alignment_tablet=&#8221;right&#8221; button_alignment_phone=&#8221;left&#8221; button_alignment_last_edited=&#8221;on|phone&#8221; _builder_version=&#8221;4.27.0&#8243; _module_preset=&#8221;default&#8221; custom_button=&#8221;on&#8221; button_text_size=&#8221;17px&#8221; button_text_color=&#8221;#FFFFFF&#8221; button_bg_color=&#8221;#E02B20&#8243; custom_margin=&#8221;-6px|||||&#8221; locked=&#8221;off&#8221; global_colors_info=&#8221;{}&#8221;][\/et_pb_button][\/et_pb_column][et_pb_column type=&#8221;1_2&#8243; _builder_version=&#8221;4.27.0&#8243; _module_preset=&#8221;default&#8221; global_colors_info=&#8221;{}&#8221;][et_pb_image src=&#8221;https:\/\/hpdrones.pro\/wp-content\/uploads\/2024\/12\/Design-sem-nome.png&#8221; title_text=&#8221;h30&#8243; _builder_version=&#8221;4.27.0&#8243; _module_preset=&#8221;default&#8221; locked=&#8221;off&#8221; global_colors_info=&#8221;{}&#8221;][\/et_pb_image][et_pb_text _builder_version=&#8221;4.27.0&#8243; _module_preset=&#8221;default&#8221; custom_margin=&#8221;||30px|||&#8221; text_font_size_tablet=&#8221;18px&#8221; text_font_size_phone=&#8221;18px&#8221; text_font_size_last_edited=&#8221;on|phone&#8221; global_colors_info=&#8221;{}&#8221;]<\/p>\n<h3>DJI ZENMUSE H30T<\/h3>\n<p style=\"text-align: justify;\">Carga \u00fatil multi-sensor para todas as condi\u00e7\u00f5es meteorol\u00f3gicas. S\u00e9rie H30: inclui o DJI Zenmuse H30 e o DJI Zenmuse H30T. <\/p>\n<p>[\/et_pb_text][et_pb_button button_url=&#8221;https:\/\/hpdrones.pro\/pt-pt\/drones\/dji-zenmuse-h30t\/&#8221; button_text=&#8221;ACEDER AO PRODUTO&#8221; button_alignment=&#8221;center&#8221; button_alignment_tablet=&#8221;right&#8221; button_alignment_phone=&#8221;left&#8221; button_alignment_last_edited=&#8221;on|phone&#8221; _builder_version=&#8221;4.27.0&#8243; _module_preset=&#8221;default&#8221; custom_button=&#8221;on&#8221; button_text_size=&#8221;17px&#8221; button_text_color=&#8221;#FFFFFF&#8221; button_bg_color=&#8221;#E02B20&#8243; custom_margin=&#8221;-6px|||||&#8221; global_colors_info=&#8221;{}&#8221;][\/et_pb_button][\/et_pb_column][\/et_pb_row][et_pb_row _builder_version=&#8221;4.27.0&#8243; _module_preset=&#8221;default&#8221; width=&#8221;76%&#8221; hover_enabled=&#8221;0&#8243; box_shadow_style=&#8221;preset1&#8243; locked=&#8221;off&#8221; global_colors_info=&#8221;{}&#8221; disabled_on=&#8221;on|on|on&#8221; disabled=&#8221;on&#8221; sticky_enabled=&#8221;0&#8243;][et_pb_column type=&#8221;4_4&#8243; _builder_version=&#8221;4.16&#8243; _module_preset=&#8221;default&#8221; global_colors_info=&#8221;{}&#8221;][et_pb_text _builder_version=&#8221;4.16&#8243; _module_preset=&#8221;default&#8221; header_2_text_align=&#8221;center&#8221; header_2_text_color=&#8221;#E02B20&#8243; global_colors_info=&#8221;{}&#8221;]<\/p>\n<h2 id=\"h_55822580341696417285871\"><a href=\"#h_55822580341696417285871\">Contacte-nos<\/a><\/h2>\n<p>[ninja_form id=&#8221;4&#8243;]<\/p>\n<p>[\/et_pb_text][\/et_pb_column][\/et_pb_row][\/et_pb_section]<\/p>\n","protected":false},"excerpt":{"rendered":"<p>DJI PAYLOADS DJI ZENMUSE S1 O Zenmuse S1 \u00e9 o primeiro projetor da DJI projetado para plataformas de drones com m\u00faltiplas cargas \u00fateis, compat\u00edvel com os Matrice 350 RTK e Matrice 300 RTK. Gra\u00e7as \u00e0 tecnologia LEP, oferece alta luminosidade e uma ampla dist\u00e2ncia de ilumina\u00e7\u00e3o, al\u00e9m de ser compat\u00edvel com m\u00faltiplos modos de ilumina\u00e7\u00e3o. [&hellip;]<\/p>\n","protected":false},"author":1,"featured_media":0,"parent":0,"menu_order":0,"comment_status":"closed","ping_status":"closed","template":"","meta":{"_et_pb_use_builder":"on","_et_pb_old_content":"","_et_gb_content_width":"","footnotes":""},"class_list":["post-3101","page","type-page","status-publish","hentry"],"acf":[],"yoast_head":"<!-- This site is optimized with the Yoast SEO plugin v27.5 - https:\/\/yoast.com\/product\/yoast-seo-wordpress\/ -->\n<title>PAYLOADS DJI - HPDRONES<\/title>\n<meta name=\"description\" content=\"Os drones DJI Payloads combinam design e intelig\u00eancia, oferecendo m\u00e1xima precis\u00e3o e alto desempenho em agricultura de precis\u00e3o e usos comerciais.\" \/>\n<meta name=\"robots\" content=\"index, follow, max-snippet:-1, max-image-preview:large, max-video-preview:-1\" \/>\n<link rel=\"canonical\" href=\"https:\/\/hpdrones.pro\/pt-pt\/cargas-dji\/\" \/>\n<meta property=\"og:locale\" content=\"pt_PT\" \/>\n<meta property=\"og:type\" content=\"article\" \/>\n<meta property=\"og:title\" content=\"PAYLOADS DJI - HPDRONES\" \/>\n<meta property=\"og:description\" content=\"Os drones DJI Payloads combinam design e intelig\u00eancia, oferecendo m\u00e1xima precis\u00e3o e alto desempenho em agricultura de precis\u00e3o e usos comerciais.\" \/>\n<meta property=\"og:site_name\" content=\"HPDRONES\" \/>\n<meta property=\"article:modified_time\" content=\"2026-04-13T15:55:18+00:00\" \/>\n<meta name=\"twitter:card\" content=\"summary_large_image\" \/>\n<meta name=\"twitter:label1\" content=\"Tempo estimado de leitura\" \/>\n\t<meta name=\"twitter:data1\" content=\"2 minutos\" \/>\n<script type=\"application\/ld+json\" class=\"yoast-schema-graph\">{\"@context\":\"https:\\\/\\\/schema.org\",\"@graph\":[{\"@type\":\"WebPage\",\"@id\":\"https:\\\/\\\/hpdrones.pro\\\/pt-pt\\\/cargas-dji\\\/\",\"url\":\"https:\\\/\\\/hpdrones.pro\\\/pt-pt\\\/cargas-dji\\\/\",\"name\":\"PAYLOADS DJI - HPDRONES\",\"isPartOf\":{\"@id\":\"https:\\\/\\\/hpdrones.pro\\\/pt-pt\\\/#website\"},\"datePublished\":\"2022-02-27T21:53:13+00:00\",\"dateModified\":\"2026-04-13T15:55:18+00:00\",\"description\":\"Os drones DJI Payloads combinam design e intelig\u00eancia, oferecendo m\u00e1xima precis\u00e3o e alto desempenho em agricultura de precis\u00e3o e usos comerciais.\",\"breadcrumb\":{\"@id\":\"https:\\\/\\\/hpdrones.pro\\\/pt-pt\\\/cargas-dji\\\/#breadcrumb\"},\"inLanguage\":\"pt-PT\",\"potentialAction\":[{\"@type\":\"ReadAction\",\"target\":[\"https:\\\/\\\/hpdrones.pro\\\/pt-pt\\\/cargas-dji\\\/\"]}]},{\"@type\":\"BreadcrumbList\",\"@id\":\"https:\\\/\\\/hpdrones.pro\\\/pt-pt\\\/cargas-dji\\\/#breadcrumb\",\"itemListElement\":[{\"@type\":\"ListItem\",\"position\":1,\"name\":\"Portada\",\"item\":\"https:\\\/\\\/hpdrones.pro\\\/pt-pt\\\/\"},{\"@type\":\"ListItem\",\"position\":2,\"name\":\"PAYLOADS DJI\"}]},{\"@type\":\"WebSite\",\"@id\":\"https:\\\/\\\/hpdrones.pro\\\/pt-pt\\\/#website\",\"url\":\"https:\\\/\\\/hpdrones.pro\\\/pt-pt\\\/\",\"name\":\"HPDRONES\",\"description\":\"\",\"publisher\":{\"@id\":\"https:\\\/\\\/hpdrones.pro\\\/pt-pt\\\/#organization\"},\"potentialAction\":[{\"@type\":\"SearchAction\",\"target\":{\"@type\":\"EntryPoint\",\"urlTemplate\":\"https:\\\/\\\/hpdrones.pro\\\/pt-pt\\\/?s={search_term_string}\"},\"query-input\":{\"@type\":\"PropertyValueSpecification\",\"valueRequired\":true,\"valueName\":\"search_term_string\"}}],\"inLanguage\":\"pt-PT\"},{\"@type\":\"Organization\",\"@id\":\"https:\\\/\\\/hpdrones.pro\\\/pt-pt\\\/#organization\",\"name\":\"HPDRONES\",\"url\":\"https:\\\/\\\/hpdrones.pro\\\/pt-pt\\\/\",\"logo\":{\"@type\":\"ImageObject\",\"inLanguage\":\"pt-PT\",\"@id\":\"https:\\\/\\\/hpdrones.pro\\\/pt-pt\\\/#\\\/schema\\\/logo\\\/image\\\/\",\"url\":\"https:\\\/\\\/hpdrones.pro\\\/wp-content\\\/uploads\\\/2022\\\/01\\\/logo_drone.png\",\"contentUrl\":\"https:\\\/\\\/hpdrones.pro\\\/wp-content\\\/uploads\\\/2022\\\/01\\\/logo_drone.png\",\"width\":500,\"height\":46,\"caption\":\"HPDRONES\"},\"image\":{\"@id\":\"https:\\\/\\\/hpdrones.pro\\\/pt-pt\\\/#\\\/schema\\\/logo\\\/image\\\/\"}}]}<\/script>\n<!-- \/ Yoast SEO plugin. -->","yoast_head_json":{"title":"PAYLOADS DJI - HPDRONES","description":"Os drones DJI Payloads combinam design e intelig\u00eancia, oferecendo m\u00e1xima precis\u00e3o e alto desempenho em agricultura de precis\u00e3o e usos comerciais.","robots":{"index":"index","follow":"follow","max-snippet":"max-snippet:-1","max-image-preview":"max-image-preview:large","max-video-preview":"max-video-preview:-1"},"canonical":"https:\/\/hpdrones.pro\/pt-pt\/cargas-dji\/","og_locale":"pt_PT","og_type":"article","og_title":"PAYLOADS DJI - HPDRONES","og_description":"Os drones DJI Payloads combinam design e intelig\u00eancia, oferecendo m\u00e1xima precis\u00e3o e alto desempenho em agricultura de precis\u00e3o e usos comerciais.","og_site_name":"HPDRONES","article_modified_time":"2026-04-13T15:55:18+00:00","twitter_card":"summary_large_image","twitter_misc":{"Tempo estimado de leitura":"2 minutos"},"schema":{"@context":"https:\/\/schema.org","@graph":[{"@type":"WebPage","@id":"https:\/\/hpdrones.pro\/pt-pt\/cargas-dji\/","url":"https:\/\/hpdrones.pro\/pt-pt\/cargas-dji\/","name":"PAYLOADS DJI - HPDRONES","isPartOf":{"@id":"https:\/\/hpdrones.pro\/pt-pt\/#website"},"datePublished":"2022-02-27T21:53:13+00:00","dateModified":"2026-04-13T15:55:18+00:00","description":"Os drones DJI Payloads combinam design e intelig\u00eancia, oferecendo m\u00e1xima precis\u00e3o e alto desempenho em agricultura de precis\u00e3o e usos comerciais.","breadcrumb":{"@id":"https:\/\/hpdrones.pro\/pt-pt\/cargas-dji\/#breadcrumb"},"inLanguage":"pt-PT","potentialAction":[{"@type":"ReadAction","target":["https:\/\/hpdrones.pro\/pt-pt\/cargas-dji\/"]}]},{"@type":"BreadcrumbList","@id":"https:\/\/hpdrones.pro\/pt-pt\/cargas-dji\/#breadcrumb","itemListElement":[{"@type":"ListItem","position":1,"name":"Portada","item":"https:\/\/hpdrones.pro\/pt-pt\/"},{"@type":"ListItem","position":2,"name":"PAYLOADS DJI"}]},{"@type":"WebSite","@id":"https:\/\/hpdrones.pro\/pt-pt\/#website","url":"https:\/\/hpdrones.pro\/pt-pt\/","name":"HPDRONES","description":"","publisher":{"@id":"https:\/\/hpdrones.pro\/pt-pt\/#organization"},"potentialAction":[{"@type":"SearchAction","target":{"@type":"EntryPoint","urlTemplate":"https:\/\/hpdrones.pro\/pt-pt\/?s={search_term_string}"},"query-input":{"@type":"PropertyValueSpecification","valueRequired":true,"valueName":"search_term_string"}}],"inLanguage":"pt-PT"},{"@type":"Organization","@id":"https:\/\/hpdrones.pro\/pt-pt\/#organization","name":"HPDRONES","url":"https:\/\/hpdrones.pro\/pt-pt\/","logo":{"@type":"ImageObject","inLanguage":"pt-PT","@id":"https:\/\/hpdrones.pro\/pt-pt\/#\/schema\/logo\/image\/","url":"https:\/\/hpdrones.pro\/wp-content\/uploads\/2022\/01\/logo_drone.png","contentUrl":"https:\/\/hpdrones.pro\/wp-content\/uploads\/2022\/01\/logo_drone.png","width":500,"height":46,"caption":"HPDRONES"},"image":{"@id":"https:\/\/hpdrones.pro\/pt-pt\/#\/schema\/logo\/image\/"}}]}},"_links":{"self":[{"href":"https:\/\/hpdrones.pro\/pt-pt\/wp-json\/wp\/v2\/pages\/3101","targetHints":{"allow":["GET"]}}],"collection":[{"href":"https:\/\/hpdrones.pro\/pt-pt\/wp-json\/wp\/v2\/pages"}],"about":[{"href":"https:\/\/hpdrones.pro\/pt-pt\/wp-json\/wp\/v2\/types\/page"}],"author":[{"embeddable":true,"href":"https:\/\/hpdrones.pro\/pt-pt\/wp-json\/wp\/v2\/users\/1"}],"replies":[{"embeddable":true,"href":"https:\/\/hpdrones.pro\/pt-pt\/wp-json\/wp\/v2\/comments?post=3101"}],"version-history":[{"count":0,"href":"https:\/\/hpdrones.pro\/pt-pt\/wp-json\/wp\/v2\/pages\/3101\/revisions"}],"wp:attachment":[{"href":"https:\/\/hpdrones.pro\/pt-pt\/wp-json\/wp\/v2\/media?parent=3101"}],"curies":[{"name":"wp","href":"https:\/\/api.w.org\/{rel}","templated":true}]}}