{"id":3103,"date":"2022-02-17T17:13:48","date_gmt":"2022-02-17T17:13:48","guid":{"rendered":"https:\/\/hp-drones.com\/servicos\/"},"modified":"2026-04-02T11:37:45","modified_gmt":"2026-04-02T11:37:45","slug":"servicos","status":"publish","type":"page","link":"https:\/\/hpdrones.pro\/pt-pt\/servicos\/","title":{"rendered":"Servi\u00e7os"},"content":{"rendered":"<p>[et_pb_section fb_built=&#8221;1&#8243; _builder_version=&#8221;4.16&#8243; _module_preset=&#8221;default&#8221; use_background_color_gradient=&#8221;on&#8221; background_color_gradient_stops=&#8221;rgba(0,0,0,0.53) 0%|rgba(0,0,0,0.24) 100%&#8221; background_color_gradient_overlays_image=&#8221;on&#8221; background_color_gradient_start=&#8221;rgba(0,0,0,0.53)&#8221; background_color_gradient_end=&#8221;rgba(0,0,0,0.24)&#8221; background_image=&#8221;https:\/\/hpdrones.pro\/wp-content\/uploads\/2022\/02\/services1.jpg&#8221; custom_margin=&#8221;-71px|||||&#8221; custom_padding=&#8221;73px||73px||true|false&#8221; global_colors_info=&#8221;{}&#8221;][et_pb_row use_custom_gutter=&#8221;on&#8221; make_equal=&#8221;on&#8221; custom_padding_last_edited=&#8221;on|phone&#8221; _builder_version=&#8221;4.16&#8243; _module_preset=&#8221;default&#8221; width=&#8221;90%&#8221; custom_padding=&#8221;46px||0px||false|&#8221; custom_padding_tablet=&#8221;46px||0px||false|&#8221; custom_padding_phone=&#8221;88px||||false|false&#8221; global_colors_info=&#8221;{}&#8221;][et_pb_column type=&#8221;4_4&#8243; _builder_version=&#8221;4.16&#8243; _module_preset=&#8221;default&#8221; global_colors_info=&#8221;{}&#8221;][et_pb_text _builder_version=&#8221;4.16&#8243; _module_preset=&#8221;default&#8221; header_font=&#8221;|300|||||||&#8221; header_text_color=&#8221;#FFFFFF&#8221; header_font_size=&#8221;54px&#8221; header_4_font=&#8221;|300|||||||&#8221; header_4_text_color=&#8221;#FFFFFF&#8221; header_4_font_size=&#8221;21px&#8221; header_text_shadow_style=&#8221;preset1&#8243; global_colors_info=&#8221;{}&#8221;]<\/p>\n<h1>SERVI\u00c7OS<\/h1>\n<h4>Conceito 360\u00ba, \u00fanico no mercado.<br \/>\n<\/h4>\n<p>[\/et_pb_text][\/et_pb_column][\/et_pb_row][\/et_pb_section][et_pb_section fb_built=&#8221;1&#8243; _builder_version=&#8221;4.16&#8243; _module_preset=&#8221;default&#8221; custom_padding=&#8221;0px||0px|||&#8221; global_colors_info=&#8221;{}&#8221;][et_pb_row _builder_version=&#8221;4.16&#8243; _module_preset=&#8221;default&#8221; width=&#8221;90%&#8221; global_colors_info=&#8221;{}&#8221;][et_pb_column type=&#8221;4_4&#8243; _builder_version=&#8221;4.16&#8243; _module_preset=&#8221;default&#8221; global_colors_info=&#8221;{}&#8221;][et_pb_divider _builder_version=&#8221;4.16&#8243; _module_preset=&#8221;default&#8221; global_colors_info=&#8221;{}&#8221;][\/et_pb_divider][\/et_pb_column][\/et_pb_row][\/et_pb_section][et_pb_section fb_built=&#8221;1&#8243; _builder_version=&#8221;4.16&#8243; _module_preset=&#8221;default&#8221; custom_padding=&#8221;27px||36px|||&#8221; global_colors_info=&#8221;{}&#8221;][et_pb_row column_structure=&#8221;1_2,1_2&#8243; use_custom_gutter=&#8221;on&#8221; gutter_width=&#8221;2&#8243; make_equal=&#8221;on&#8221; disabled_on=&#8221;off|off|off&#8221; _builder_version=&#8221;4.16&#8243; _module_preset=&#8221;default&#8221; width=&#8221;100%&#8221; global_colors_info=&#8221;{}&#8221;][et_pb_column type=&#8221;1_2&#8243; _builder_version=&#8221;4.16&#8243; _module_preset=&#8221;default&#8221; custom_padding=&#8221;31px|10px|31px|75px|true|false&#8221; custom_padding_tablet=&#8221;31px|10px|31px|75px|true|false&#8221; custom_padding_phone=&#8221;|30px||30px|true|true&#8221; custom_padding_last_edited=&#8221;on|phone&#8221; global_colors_info=&#8221;{}&#8221;][et_pb_text _builder_version=&#8221;4.16&#8243; _module_preset=&#8221;default&#8221; text_font_size=&#8221;20px&#8221; header_2_font=&#8221;|800|||||||&#8221; header_2_text_color=&#8221;#c11919&#8243; header_2_font_size=&#8221;35px&#8221; global_colors_info=&#8221;{}&#8221;]<\/p>\n<h2 style=\"text-align: justify;\">HPDRONES: MARCA L\u00cdDER NO MERCADO<\/h2>\n<p style=\"text-align: justify;\">\n<p style=\"text-align: justify;\"><span style=\"font-weight: 400;\">Somos uma empresa especializada em ve\u00edculos a\u00e9reos n\u00e3o tripulados. Marca l\u00edder na Pen\u00ednsula Ib\u00e9rica, em conhecimento, marketing e servi\u00e7os prestados por drones. Fornece solu\u00e7\u00f5es de consultoria, hardware e software adaptadas \u00e0s necessidades espec\u00edficas de cada cliente.  <\/span><\/p>\n<p>[\/et_pb_text][et_pb_button button_url=&#8221;https:\/\/hpdrones.pro\/pt-pt\/contacto\/&#8221; button_text=&#8221;CONTACTO&#8221; button_alignment=&#8221;left&#8221; _builder_version=&#8221;4.27.0&#8243; _module_preset=&#8221;default&#8221; custom_button=&#8221;on&#8221; button_text_size=&#8221;22px&#8221; button_text_color=&#8221;#FFFFFF&#8221; button_bg_color=&#8221;#E02B20&#8243; button_border_radius=&#8221;3px&#8221; background_layout=&#8221;dark&#8221; hover_enabled=&#8221;0&#8243; locked=&#8221;off&#8221; global_colors_info=&#8221;{}&#8221; sticky_enabled=&#8221;0&#8243;][\/et_pb_button][\/et_pb_column][et_pb_column type=&#8221;1_2&#8243; _builder_version=&#8221;4.16&#8243; _module_preset=&#8221;default&#8221; background_image=&#8221;https:\/\/hpdrones.pro\/wp-content\/uploads\/2022\/02\/service_dji.jpg&#8221; custom_padding=&#8221;162px||162px||true|false&#8221; global_colors_info=&#8221;{}&#8221;][et_pb_divider show_divider=&#8221;off&#8221; _builder_version=&#8221;4.16&#8243; _module_preset=&#8221;default&#8221; custom_margin_tablet=&#8221;&#8221; custom_margin_phone=&#8221;&#8221; custom_margin_last_edited=&#8221;on|desktop&#8221; custom_padding_tablet=&#8221;&#8221; custom_padding_phone=&#8221;&#8221; custom_padding_last_edited=&#8221;on|phone&#8221; global_colors_info=&#8221;{}&#8221;][\/et_pb_divider][\/et_pb_column][\/et_pb_row][\/et_pb_section][et_pb_section fb_built=&#8221;1&#8243; _builder_version=&#8221;4.16&#8243; _module_preset=&#8221;default&#8221; custom_padding=&#8221;0px||0px|||&#8221; global_colors_info=&#8221;{}&#8221;][et_pb_row _builder_version=&#8221;4.16&#8243; _module_preset=&#8221;default&#8221; global_colors_info=&#8221;{}&#8221;][et_pb_column type=&#8221;4_4&#8243; _builder_version=&#8221;4.16&#8243; _module_preset=&#8221;default&#8221; global_colors_info=&#8221;{}&#8221;][et_pb_text _builder_version=&#8221;4.16&#8243; _module_preset=&#8221;default&#8221; header_3_text_align=&#8221;center&#8221; global_colors_info=&#8221;{}&#8221;]<\/p>\n<h3>DESENVOLVEMOS O CONCEITO <span style=\"color: #ff0000;\">360\u00ba<\/span><\/h3>\n<p>[\/et_pb_text][et_pb_divider _builder_version=&#8221;4.16&#8243; _module_preset=&#8221;default&#8221; width=&#8221;27%&#8221; module_alignment=&#8221;center&#8221; global_colors_info=&#8221;{}&#8221;][\/et_pb_divider][\/et_pb_column][\/et_pb_row][\/et_pb_section][et_pb_section fb_built=&#8221;1&#8243; _builder_version=&#8221;4.16&#8243; _module_preset=&#8221;default&#8221; custom_padding=&#8221;0px||0px||true|&#8221; global_colors_info=&#8221;{}&#8221;][et_pb_row make_equal=&#8221;on&#8221; _builder_version=&#8221;4.16&#8243; _module_preset=&#8221;default&#8221; width=&#8221;70%&#8221; global_colors_info=&#8221;{}&#8221;][et_pb_column type=&#8221;4_4&#8243; _builder_version=&#8221;4.16&#8243; _module_preset=&#8221;default&#8221; global_colors_info=&#8221;{}&#8221;][et_pb_text _builder_version=&#8221;4.16&#8243; _module_preset=&#8221;default&#8221; text_font_size=&#8221;20px&#8221; text_orientation=&#8221;center&#8221; global_colors_info=&#8221;{}&#8221;]<\/p>\n<p style=\"text-align: justify;\"><span style=\"font-weight: 400;\">Este conceito surge com o objetivo de garantir ao cliente um acompanhamento constante do modelo adquirido na HPDRONES, bem como um profundo conhecimento das suas caracter\u00edsticas, permitindo assim ao modelo ter uma maior longevidade e cumprir com sucesso os objetivos para os quais foi adquirido.  <\/span><\/p>\n<p style=\"text-align: justify;\"><span style=\"font-weight: 400;\">A rela\u00e7\u00e3o entre a empresa e o cliente \u00e9 fundamental. Garantimos ao nosso cliente a assist\u00eancia adequada para cada situa\u00e7\u00e3o. Para isso, dispomos de um centro de repara\u00e7\u00e3o e manuten\u00e7\u00e3o, bem como a possibilidade de oferecer um aluguer tempor\u00e1rio ou a mudan\u00e7a para um novo modelo.  <\/span><\/p>\n<p style=\"text-align: justify;\"><span style=\"font-weight: 400;\">A satisfa\u00e7\u00e3o do cliente \u00e9 o nosso principal objetivo.  <\/span><\/p>\n<p>[\/et_pb_text][\/et_pb_column][\/et_pb_row][et_pb_row use_custom_gutter=&#8221;on&#8221; gutter_width=&#8221;2&#8243; make_equal=&#8221;on&#8221; _builder_version=&#8221;4.16&#8243; _module_preset=&#8221;default&#8221; width=&#8221;90%&#8221; global_colors_info=&#8221;{}&#8221;][et_pb_column type=&#8221;4_4&#8243; _builder_version=&#8221;4.16&#8243; _module_preset=&#8221;default&#8221; background_color=&#8221;#f9f9f9&#8243; custom_padding=&#8221;34px|28px|34px|28px|true|true&#8221; border_radii=&#8221;on|5px|5px|5px|5px&#8221; global_colors_info=&#8221;{}&#8221;][dipi_image_hotspot img_src=&#8221;https:\/\/hpdrones.pro\/wp-content\/uploads\/2022\/02\/360-1.png&#8221; _builder_version=&#8221;4.16&#8243; _module_preset=&#8221;default&#8221; width=&#8221;39%&#8221; module_alignment=&#8221;center&#8221; global_colors_info=&#8221;{}&#8221;][dipi_image_hotspot_child title=&#8221;CONSULTORIA&#8221; use_hotspot_icon=&#8221;on&#8221; hotspot_icon_color=&#8221;#E02B20&#8243; use_hotspot_icon_font_size=&#8221;on&#8221; hotspot_icon_size=&#8221;60px&#8221; hotspot_ripple_effect=&#8221;on&#8221; hotspot_position_vertical=&#8221;5%&#8221; hotspot_position_horizontal=&#8221;30%&#8221; tooltip_img_alt=&#8221;CONSULTOR\u00cdA&#8221; tooltip_bg=&#8221;RGBA(255,255,255,0)&#8221; tooltip_title=&#8221;CONSULTOR\u00cdA&#8221; tooltip_content_align=&#8221;right&#8221; _builder_version=&#8221;4.16&#8243; _module_preset=&#8221;default&#8221; width=&#8221;100%&#8221; global_colors_info=&#8221;{}&#8221;][\/dipi_image_hotspot_child][dipi_image_hotspot_child title=&#8221;FORMA\u00c7\u00c3O&#8221; use_hotspot_icon=&#8221;on&#8221; hotspot_icon_color=&#8221;#E02B20&#8243; use_hotspot_icon_font_size=&#8221;on&#8221; hotspot_icon_size=&#8221;56px&#8221; hotspot_ripple_effect=&#8221;on&#8221; hotspot_position_vertical=&#8221;29%&#8221; hotspot_position_horizontal=&#8221;11%&#8221; tooltip_img_alt=&#8221;FORMACI\u00d3N&#8221; tooltip_bg=&#8221;RGBA(255,255,255,0)&#8221; tooltip_title=&#8221;FORMACI\u00d3N&#8221; tooltip_content_align=&#8221;right&#8221; _builder_version=&#8221;4.16&#8243; _module_preset=&#8221;default&#8221; width=&#8221;100%&#8221; global_colors_info=&#8221;{}&#8221;][\/dipi_image_hotspot_child][dipi_image_hotspot_child title=&#8221;ASSIST\u00caNCIA&#8221; use_hotspot_icon=&#8221;on&#8221; hotspot_icon_color=&#8221;#E02B20&#8243; use_hotspot_icon_font_size=&#8221;on&#8221; hotspot_icon_size=&#8221;45px&#8221; hotspot_ripple_effect=&#8221;on&#8221; hotspot_position_vertical=&#8221;64%&#8221; hotspot_position_horizontal=&#8221;11%&#8221; tooltip_img_alt=&#8221;ASISTENCIA&#8221; tooltip_bg=&#8221;RGBA(255,255,255,0)&#8221; tooltip_title=&#8221;ASISTENCIA&#8221; tooltip_content_align=&#8221;right&#8221; _builder_version=&#8221;4.16&#8243; _module_preset=&#8221;default&#8221; width=&#8221;100%&#8221; global_colors_info=&#8221;{}&#8221;][\/dipi_image_hotspot_child][dipi_image_hotspot_child title=&#8221;PROJETOS&#8221; use_hotspot_icon=&#8221;on&#8221; hotspot_icon_color=&#8221;#000000&#8243; use_hotspot_icon_font_size=&#8221;on&#8221; hotspot_icon_size=&#8221;38px&#8221; hotspot_ripple_effect=&#8221;on&#8221; hotspot_position_vertical=&#8221;28%&#8221; hotspot_position_horizontal=&#8221;82%&#8221; tooltip_img_alt=&#8221;PROYECTOS&#8221; tooltip_bg=&#8221;RGBA(255,255,255,0)&#8221; tooltip_title=&#8221;PROYECTOS&#8221; tooltip_position=&#8221;top&#8221; tooltip_width=&#8221;472px&#8221; _builder_version=&#8221;4.16&#8243; _module_preset=&#8221;default&#8221; width=&#8221;100%&#8221; global_colors_info=&#8221;{}&#8221;][\/dipi_image_hotspot_child][dipi_image_hotspot_child title=&#8221;RECOLHA DE DADOS&#8221; use_hotspot_icon=&#8221;on&#8221; hotspot_icon_color=&#8221;#000000&#8243; use_hotspot_icon_font_size=&#8221;on&#8221; hotspot_icon_size=&#8221;56px&#8221; hotspot_ripple_effect=&#8221;on&#8221; hotspot_position_vertical=&#8221;60%&#8221; hotspot_position_horizontal=&#8221;80%&#8221; tooltip_img_alt=&#8221;RECOPILACION DE DATOS&#8221; tooltip_bg=&#8221;RGBA(255,255,255,0)&#8221; tooltip_title=&#8221;RECOPILACION DE DATOS&#8221; tooltip_position=&#8221;bottom&#8221; tooltip_width=&#8221;472px&#8221; _builder_version=&#8221;4.16&#8243; _module_preset=&#8221;default&#8221; width=&#8221;100%&#8221; global_colors_info=&#8221;{}&#8221;][\/dipi_image_hotspot_child][dipi_image_hotspot_child title=&#8221;UPGRADE&#8221; use_hotspot_icon=&#8221;on&#8221; hotspot_icon_color=&#8221;#000000&#8243; use_hotspot_icon_font_size=&#8221;on&#8221; hotspot_icon_size=&#8221;67px&#8221; hotspot_ripple_effect=&#8221;on&#8221; hotspot_position_vertical=&#8221;82%&#8221; hotspot_position_horizontal=&#8221;63%&#8221; tooltip_img_alt=&#8221;UPGRADE&#8221; tooltip_bg=&#8221;RGBA(255,255,255,0)&#8221; tooltip_title=&#8221;UPGRADE&#8221; tooltip_position=&#8221;bottom&#8221; tooltip_width=&#8221;500px&#8221; _builder_version=&#8221;4.16&#8243; _module_preset=&#8221;default&#8221; width=&#8221;100%&#8221; global_colors_info=&#8221;{}&#8221;][\/dipi_image_hotspot_child][\/dipi_image_hotspot][\/et_pb_column][\/et_pb_row][\/et_pb_section]<\/p>\n","protected":false},"excerpt":{"rendered":"<p>SERVI\u00c7OS Conceito 360\u00ba, \u00fanico no mercado. HPDRONES: MARCA L\u00cdDER NO MERCADO Somos uma empresa especializada em ve\u00edculos a\u00e9reos n\u00e3o tripulados. Marca l\u00edder na Pen\u00ednsula Ib\u00e9rica, em conhecimento, marketing e servi\u00e7os prestados por drones. Fornece solu\u00e7\u00f5es de consultoria, hardware e software adaptadas \u00e0s necessidades espec\u00edficas de cada cliente. DESENVOLVEMOS O CONCEITO 360\u00baEste conceito surge com o [&hellip;]<\/p>\n","protected":false},"author":1,"featured_media":0,"parent":0,"menu_order":0,"comment_status":"closed","ping_status":"closed","template":"","meta":{"_et_pb_use_builder":"on","_et_pb_old_content":"","_et_gb_content_width":"","footnotes":""},"class_list":["post-3103","page","type-page","status-publish","hentry"],"acf":[],"yoast_head":"<!-- This site is optimized with the Yoast SEO plugin v27.1.1 - https:\/\/yoast.com\/product\/yoast-seo-wordpress\/ -->\n<title>Servi\u00e7os - HPDRONES<\/title>\n<meta name=\"description\" content=\"HPDRONES \u00e9 a marca l\u00edder no mercado! Uma empresa especializada em drones que oferece servi\u00e7os sob um novo conceito de 360\u00ba, \u00fanico no mercado.\" \/>\n<meta name=\"robots\" content=\"index, follow, max-snippet:-1, max-image-preview:large, max-video-preview:-1\" \/>\n<link rel=\"canonical\" href=\"https:\/\/hpdrones.pro\/pt-pt\/servicos\/\" \/>\n<meta property=\"og:locale\" content=\"pt_PT\" \/>\n<meta property=\"og:type\" content=\"article\" \/>\n<meta property=\"og:title\" content=\"Servi\u00e7os - HPDRONES\" \/>\n<meta property=\"og:description\" content=\"HPDRONES \u00e9 a marca l\u00edder no mercado! Uma empresa especializada em drones que oferece servi\u00e7os sob um novo conceito de 360\u00ba, \u00fanico no mercado.\" \/>\n<meta property=\"og:site_name\" content=\"HPDRONES\" \/>\n<meta property=\"article:modified_time\" content=\"2026-04-02T11:37:45+00:00\" \/>\n<meta name=\"twitter:card\" content=\"summary_large_image\" \/>\n<meta name=\"twitter:label1\" content=\"Tempo estimado de leitura\" \/>\n\t<meta name=\"twitter:data1\" content=\"1 minuto\" \/>\n<script type=\"application\/ld+json\" class=\"yoast-schema-graph\">{\"@context\":\"https:\/\/schema.org\",\"@graph\":[{\"@type\":\"WebPage\",\"@id\":\"https:\/\/hpdrones.pro\/pt-pt\/servicos\/\",\"url\":\"https:\/\/hpdrones.pro\/pt-pt\/servicos\/\",\"name\":\"Servi\u00e7os - HPDRONES\",\"isPartOf\":{\"@id\":\"https:\/\/hpdrones.pro\/pt-pt\/#website\"},\"datePublished\":\"2022-02-17T17:13:48+00:00\",\"dateModified\":\"2026-04-02T11:37:45+00:00\",\"description\":\"HPDRONES \u00e9 a marca l\u00edder no mercado! Uma empresa especializada em drones que oferece servi\u00e7os sob um novo conceito de 360\u00ba, \u00fanico no mercado.\",\"breadcrumb\":{\"@id\":\"https:\/\/hpdrones.pro\/pt-pt\/servicos\/#breadcrumb\"},\"inLanguage\":\"pt-PT\",\"potentialAction\":[{\"@type\":\"ReadAction\",\"target\":[\"https:\/\/hpdrones.pro\/pt-pt\/servicos\/\"]}]},{\"@type\":\"BreadcrumbList\",\"@id\":\"https:\/\/hpdrones.pro\/pt-pt\/servicos\/#breadcrumb\",\"itemListElement\":[{\"@type\":\"ListItem\",\"position\":1,\"name\":\"Portada\",\"item\":\"https:\/\/hpdrones.pro\/pt-pt\/\"},{\"@type\":\"ListItem\",\"position\":2,\"name\":\"Servi\u00e7os\"}]},{\"@type\":\"WebSite\",\"@id\":\"https:\/\/hpdrones.pro\/pt-pt\/#website\",\"url\":\"https:\/\/hpdrones.pro\/pt-pt\/\",\"name\":\"HPDRONES\",\"description\":\"\",\"publisher\":{\"@id\":\"https:\/\/hpdrones.pro\/pt-pt\/#organization\"},\"potentialAction\":[{\"@type\":\"SearchAction\",\"target\":{\"@type\":\"EntryPoint\",\"urlTemplate\":\"https:\/\/hpdrones.pro\/pt-pt\/?s={search_term_string}\"},\"query-input\":{\"@type\":\"PropertyValueSpecification\",\"valueRequired\":true,\"valueName\":\"search_term_string\"}}],\"inLanguage\":\"pt-PT\"},{\"@type\":\"Organization\",\"@id\":\"https:\/\/hpdrones.pro\/pt-pt\/#organization\",\"name\":\"HPDRONES\",\"url\":\"https:\/\/hpdrones.pro\/pt-pt\/\",\"logo\":{\"@type\":\"ImageObject\",\"inLanguage\":\"pt-PT\",\"@id\":\"https:\/\/hpdrones.pro\/pt-pt\/#\/schema\/logo\/image\/\",\"url\":\"https:\/\/hpdrones.pro\/wp-content\/uploads\/2022\/01\/logo_drone.png\",\"contentUrl\":\"https:\/\/hpdrones.pro\/wp-content\/uploads\/2022\/01\/logo_drone.png\",\"width\":500,\"height\":46,\"caption\":\"HPDRONES\"},\"image\":{\"@id\":\"https:\/\/hpdrones.pro\/pt-pt\/#\/schema\/logo\/image\/\"}}]}<\/script>\n<!-- \/ Yoast SEO plugin. -->","yoast_head_json":{"title":"Servi\u00e7os - HPDRONES","description":"HPDRONES \u00e9 a marca l\u00edder no mercado! Uma empresa especializada em drones que oferece servi\u00e7os sob um novo conceito de 360\u00ba, \u00fanico no mercado.","robots":{"index":"index","follow":"follow","max-snippet":"max-snippet:-1","max-image-preview":"max-image-preview:large","max-video-preview":"max-video-preview:-1"},"canonical":"https:\/\/hpdrones.pro\/pt-pt\/servicos\/","og_locale":"pt_PT","og_type":"article","og_title":"Servi\u00e7os - HPDRONES","og_description":"HPDRONES \u00e9 a marca l\u00edder no mercado! Uma empresa especializada em drones que oferece servi\u00e7os sob um novo conceito de 360\u00ba, \u00fanico no mercado.","og_site_name":"HPDRONES","article_modified_time":"2026-04-02T11:37:45+00:00","twitter_card":"summary_large_image","twitter_misc":{"Tempo estimado de leitura":"1 minuto"},"schema":{"@context":"https:\/\/schema.org","@graph":[{"@type":"WebPage","@id":"https:\/\/hpdrones.pro\/pt-pt\/servicos\/","url":"https:\/\/hpdrones.pro\/pt-pt\/servicos\/","name":"Servi\u00e7os - HPDRONES","isPartOf":{"@id":"https:\/\/hpdrones.pro\/pt-pt\/#website"},"datePublished":"2022-02-17T17:13:48+00:00","dateModified":"2026-04-02T11:37:45+00:00","description":"HPDRONES \u00e9 a marca l\u00edder no mercado! Uma empresa especializada em drones que oferece servi\u00e7os sob um novo conceito de 360\u00ba, \u00fanico no mercado.","breadcrumb":{"@id":"https:\/\/hpdrones.pro\/pt-pt\/servicos\/#breadcrumb"},"inLanguage":"pt-PT","potentialAction":[{"@type":"ReadAction","target":["https:\/\/hpdrones.pro\/pt-pt\/servicos\/"]}]},{"@type":"BreadcrumbList","@id":"https:\/\/hpdrones.pro\/pt-pt\/servicos\/#breadcrumb","itemListElement":[{"@type":"ListItem","position":1,"name":"Portada","item":"https:\/\/hpdrones.pro\/pt-pt\/"},{"@type":"ListItem","position":2,"name":"Servi\u00e7os"}]},{"@type":"WebSite","@id":"https:\/\/hpdrones.pro\/pt-pt\/#website","url":"https:\/\/hpdrones.pro\/pt-pt\/","name":"HPDRONES","description":"","publisher":{"@id":"https:\/\/hpdrones.pro\/pt-pt\/#organization"},"potentialAction":[{"@type":"SearchAction","target":{"@type":"EntryPoint","urlTemplate":"https:\/\/hpdrones.pro\/pt-pt\/?s={search_term_string}"},"query-input":{"@type":"PropertyValueSpecification","valueRequired":true,"valueName":"search_term_string"}}],"inLanguage":"pt-PT"},{"@type":"Organization","@id":"https:\/\/hpdrones.pro\/pt-pt\/#organization","name":"HPDRONES","url":"https:\/\/hpdrones.pro\/pt-pt\/","logo":{"@type":"ImageObject","inLanguage":"pt-PT","@id":"https:\/\/hpdrones.pro\/pt-pt\/#\/schema\/logo\/image\/","url":"https:\/\/hpdrones.pro\/wp-content\/uploads\/2022\/01\/logo_drone.png","contentUrl":"https:\/\/hpdrones.pro\/wp-content\/uploads\/2022\/01\/logo_drone.png","width":500,"height":46,"caption":"HPDRONES"},"image":{"@id":"https:\/\/hpdrones.pro\/pt-pt\/#\/schema\/logo\/image\/"}}]}},"_links":{"self":[{"href":"https:\/\/hpdrones.pro\/pt-pt\/wp-json\/wp\/v2\/pages\/3103","targetHints":{"allow":["GET"]}}],"collection":[{"href":"https:\/\/hpdrones.pro\/pt-pt\/wp-json\/wp\/v2\/pages"}],"about":[{"href":"https:\/\/hpdrones.pro\/pt-pt\/wp-json\/wp\/v2\/types\/page"}],"author":[{"embeddable":true,"href":"https:\/\/hpdrones.pro\/pt-pt\/wp-json\/wp\/v2\/users\/1"}],"replies":[{"embeddable":true,"href":"https:\/\/hpdrones.pro\/pt-pt\/wp-json\/wp\/v2\/comments?post=3103"}],"version-history":[{"count":2,"href":"https:\/\/hpdrones.pro\/pt-pt\/wp-json\/wp\/v2\/pages\/3103\/revisions"}],"predecessor-version":[{"id":25365,"href":"https:\/\/hpdrones.pro\/pt-pt\/wp-json\/wp\/v2\/pages\/3103\/revisions\/25365"}],"wp:attachment":[{"href":"https:\/\/hpdrones.pro\/pt-pt\/wp-json\/wp\/v2\/media?parent=3103"}],"curies":[{"name":"wp","href":"https:\/\/api.w.org\/{rel}","templated":true}]}}