{"id":3112,"date":"2022-03-14T09:40:13","date_gmt":"2022-03-14T09:40:13","guid":{"rendered":"https:\/\/hp-drones.com\/termos-e-condicoes\/"},"modified":"2025-01-28T10:38:05","modified_gmt":"2025-01-28T10:38:05","slug":"termos-e-condicoes","status":"publish","type":"page","link":"https:\/\/hpdrones.pro\/pt-pt\/termos-e-condicoes\/","title":{"rendered":"Termos e Condi\u00e7\u00f5es"},"content":{"rendered":"<p>[et_pb_section fb_built=&#8221;1&#8243; _builder_version=&#8221;4.16&#8243; _module_preset=&#8221;default&#8221; global_colors_info=&#8221;{}&#8221;][et_pb_row _builder_version=&#8221;4.16&#8243; _module_preset=&#8221;default&#8221; global_colors_info=&#8221;{}&#8221;][et_pb_column type=&#8221;4_4&#8243; _builder_version=&#8221;4.16&#8243; _module_preset=&#8221;default&#8221; global_colors_info=&#8221;{}&#8221;][et_pb_text _builder_version=&#8221;4.16&#8243; _module_preset=&#8221;default&#8221; global_colors_info=&#8221;{}&#8221;]<\/p>\n<h1 style=\"text-align: justify;\">TERMOS E CONDI\u00c7\u00d5ES<\/h1>\n<p>&nbsp;<\/p>\n<h2 style=\"text-align: justify;\">PRE\u00c2MBULO<\/h2>\n<p style=\"text-align: justify;\">1\u00ba Estas condi\u00e7\u00f5es gerais de venda s\u00e3o acordadas entre a Hanner &amp; Hanniel, Unipessoal Lda., com sede na Avenida de Madrid n.\u00ba 19 F, 1000-194 Lisboa, n\u00famero de identifica\u00e7\u00e3o fiscal 509198520 e contacto +351210991458, a seguir a H&amp;H e pessoas que desejam fazer compras atrav\u00e9s da loja online doravante designada por &#8220;Utilizador&#8221;. 2o As partes concordam que as compras efetuadas atrav\u00e9s da loja online ser\u00e3o regidas exclusivamente por este acordo com a exclus\u00e3o de quaisquer condi\u00e7\u00f5es anteriormente dispon\u00edveis no site.<\/p>\n<p>&nbsp;<\/p>\n<h2 style=\"text-align: justify;\">ARTIGO 1\u00ba &#8211; OBJETIVO<\/h2>\n<p style=\"text-align: justify;\">1. Estas condi\u00e7\u00f5es gerais de venda destinam-se a fornecer e definir todas as informa\u00e7\u00f5es necess\u00e1rias ao Utilizador sobre as modalidades de encomenda, venda, pagamento e presta\u00e7\u00e3o do servi\u00e7o, efetuadas na loja online. 2. Estas condi\u00e7\u00f5es regulam todas as medidas necess\u00e1rias para a realiza\u00e7\u00e3o da aquisi\u00e7\u00e3o e garantem a continua\u00e7\u00e3o da presta\u00e7\u00e3o deste servi\u00e7o ao Utilizador.<\/p>\n<p>&nbsp;<\/p>\n<h2 style=\"text-align: justify;\">ARTIGO 2\u00ba &#8211; ORDEM<\/h2>\n<p style=\"text-align: justify;\">1. O Utilizador preenche a sua encomenda completando o processo de compra apresentado na loja online, adicionando o(s) produto(s) ou servi\u00e7o(s) que pretende fazer uma encomenda no carrinho de compras: 2. Para enviar a sua encomenda, o Utilizador deve: a) Registe-se na loja online, fornecendo as informa\u00e7\u00f5es que lhe s\u00e3o solicitadas. b) Iniciar sess\u00e3o (fornecendo uma combina\u00e7\u00e3o de e-mail e senha escolhida pelo Utilizador ao registar-se). c) Preencha as informa\u00e7\u00f5es e escolha as op\u00e7\u00f5es que lhe s\u00e3o disponibilizadas durante todo o processo de finaliza\u00e7\u00e3o da encomenda (endere\u00e7o de entrega e fatura\u00e7\u00e3o, m\u00e9todo de envio, m\u00e9todo de pagamento, bem como a NIF e o nome que, para efeitos fiscais, pretende aparecer na fatura). 3. A confirma\u00e7\u00e3o final da encomenda pelo Utilizador \u00e9 equivalente \u00e0 aceita\u00e7\u00e3o total e<\/p>\n<p style=\"text-align: justify;\">pre\u00e7os completos e descri\u00e7\u00e3o dos produtos\/servi\u00e7os dispon\u00edveis para venda, bem como destas Condi\u00e7\u00f5es Gerais de Venda, que ser\u00e3o as \u00fanicas aplic\u00e1veis ao contrato assim celebrado. 4. A H&amp;H cumprir\u00e1 as encomendas recebidas online. Na aus\u00eancia de disponibilidade da presta\u00e7\u00e3o do servi\u00e7o ou do produto, a H&amp;H compromete-se a informar o Utilizador o mais rapidamente poss\u00edvel. 5. Os dados contidos na fatura s\u00e3o da exclusiva responsabilidade do Utilizador. Uma vez emitida, a fatura n\u00e3o pode ser reemitida com altera\u00e7\u00f5es. 6. As encomendas s\u00e3o v\u00e1lidas por 30 (trinta) dias, a menos que a encomenda esteja registada numa campanha promocional que defina um termo diferente, n\u00e3o \u00e9 poss\u00edvel garantir a presta\u00e7\u00e3o do servi\u00e7o, pre\u00e7os, descontos, promo\u00e7\u00f5es e ofertas fora deste per\u00edodo. Se o pagamento n\u00e3o for recebido pelos nossos servi\u00e7os dentro do per\u00edodo acima referido, a encomenda n\u00e3o poder\u00e1 ser validada. Qualquer valor recebido ap\u00f3s esta data ser\u00e1 devolvido ou utilizado numa nova encomenda.<\/p>\n<p>&nbsp;<\/p>\n<h2 style=\"text-align: justify;\">ARTIGO 3\u00ba &#8211; PAGAMENTO<\/h2>\n<p style=\"text-align: justify;\">1. Na loja online da H&amp;H. prop\u00f5e ao Utilizador os seguintes m\u00e9todos de pagamento: a) &#8211; Cart\u00e3o de cr\u00e9dito (Visa, Mastercard); b) &#8211; Refer\u00eancia MULTIBANCO; c &#8211; Transfer\u00eancia; 2. Em caso de pagamento com cart\u00e3o de cr\u00e9dito, o d\u00e9bito ser\u00e1 efetuado no cart\u00e3o do Utilizador imediatamente ap\u00f3s a confirma\u00e7\u00e3o da capacidade de presta\u00e7\u00e3o do Servi\u00e7o. Se algum dos servi\u00e7os solicitados n\u00e3o puder ser prestado, o seu valor ser\u00e1 creditado no cart\u00e3o do Utilizador, uma vez que a encomenda esteja conclu\u00edda.<\/p>\n<p>&nbsp;<\/p>\n<h2 style=\"text-align: justify;\">ARTIGO 4\u00ba &#8211; ENTREGA\/ DISPONIBILIDADE E CONSUMO<\/h2>\n<p style=\"text-align: justify;\">1. A entrega das encomendas ser\u00e1 feita no prazo de 2 dias \u00fateis ap\u00f3s a rece\u00e7\u00e3o da encomenda. A entrega \u00e9 feita por Chronopost, DHL, UPS ou MRW. 2. Os custos de envio podem ser adicionados \u00e0 encomenda, que ser\u00e1 calculada automaticamente. 3. O servi\u00e7o estar\u00e1 dispon\u00edvel ap\u00f3s confirma\u00e7\u00e3o do pagamento. Feito.<\/p>\n<p>&nbsp;<\/p>\n<h2 style=\"text-align: justify;\">ARTIGO 5\u00ba &#8211; PRE\u00c7OS<\/h2>\n<p style=\"text-align: justify;\">1. Os pre\u00e7os devem ser entendidos em Euros, incluindo impostos e taxas, tendo em conta o IVA em vigor \u00e0 data de pagamento da encomenda. 2. Se houver um aumento no pre\u00e7o de qualquer servi\u00e7o, o Utilizador ser\u00e1 informado imediatamente, pode optar por continuar com a sua encomenda (pagando a diferen\u00e7a) ou cancel\u00e1-la.<\/p>\n<p>&nbsp;<\/p>\n<h2 style=\"text-align: justify;\">ARTIGO 6\u00ba &#8211; CANCELAMENTO E DEVOLU\u00c7\u00c3O<\/h2>\n<p style=\"text-align: justify;\">1. O cliente pode solicitar o CANCELAMENTO da encomenda antes de ser enviada. Apenas o valor do produto, os custos de envio ser\u00e3o reembolsados. ser\u00e1 da exclusiva responsabilidade do cliente. Sempre que poss\u00edvel, a devolu\u00e7\u00e3o deve ser efetua atrav\u00e9s do mesmo m\u00e9todo de pagamento, mas se tal n\u00e3o for poss\u00edvel, o utilizador deve apresentar comprovativo de pagamento e propriedade da conta ou cart\u00e3o, para que a devolu\u00e7\u00e3o possa ser efetua atrav\u00e9s da Transfer\u00eancia Banc\u00e1ria 2. O processo RETURN \u00e9 tratado caso a caso. A encomenda deve chegar por escrito ao e-mail de contacto info@hpdrones.pt no prazo de 15 dias ap\u00f3s a encomenda, e as instru\u00e7\u00f5es de devolu\u00e7\u00e3o da mercadoria e definidas pela H&amp;H s\u00e3o respondidas, pelos mesmos meios de comunica\u00e7\u00e3o. Sempre que poss\u00edvel, a devolu\u00e7\u00e3o deve ser efetua pelo mesmo m\u00e9todo de pagamento, mas se n\u00e3o for poss\u00edvel, o utilizador deve apresentar comprovativo de pagamento e propriedade da conta ou cart\u00e3o, para que a devolu\u00e7\u00e3o possa ser feita por transfer\u00eancia banc\u00e1ria. 3. Os produtos devolvidos devem estar em boas condi\u00e7\u00f5es de venda, ou seja, no mesmo estado em que chegaram \u00e0s m\u00e3os do Utilizador, sem qualquer anomalia ou dano e com as seguintes condi\u00e7\u00f5es: a) &#8211; Devolva-a na embalagem original e nas mesmas condi\u00e7\u00f5es em que foi vendida &#8211; embalagem, etiqueta intacta, sem qualquer modifica\u00e7\u00e3o das suas refer\u00eancias e n\u00fameros de s\u00e9rie. b) &#8211; Devolva-o mediante apresenta\u00e7\u00e3o do Recibo de Compra correspondente ao item. c) &#8211; Apenas o valor do produto ser\u00e1 reembolsado, os custos de envio ser\u00e3o da responsabilidade do cliente. 4. Apenas o valor do produto ser\u00e1 reembolsado, os custos de envio ser\u00e3o da responsabilidade total do cliente. 5. A H&amp;H compromete-se a reembolsar o Utilizador num prazo m\u00e1ximo de 7 dias.<\/p>\n<p style=\"text-align: justify;\">6. Se o valor resultante da troca de produtos por encomenda for inferior ou superior ao valor inicial do mesmo, ser\u00e3o indicadas as condi\u00e7\u00f5es de ajustamento da empresa.<\/p>\n<p>&nbsp;<\/p>\n<h2 style=\"text-align: justify;\">ARTIGO 7\u00ba &#8211; POL\u00cdTICA DE PRIVACIDADE<\/h2>\n<p style=\"text-align: justify;\">1. O tratamento dos seus dados \u00e9 realizado de acordo com a legisla\u00e7\u00e3o relativa \u00e0 prote\u00e7\u00e3o de dados pessoais. O mesmo, sujeito a processamento inform\u00e1tico, aparecer\u00e1 na (s) base de dados (s) da loja online e destina-se ao registo e apresenta\u00e7\u00e3o de outros produtos e servi\u00e7os, bem como informa\u00e7\u00e3o institucional, para que estes sejam disponibilizados. 2. A sua provis\u00e3o \u00e9 opcional e o direito de acesso, retifica\u00e7\u00e3o e cancelamento de quaisquer dados que indiquem respeito diretamente, presencialmente ou por escrito, diretamente ao endere\u00e7o na p\u00e1gina inicial deste website.<\/p>\n<p>&nbsp;<\/p>\n<h2 style=\"text-align: justify;\">ARTIGO 8\u00ba &#8211; Garantia de bens de consumo e assist\u00eancia p\u00f3s-venda<\/h2>\n<p style=\"text-align: justify;\">Em 67\/2003, de 8 de abril, com altera\u00e7\u00f5es introduzidas pelo DL 84\/2008, de 21 de maio<strong> 1.<\/strong> Todo o equipamento est\u00e1 coberto por uma garantia de conformidade de 3 anos. <strong>2.<\/strong> Se o produto adquirido estiver defeituoso ou danificado, deve notificar at\u00e9 a H&amp;H, informando o seu n\u00famero de encomenda e a descri\u00e7\u00e3o do mau funcionamento. Os custos de devolu\u00e7\u00e3o ou recolha de artigos dentro do per\u00edodo de garantia ser\u00e3o suportados pelo cliente. <strong>3.<\/strong> Ap\u00f3s a rece\u00e7\u00e3o do artigo nas instala\u00e7\u00f5es da H&amp;H, procederemos \u00e0 verifica\u00e7\u00e3o t\u00e9cnica e, caso demonstre alguma falta de conformidade, o artigo ser\u00e1 enviado para a marca. Em caso de garantia, substituiremos o artigo e reencamec\u00ea-lo-emos para o seu endere\u00e7o sem custos adicionais. <strong>4.<\/strong> Se a verifica\u00e7\u00e3o t\u00e9cnica detetar sinais de utiliza\u00e7\u00e3o indevida e\/ou quaisquer problemas que possam ter causado o mau funcionamento do artigo (por exemplo, queda, humidade, etc.), entraremos em contacto consigo para nos informar se pretender que avancemos para a repara\u00e7\u00e3o do equipamento enviando-o para n\u00f3s. T\u00e9cnica de marca.<\/p>\n<p>&nbsp;<\/p>\n<h2 style=\"text-align: justify;\">ARTIGO 9\u00ba &#8211; Pol\u00edtica de Privacidade e Seguran\u00e7a<\/h2>\n<p style=\"text-align: justify;\">1. A H&amp;H recolhe os dados pessoais do cliente para efeitos de gest\u00e3o da conta do cliente, fatura\u00e7\u00e3o, presta\u00e7\u00e3o de informa\u00e7\u00e3o, conforme expressamente autorizado para o efeito, assumindo um compromisso de privacidade e seguran\u00e7a no tratamento e manuten\u00e7\u00e3o dos dados pessoais de cada cliente, nos termos da Lei n.\u00ba 67\/98, de 26 de outubro.<\/p>\n<p style=\"text-align: justify;\">2. Todo o processo de pagamento, desde a sele\u00e7\u00e3o do m\u00e9todo de pagamento at\u00e9 \u00e0 introdu\u00e7\u00e3o dos dados inerentes ao processo de pagamento da encomenda, est\u00e1 devidamente assegurado com os instrumentos de seguran\u00e7a electr\u00f3nica adequados.<\/p>\n<p>&nbsp;<\/p>\n<h2 style=\"text-align: justify;\">ARTIGO 10\u00ba &#8211; Direito aplic\u00e1vel e compet\u00eancia competente<\/h2>\n<p style=\"text-align: justify;\">1. Este acordo est\u00e1 sujeito \u00e0 legisla\u00e7\u00e3o portuguesa. 2. Para a resolu\u00e7\u00e3o de lit\u00edgios decorrentes deste contrato, o tribunal \u00e9 competente para a Distrital de Lisboa, abdicando expressamente de qualquer outro.<\/p>\n<p>&nbsp;<\/p>\n<p>[\/et_pb_text][\/et_pb_column][\/et_pb_row][\/et_pb_section]<\/p>\n","protected":false},"excerpt":{"rendered":"<p>TERMOS E CONDI\u00c7\u00d5ES &nbsp; PRE\u00c2MBULO 1\u00ba Estas condi\u00e7\u00f5es gerais de venda s\u00e3o acordadas entre a Hanner &amp; Hanniel, Unipessoal Lda., com sede na Avenida de Madrid n.\u00ba 19 F, 1000-194 Lisboa, n\u00famero de identifica\u00e7\u00e3o fiscal 509198520 e contacto +351210991458, a seguir a H&amp;H e pessoas que desejam fazer compras atrav\u00e9s da loja online doravante designada [&hellip;]<\/p>\n","protected":false},"author":1,"featured_media":0,"parent":0,"menu_order":0,"comment_status":"closed","ping_status":"closed","template":"","meta":{"_et_pb_use_builder":"on","_et_pb_old_content":"","_et_gb_content_width":"","footnotes":""},"class_list":["post-3112","page","type-page","status-publish","hentry"],"acf":[],"yoast_head":"<!-- This site is optimized with the Yoast SEO plugin v27.1.1 - https:\/\/yoast.com\/product\/yoast-seo-wordpress\/ -->\n<title>Termos e Condi\u00e7\u00f5es - HPDRONES<\/title>\n<meta name=\"description\" content=\"Conhe\u00e7a os nossos termos e condi\u00e7\u00f5es. Oferecemos todas as informa\u00e7\u00f5es necess\u00e1rias para garantir total transpar\u00eancia aos nossos clientes.\" \/>\n<meta name=\"robots\" content=\"index, follow, max-snippet:-1, max-image-preview:large, max-video-preview:-1\" \/>\n<link rel=\"canonical\" href=\"https:\/\/hpdrones.pro\/pt-pt\/termos-e-condicoes\/\" \/>\n<meta property=\"og:locale\" content=\"pt_PT\" \/>\n<meta property=\"og:type\" content=\"article\" \/>\n<meta property=\"og:title\" content=\"Termos e Condi\u00e7\u00f5es - HPDRONES\" \/>\n<meta property=\"og:description\" content=\"Conhe\u00e7a os nossos termos e condi\u00e7\u00f5es. Oferecemos todas as informa\u00e7\u00f5es necess\u00e1rias para garantir total transpar\u00eancia aos nossos clientes.\" \/>\n<meta property=\"og:site_name\" content=\"HPDRONES\" \/>\n<meta property=\"article:modified_time\" content=\"2025-01-28T10:38:05+00:00\" \/>\n<meta name=\"twitter:card\" content=\"summary_large_image\" \/>\n<meta name=\"twitter:label1\" content=\"Tempo estimado de leitura\" \/>\n\t<meta name=\"twitter:data1\" content=\"7 minutos\" \/>\n<script type=\"application\/ld+json\" class=\"yoast-schema-graph\">{\"@context\":\"https:\/\/schema.org\",\"@graph\":[{\"@type\":\"WebPage\",\"@id\":\"https:\/\/hpdrones.pro\/pt-pt\/termos-e-condicoes\/\",\"url\":\"https:\/\/hpdrones.pro\/pt-pt\/termos-e-condicoes\/\",\"name\":\"Termos e Condi\u00e7\u00f5es - HPDRONES\",\"isPartOf\":{\"@id\":\"https:\/\/hpdrones.pro\/pt-pt\/#website\"},\"datePublished\":\"2022-03-14T09:40:13+00:00\",\"dateModified\":\"2025-01-28T10:38:05+00:00\",\"description\":\"Conhe\u00e7a os nossos termos e condi\u00e7\u00f5es. Oferecemos todas as informa\u00e7\u00f5es necess\u00e1rias para garantir total transpar\u00eancia aos nossos clientes.\",\"breadcrumb\":{\"@id\":\"https:\/\/hpdrones.pro\/pt-pt\/termos-e-condicoes\/#breadcrumb\"},\"inLanguage\":\"pt-PT\",\"potentialAction\":[{\"@type\":\"ReadAction\",\"target\":[\"https:\/\/hpdrones.pro\/pt-pt\/termos-e-condicoes\/\"]}]},{\"@type\":\"BreadcrumbList\",\"@id\":\"https:\/\/hpdrones.pro\/pt-pt\/termos-e-condicoes\/#breadcrumb\",\"itemListElement\":[{\"@type\":\"ListItem\",\"position\":1,\"name\":\"Portada\",\"item\":\"https:\/\/hpdrones.pro\/pt-pt\/\"},{\"@type\":\"ListItem\",\"position\":2,\"name\":\"Termos e Condi\u00e7\u00f5es\"}]},{\"@type\":\"WebSite\",\"@id\":\"https:\/\/hpdrones.pro\/pt-pt\/#website\",\"url\":\"https:\/\/hpdrones.pro\/pt-pt\/\",\"name\":\"HPDRONES\",\"description\":\"\",\"publisher\":{\"@id\":\"https:\/\/hpdrones.pro\/pt-pt\/#organization\"},\"potentialAction\":[{\"@type\":\"SearchAction\",\"target\":{\"@type\":\"EntryPoint\",\"urlTemplate\":\"https:\/\/hpdrones.pro\/pt-pt\/?s={search_term_string}\"},\"query-input\":{\"@type\":\"PropertyValueSpecification\",\"valueRequired\":true,\"valueName\":\"search_term_string\"}}],\"inLanguage\":\"pt-PT\"},{\"@type\":\"Organization\",\"@id\":\"https:\/\/hpdrones.pro\/pt-pt\/#organization\",\"name\":\"HPDRONES\",\"url\":\"https:\/\/hpdrones.pro\/pt-pt\/\",\"logo\":{\"@type\":\"ImageObject\",\"inLanguage\":\"pt-PT\",\"@id\":\"https:\/\/hpdrones.pro\/pt-pt\/#\/schema\/logo\/image\/\",\"url\":\"https:\/\/hpdrones.pro\/wp-content\/uploads\/2022\/01\/logo_drone.png\",\"contentUrl\":\"https:\/\/hpdrones.pro\/wp-content\/uploads\/2022\/01\/logo_drone.png\",\"width\":500,\"height\":46,\"caption\":\"HPDRONES\"},\"image\":{\"@id\":\"https:\/\/hpdrones.pro\/pt-pt\/#\/schema\/logo\/image\/\"}}]}<\/script>\n<!-- \/ Yoast SEO plugin. -->","yoast_head_json":{"title":"Termos e Condi\u00e7\u00f5es - HPDRONES","description":"Conhe\u00e7a os nossos termos e condi\u00e7\u00f5es. Oferecemos todas as informa\u00e7\u00f5es necess\u00e1rias para garantir total transpar\u00eancia aos nossos clientes.","robots":{"index":"index","follow":"follow","max-snippet":"max-snippet:-1","max-image-preview":"max-image-preview:large","max-video-preview":"max-video-preview:-1"},"canonical":"https:\/\/hpdrones.pro\/pt-pt\/termos-e-condicoes\/","og_locale":"pt_PT","og_type":"article","og_title":"Termos e Condi\u00e7\u00f5es - HPDRONES","og_description":"Conhe\u00e7a os nossos termos e condi\u00e7\u00f5es. Oferecemos todas as informa\u00e7\u00f5es necess\u00e1rias para garantir total transpar\u00eancia aos nossos clientes.","og_site_name":"HPDRONES","article_modified_time":"2025-01-28T10:38:05+00:00","twitter_card":"summary_large_image","twitter_misc":{"Tempo estimado de leitura":"7 minutos"},"schema":{"@context":"https:\/\/schema.org","@graph":[{"@type":"WebPage","@id":"https:\/\/hpdrones.pro\/pt-pt\/termos-e-condicoes\/","url":"https:\/\/hpdrones.pro\/pt-pt\/termos-e-condicoes\/","name":"Termos e Condi\u00e7\u00f5es - HPDRONES","isPartOf":{"@id":"https:\/\/hpdrones.pro\/pt-pt\/#website"},"datePublished":"2022-03-14T09:40:13+00:00","dateModified":"2025-01-28T10:38:05+00:00","description":"Conhe\u00e7a os nossos termos e condi\u00e7\u00f5es. Oferecemos todas as informa\u00e7\u00f5es necess\u00e1rias para garantir total transpar\u00eancia aos nossos clientes.","breadcrumb":{"@id":"https:\/\/hpdrones.pro\/pt-pt\/termos-e-condicoes\/#breadcrumb"},"inLanguage":"pt-PT","potentialAction":[{"@type":"ReadAction","target":["https:\/\/hpdrones.pro\/pt-pt\/termos-e-condicoes\/"]}]},{"@type":"BreadcrumbList","@id":"https:\/\/hpdrones.pro\/pt-pt\/termos-e-condicoes\/#breadcrumb","itemListElement":[{"@type":"ListItem","position":1,"name":"Portada","item":"https:\/\/hpdrones.pro\/pt-pt\/"},{"@type":"ListItem","position":2,"name":"Termos e Condi\u00e7\u00f5es"}]},{"@type":"WebSite","@id":"https:\/\/hpdrones.pro\/pt-pt\/#website","url":"https:\/\/hpdrones.pro\/pt-pt\/","name":"HPDRONES","description":"","publisher":{"@id":"https:\/\/hpdrones.pro\/pt-pt\/#organization"},"potentialAction":[{"@type":"SearchAction","target":{"@type":"EntryPoint","urlTemplate":"https:\/\/hpdrones.pro\/pt-pt\/?s={search_term_string}"},"query-input":{"@type":"PropertyValueSpecification","valueRequired":true,"valueName":"search_term_string"}}],"inLanguage":"pt-PT"},{"@type":"Organization","@id":"https:\/\/hpdrones.pro\/pt-pt\/#organization","name":"HPDRONES","url":"https:\/\/hpdrones.pro\/pt-pt\/","logo":{"@type":"ImageObject","inLanguage":"pt-PT","@id":"https:\/\/hpdrones.pro\/pt-pt\/#\/schema\/logo\/image\/","url":"https:\/\/hpdrones.pro\/wp-content\/uploads\/2022\/01\/logo_drone.png","contentUrl":"https:\/\/hpdrones.pro\/wp-content\/uploads\/2022\/01\/logo_drone.png","width":500,"height":46,"caption":"HPDRONES"},"image":{"@id":"https:\/\/hpdrones.pro\/pt-pt\/#\/schema\/logo\/image\/"}}]}},"_links":{"self":[{"href":"https:\/\/hpdrones.pro\/pt-pt\/wp-json\/wp\/v2\/pages\/3112","targetHints":{"allow":["GET"]}}],"collection":[{"href":"https:\/\/hpdrones.pro\/pt-pt\/wp-json\/wp\/v2\/pages"}],"about":[{"href":"https:\/\/hpdrones.pro\/pt-pt\/wp-json\/wp\/v2\/types\/page"}],"author":[{"embeddable":true,"href":"https:\/\/hpdrones.pro\/pt-pt\/wp-json\/wp\/v2\/users\/1"}],"replies":[{"embeddable":true,"href":"https:\/\/hpdrones.pro\/pt-pt\/wp-json\/wp\/v2\/comments?post=3112"}],"version-history":[{"count":3,"href":"https:\/\/hpdrones.pro\/pt-pt\/wp-json\/wp\/v2\/pages\/3112\/revisions"}],"predecessor-version":[{"id":20838,"href":"https:\/\/hpdrones.pro\/pt-pt\/wp-json\/wp\/v2\/pages\/3112\/revisions\/20838"}],"wp:attachment":[{"href":"https:\/\/hpdrones.pro\/pt-pt\/wp-json\/wp\/v2\/media?parent=3112"}],"curies":[{"name":"wp","href":"https:\/\/api.w.org\/{rel}","templated":true}]}}