{"id":5065,"date":"2022-05-08T20:39:47","date_gmt":"2022-05-08T20:39:47","guid":{"rendered":"https:\/\/hp-drones.com\/privacidad\/"},"modified":"2024-12-06T12:27:27","modified_gmt":"2024-12-06T12:27:27","slug":"privacidad","status":"publish","type":"page","link":"https:\/\/hpdrones.pro\/pt-pt\/privacidad\/","title":{"rendered":"Politica de Privacidade"},"content":{"rendered":"<p>[et_pb_section fb_built=&#8221;1&#8243; _builder_version=&#8221;4.16&#8243; _module_preset=&#8221;default&#8221; global_colors_info=&#8221;{}&#8221;][et_pb_row _builder_version=&#8221;4.16&#8243; _module_preset=&#8221;default&#8221; global_colors_info=&#8221;{}&#8221;][et_pb_column type=&#8221;4_4&#8243; _builder_version=&#8221;4.16&#8243; _module_preset=&#8221;default&#8221; global_colors_info=&#8221;{}&#8221;][et_pb_text _builder_version=&#8221;4.16&#8243; _module_preset=&#8221;default&#8221; global_colors_info=&#8221;{}&#8221;]<\/p>\n<h1>POL\u00cdTICA DE PRIVACIDADE<\/h1>\n<p>&nbsp;<\/p>\n<p>Para efeitos do disposto no Regulamento Europeu de Prote\u00e7\u00e3o de Dados, a HPDRONES informa-o de que, em determinadas \u00e1reas do nosso site, \u00e9 solicitado ao utilizador que forne\u00e7a uma s\u00e9rie de dados pessoais.<\/p>\n<p>O utilizador tem sempre a possibilidade de aceitar ou rejeitar as condi\u00e7\u00f5es legais em que fornecer\u00e1 esses dados. Esta aceita\u00e7\u00e3o \u00e9 considerada como um consentimento informado e autoriza expressamente o tratamento com as seguintes caracter\u00edsticas:<\/p>\n<p>&nbsp;<\/p>\n<table width=\"100%\">\n<tbody>\n<tr>\n<td colspan=\"2\" width=\"549\"><strong>INFORMA\u00c7\u00d5ES B\u00c1SICAS SOBRE A PROTEC\u00c7\u00c3O DE DADOS<\/strong><\/td>\n<\/tr>\n<tr>\n<td width=\"181\"><strong>Gestor de ficheiros<\/strong><\/td>\n<td width=\"369\">HPDRONES<\/td>\n<\/tr>\n<tr>\n<td width=\"181\"><strong>Endere\u00e7o da pessoa respons\u00e1vel<\/strong><\/td>\n<td width=\"369\">AVENIDA DE MADRID 19F, AREEIRO<\/td>\n<\/tr>\n<tr>\n<td width=\"181\"><strong>Finalidade<\/strong><\/td>\n<td width=\"369\">Para dar resposta ao seu pedido de informa\u00e7\u00f5es ou a outros pedidos que tenha efectuado atrav\u00e9s do nosso s\u00edtio Web.<\/td>\n<\/tr>\n<tr>\n<td width=\"181\"><strong>Legitima\u00e7\u00e3o<\/strong><\/td>\n<td width=\"369\">Consentimento da pessoa em causa.<\/td>\n<\/tr>\n<tr>\n<td width=\"181\"><strong>Destinat\u00e1rios das transfer\u00eancias de dados<\/strong><\/td>\n<td width=\"369\">Os dados que nos fornecer n\u00e3o ser\u00e3o transmitidos a terceiros.<\/td>\n<\/tr>\n<tr>\n<td width=\"181\"><strong>Direitos<\/strong><\/td>\n<td width=\"369\">Acesso, retifica\u00e7\u00e3o, apagamento e oposi\u00e7\u00e3o ao tratamento de dados.<\/td>\n<\/tr>\n<tr>\n<td width=\"181\"><strong>Informa\u00e7\u00f5es adicionais<\/strong><\/td>\n<td width=\"369\">\n<p>&nbsp;<\/p>\n<p>Pode solicitar-nos mais informa\u00e7\u00f5es pormenorizadas sobre a prote\u00e7\u00e3o de dados atrav\u00e9s do endere\u00e7o eletr\u00f3nico indicado nos nossos dados de contacto.<\/p>\n<\/td>\n<\/tr>\n<\/tbody>\n<\/table>\n<p>&nbsp;<\/p>\n<p>A HPDRONES, S.L. considera que os dados dos utilizadores registados s\u00e3o da maior import\u00e2ncia e, por isso, compromete-se a cumprir a sua obriga\u00e7\u00e3o de sigilo dos dados pessoais e o seu dever de os tratar com confidencialidade, pelo que desenvolveu um Registo de Actividades de Tratamento que inclui medidas para proteger a confidencialidade dos dados pessoais em seu poder, em conformidade com o Regulamento Europeu de Prote\u00e7\u00e3o de Dados.<\/p>\n<p>&nbsp;<\/p>\n<p><strong>NOTA: ESTE TEXTO DEVE APARECER NUM SEPARADOR PARA O QUAL SE REMETE A PARTIR DA LIGA\u00c7\u00c3O CONTIDA NO \u00daLTIMO PAR\u00c1GRAFO DA P\u00c1GINA ANTERIOR.<\/strong><\/p>\n<p>&nbsp;<\/p>\n<table width=\"100%\">\n<tbody>\n<tr>\n<td colspan=\"2\" width=\"582\"><strong>INFORMA\u00c7\u00c3O ALARGADA SOBRE PROTEC\u00c7\u00c3O DE DADOS<\/strong><\/td>\n<\/tr>\n<tr>\n<td width=\"181\">\n<p><strong> <\/strong><\/p>\n<p><strong>Gestor de ficheiros<\/strong><\/p>\n<p><strong> <\/strong><\/p>\n<p><strong> <\/strong><\/p>\n<\/td>\n<td width=\"401\">\n<p>HPDRONES<\/p>\n<p>Se tiver alguma quest\u00e3o relacionada com a prote\u00e7\u00e3o de dados, pode contactar a <a href=\"mailto:info@hpdrones.pt\">HPDRONES<\/a> atrav\u00e9s do seguinte n\u00famero de telefone: <a href=\"https:\/\/www.google.com\/search?q=hpmodelismo&amp;oq=hpmodelismo+&amp;aqs=chrome.0.69i59j69i60l4j69i61j69i65l2.3391j0j7&amp;sourceid=chrome&amp;ie=UTF-8\">21 803 8297<\/a>.<\/p>\n<\/td>\n<\/tr>\n<tr>\n<td width=\"181\">\n<p><strong>Endere\u00e7o da pessoa respons\u00e1vel<\/strong><\/p>\n<p><strong> <\/strong><\/p>\n<p><strong> <\/strong><\/p>\n<\/td>\n<td width=\"401\">\n<p>Avenida de Madrid 19 F, Areeiro<\/p>\n<p>Pode tamb\u00e9m contactar-nos atrav\u00e9s do seguinte endere\u00e7o eletr\u00f3nico: info@hpdrones.pro<a href=\"mailto:info@hpdrones.pt\"><\/a><\/p>\n<p>&nbsp;<\/p>\n<\/td>\n<\/tr>\n<tr>\n<td width=\"181\">\n<p><strong>Que dados tratamos?<\/strong><\/p>\n<p><strong> <\/strong><\/p>\n<p><strong> <\/strong><\/p>\n<p><strong> <\/strong><\/p>\n<\/td>\n<td width=\"401\">\n<p>&nbsp;<\/p>\n<p>Processamos os dados que nos forneceu. Tendo em conta o tipo de servi\u00e7o que lhe vamos prestar, podemos tratar dados das seguintes categorias:<\/p>\n<p>DADOS DE CAR\u00c1CTER IDENTIFICATIVO<\/p>\n<p>DADOS ECON\u00d3MICO\/FINANCIEROS<\/p>\n<p>DADOS RELATIVOS \u00c0 SITUA\u00c7\u00c3O PESSOAL E SOCIAL<\/p>\n<p>DADOS SOBRE O EMPREGO<\/p>\n<\/td>\n<\/tr>\n<tr>\n<td width=\"181\">\n<p><strong>Para que fins processamos os seus dados pessoais?<\/strong><\/p>\n<p><strong> <\/strong><\/p>\n<\/td>\n<td width=\"401\">\n<p>&nbsp;<\/p>\n<p>Na nossa empresa, tratamos principalmente as informa\u00e7\u00f5es que nos s\u00e3o fornecidas pelos nossos clientes, a fim de realizar as tarefas que nos s\u00e3o confiadas por eles.<\/p>\n<p>Tamb\u00e9m podemos utilizar os seus dados para processar outros pedidos que nos possa ter feito.<\/p>\n<p>&nbsp;<\/p>\n<\/td>\n<\/tr>\n<\/tbody>\n<\/table>\n<p>&nbsp;<\/p>\n<table width=\"100%\">\n<tbody>\n<tr>\n<td width=\"181\">\n<p><strong>Durante quanto tempo guardamos os seus dados?<\/strong><\/p>\n<p><strong> <\/strong><\/p>\n<\/td>\n<td width=\"369\"> Os dados ser\u00e3o conservados durante os per\u00edodos em que possa surgir uma responsabilidade para a nossa empresa, de acordo com o disposto na legisla\u00e7\u00e3o.<\/td>\n<\/tr>\n<tr>\n<td width=\"181\">\n<p><strong>Qual a legitimidade para o tratamento dos seus dados?<\/strong><\/p>\n<p><strong> <\/strong><\/p>\n<p><strong> <\/strong><\/p>\n<\/td>\n<td width=\"369\">\n<p>&nbsp;<\/p>\n<p>As causas que legitimam a HPDRONES, S.L. para o tratamento baseiam-se em:<\/p>\n<p>\u2013 Consentimento da parte afetada, necess\u00e1rio para a execu\u00e7\u00e3o do processamento dos pedidos de informa\u00e7\u00e3o que possam ter sido efetuados atrav\u00e9s do nosso site.<\/p>\n<\/td>\n<\/tr>\n<tr>\n<td width=\"181\"><strong>A que destinat\u00e1rios ser\u00e3o comunicados os seus dados?<\/strong><\/td>\n<td width=\"369\">Os dados que voc\u00ea nos fornecer n\u00e3o ser\u00e3o transferidos, exceto nos casos exigidos por lei.<\/td>\n<\/tr>\n<tr>\n<td width=\"181\"><strong>Como obtivemos seus dados?<\/strong><\/td>\n<td width=\"369\">\n<p>&nbsp;<\/p>\n<p>Os dados aos quais temos acesso foram recolhidos diretamente do interessado ou do seu representante legal.<\/p>\n<p>&nbsp;<\/p>\n<p>Dados de outras fontes ou empresas n\u00e3o s\u00e3o processados.<\/p>\n<p>&nbsp;<\/p>\n<p>&nbsp;<\/p>\n<\/td>\n<\/tr>\n<tr>\n<td width=\"181\">\n<p><strong>Quais s\u00e3o os seus direitos quando nos fornece os seus dados?<\/strong><\/p>\n<p><strong> <\/strong><\/p>\n<p><strong> <\/strong><\/p>\n<p><strong> <\/strong><\/p>\n<p><strong> <\/strong><\/p>\n<p><strong> <\/strong><\/p>\n<p><strong> <\/strong><\/p>\n<p><strong> <\/strong><\/p>\n<\/td>\n<td width=\"369\">\n<p>&nbsp;<\/p>\n<p>Poder\u00e1 exercer os seus direitos de acesso, retifica\u00e7\u00e3o, elimina\u00e7\u00e3o, limita\u00e7\u00e3o do tratamento ou oposi\u00e7\u00e3o, escrevendo para o endere\u00e7o acima indicado.<\/p>\n<p>Qualquer pessoa tem o direito de obter a confirma\u00e7\u00e3o se a nossa empresa processa ou n\u00e3o dados pessoais que lhe digam respeito.<\/p>\n<p>Os interessados \u200b\u200bt\u00eam o direito de aceder aos seus dados pessoais, bem como de solicitar a retifica\u00e7\u00e3o dos dados inexatos ou, se for o caso, solicitar a sua elimina\u00e7\u00e3o quando, entre outros motivos, os dados j\u00e1 n\u00e3o sejam necess\u00e1rios para os fins para os quais foram recolhidos.<\/p>\n<p>Os interessados \u200b\u200bpoder\u00e3o solicitar a limita\u00e7\u00e3o do tratamento dos seus dados, caso em que apenas os conservaremos para o exerc\u00edcio ou defesa de reclama\u00e7\u00f5es.<\/p>\n<p>Em determinadas circunst\u00e2ncias e por motivos relacionados com a sua situa\u00e7\u00e3o particular, os interessados \u200b\u200bpoder\u00e3o opor-se ao tratamento dos seus dados. HPDRONES<\/p>\n<p>deixar\u00e1 de tratar os dados, exceto por motivos leg\u00edtimos imperiosos, ou para o exerc\u00edcio ou defesa de poss\u00edveis reclama\u00e7\u00f5es.<\/p>\n<\/td>\n<\/tr>\n<\/tbody>\n<\/table>\n<p>&nbsp;<\/p>\n<p>&nbsp;<\/p>\n<p>&nbsp;<\/p>\n<p>[\/et_pb_text][\/et_pb_column][\/et_pb_row][\/et_pb_section]<\/p>\n","protected":false},"excerpt":{"rendered":"<p>POL\u00cdTICA DE PRIVACIDADE &nbsp; Para efeitos do disposto no Regulamento Europeu de Prote\u00e7\u00e3o de Dados, a HPDRONES informa-o de que, em determinadas \u00e1reas do nosso site, \u00e9 solicitado ao utilizador que forne\u00e7a uma s\u00e9rie de dados pessoais. O utilizador tem sempre a possibilidade de aceitar ou rejeitar as condi\u00e7\u00f5es legais em que fornecer\u00e1 esses dados. [&hellip;]<\/p>\n","protected":false},"author":1,"featured_media":0,"parent":0,"menu_order":0,"comment_status":"closed","ping_status":"closed","template":"","meta":{"_et_pb_use_builder":"on","_et_pb_old_content":"","_et_gb_content_width":"","footnotes":""},"class_list":["post-5065","page","type-page","status-publish","hentry"],"acf":[],"yoast_head":"<!-- This site is optimized with the Yoast SEO plugin v27.1.1 - https:\/\/yoast.com\/product\/yoast-seo-wordpress\/ -->\n<title>Politica de Privacidade - HPDRONES<\/title>\n<meta name=\"description\" content=\"A HPDRONES fornece-lhe todas as informa\u00e7\u00f5es sobre a nossa pol\u00edtica de privacidade! A nossa empresa compromete-se a garantir a sua privacidade.\" \/>\n<meta name=\"robots\" content=\"index, follow, max-snippet:-1, max-image-preview:large, max-video-preview:-1\" \/>\n<link rel=\"canonical\" href=\"https:\/\/hpdrones.pro\/pt-pt\/privacidad\/\" \/>\n<meta property=\"og:locale\" content=\"pt_PT\" \/>\n<meta property=\"og:type\" content=\"article\" \/>\n<meta property=\"og:title\" content=\"Politica de Privacidade - HPDRONES\" \/>\n<meta property=\"og:description\" content=\"A HPDRONES fornece-lhe todas as informa\u00e7\u00f5es sobre a nossa pol\u00edtica de privacidade! A nossa empresa compromete-se a garantir a sua privacidade.\" \/>\n<meta property=\"og:site_name\" content=\"HPDRONES\" \/>\n<meta property=\"article:modified_time\" content=\"2024-12-06T12:27:27+00:00\" \/>\n<meta name=\"twitter:card\" content=\"summary_large_image\" \/>\n<meta name=\"twitter:label1\" content=\"Tempo estimado de leitura\" \/>\n\t<meta name=\"twitter:data1\" content=\"4 minutos\" \/>\n<script type=\"application\/ld+json\" class=\"yoast-schema-graph\">{\"@context\":\"https:\/\/schema.org\",\"@graph\":[{\"@type\":\"WebPage\",\"@id\":\"https:\/\/hpdrones.pro\/pt-pt\/privacidad\/\",\"url\":\"https:\/\/hpdrones.pro\/pt-pt\/privacidad\/\",\"name\":\"Politica de Privacidade - HPDRONES\",\"isPartOf\":{\"@id\":\"https:\/\/hpdrones.pro\/pt-pt\/#website\"},\"datePublished\":\"2022-05-08T20:39:47+00:00\",\"dateModified\":\"2024-12-06T12:27:27+00:00\",\"description\":\"A HPDRONES fornece-lhe todas as informa\u00e7\u00f5es sobre a nossa pol\u00edtica de privacidade! A nossa empresa compromete-se a garantir a sua privacidade.\",\"breadcrumb\":{\"@id\":\"https:\/\/hpdrones.pro\/pt-pt\/privacidad\/#breadcrumb\"},\"inLanguage\":\"pt-PT\",\"potentialAction\":[{\"@type\":\"ReadAction\",\"target\":[\"https:\/\/hpdrones.pro\/pt-pt\/privacidad\/\"]}]},{\"@type\":\"BreadcrumbList\",\"@id\":\"https:\/\/hpdrones.pro\/pt-pt\/privacidad\/#breadcrumb\",\"itemListElement\":[{\"@type\":\"ListItem\",\"position\":1,\"name\":\"Portada\",\"item\":\"https:\/\/hpdrones.pro\/pt-pt\/\"},{\"@type\":\"ListItem\",\"position\":2,\"name\":\"Politica de Privacidade\"}]},{\"@type\":\"WebSite\",\"@id\":\"https:\/\/hpdrones.pro\/pt-pt\/#website\",\"url\":\"https:\/\/hpdrones.pro\/pt-pt\/\",\"name\":\"HPDRONES\",\"description\":\"\",\"publisher\":{\"@id\":\"https:\/\/hpdrones.pro\/pt-pt\/#organization\"},\"potentialAction\":[{\"@type\":\"SearchAction\",\"target\":{\"@type\":\"EntryPoint\",\"urlTemplate\":\"https:\/\/hpdrones.pro\/pt-pt\/?s={search_term_string}\"},\"query-input\":{\"@type\":\"PropertyValueSpecification\",\"valueRequired\":true,\"valueName\":\"search_term_string\"}}],\"inLanguage\":\"pt-PT\"},{\"@type\":\"Organization\",\"@id\":\"https:\/\/hpdrones.pro\/pt-pt\/#organization\",\"name\":\"HPDRONES\",\"url\":\"https:\/\/hpdrones.pro\/pt-pt\/\",\"logo\":{\"@type\":\"ImageObject\",\"inLanguage\":\"pt-PT\",\"@id\":\"https:\/\/hpdrones.pro\/pt-pt\/#\/schema\/logo\/image\/\",\"url\":\"https:\/\/hpdrones.pro\/wp-content\/uploads\/2022\/01\/logo_drone.png\",\"contentUrl\":\"https:\/\/hpdrones.pro\/wp-content\/uploads\/2022\/01\/logo_drone.png\",\"width\":500,\"height\":46,\"caption\":\"HPDRONES\"},\"image\":{\"@id\":\"https:\/\/hpdrones.pro\/pt-pt\/#\/schema\/logo\/image\/\"}}]}<\/script>\n<!-- \/ Yoast SEO plugin. -->","yoast_head_json":{"title":"Politica de Privacidade - HPDRONES","description":"A HPDRONES fornece-lhe todas as informa\u00e7\u00f5es sobre a nossa pol\u00edtica de privacidade! A nossa empresa compromete-se a garantir a sua privacidade.","robots":{"index":"index","follow":"follow","max-snippet":"max-snippet:-1","max-image-preview":"max-image-preview:large","max-video-preview":"max-video-preview:-1"},"canonical":"https:\/\/hpdrones.pro\/pt-pt\/privacidad\/","og_locale":"pt_PT","og_type":"article","og_title":"Politica de Privacidade - HPDRONES","og_description":"A HPDRONES fornece-lhe todas as informa\u00e7\u00f5es sobre a nossa pol\u00edtica de privacidade! A nossa empresa compromete-se a garantir a sua privacidade.","og_site_name":"HPDRONES","article_modified_time":"2024-12-06T12:27:27+00:00","twitter_card":"summary_large_image","twitter_misc":{"Tempo estimado de leitura":"4 minutos"},"schema":{"@context":"https:\/\/schema.org","@graph":[{"@type":"WebPage","@id":"https:\/\/hpdrones.pro\/pt-pt\/privacidad\/","url":"https:\/\/hpdrones.pro\/pt-pt\/privacidad\/","name":"Politica de Privacidade - HPDRONES","isPartOf":{"@id":"https:\/\/hpdrones.pro\/pt-pt\/#website"},"datePublished":"2022-05-08T20:39:47+00:00","dateModified":"2024-12-06T12:27:27+00:00","description":"A HPDRONES fornece-lhe todas as informa\u00e7\u00f5es sobre a nossa pol\u00edtica de privacidade! A nossa empresa compromete-se a garantir a sua privacidade.","breadcrumb":{"@id":"https:\/\/hpdrones.pro\/pt-pt\/privacidad\/#breadcrumb"},"inLanguage":"pt-PT","potentialAction":[{"@type":"ReadAction","target":["https:\/\/hpdrones.pro\/pt-pt\/privacidad\/"]}]},{"@type":"BreadcrumbList","@id":"https:\/\/hpdrones.pro\/pt-pt\/privacidad\/#breadcrumb","itemListElement":[{"@type":"ListItem","position":1,"name":"Portada","item":"https:\/\/hpdrones.pro\/pt-pt\/"},{"@type":"ListItem","position":2,"name":"Politica de Privacidade"}]},{"@type":"WebSite","@id":"https:\/\/hpdrones.pro\/pt-pt\/#website","url":"https:\/\/hpdrones.pro\/pt-pt\/","name":"HPDRONES","description":"","publisher":{"@id":"https:\/\/hpdrones.pro\/pt-pt\/#organization"},"potentialAction":[{"@type":"SearchAction","target":{"@type":"EntryPoint","urlTemplate":"https:\/\/hpdrones.pro\/pt-pt\/?s={search_term_string}"},"query-input":{"@type":"PropertyValueSpecification","valueRequired":true,"valueName":"search_term_string"}}],"inLanguage":"pt-PT"},{"@type":"Organization","@id":"https:\/\/hpdrones.pro\/pt-pt\/#organization","name":"HPDRONES","url":"https:\/\/hpdrones.pro\/pt-pt\/","logo":{"@type":"ImageObject","inLanguage":"pt-PT","@id":"https:\/\/hpdrones.pro\/pt-pt\/#\/schema\/logo\/image\/","url":"https:\/\/hpdrones.pro\/wp-content\/uploads\/2022\/01\/logo_drone.png","contentUrl":"https:\/\/hpdrones.pro\/wp-content\/uploads\/2022\/01\/logo_drone.png","width":500,"height":46,"caption":"HPDRONES"},"image":{"@id":"https:\/\/hpdrones.pro\/pt-pt\/#\/schema\/logo\/image\/"}}]}},"_links":{"self":[{"href":"https:\/\/hpdrones.pro\/pt-pt\/wp-json\/wp\/v2\/pages\/5065","targetHints":{"allow":["GET"]}}],"collection":[{"href":"https:\/\/hpdrones.pro\/pt-pt\/wp-json\/wp\/v2\/pages"}],"about":[{"href":"https:\/\/hpdrones.pro\/pt-pt\/wp-json\/wp\/v2\/types\/page"}],"author":[{"embeddable":true,"href":"https:\/\/hpdrones.pro\/pt-pt\/wp-json\/wp\/v2\/users\/1"}],"replies":[{"embeddable":true,"href":"https:\/\/hpdrones.pro\/pt-pt\/wp-json\/wp\/v2\/comments?post=5065"}],"version-history":[{"count":1,"href":"https:\/\/hpdrones.pro\/pt-pt\/wp-json\/wp\/v2\/pages\/5065\/revisions"}],"predecessor-version":[{"id":20316,"href":"https:\/\/hpdrones.pro\/pt-pt\/wp-json\/wp\/v2\/pages\/5065\/revisions\/20316"}],"wp:attachment":[{"href":"https:\/\/hpdrones.pro\/pt-pt\/wp-json\/wp\/v2\/media?parent=5065"}],"curies":[{"name":"wp","href":"https:\/\/api.w.org\/{rel}","templated":true}]}}