{"id":5071,"date":"2022-05-08T20:42:59","date_gmt":"2022-05-08T20:42:59","guid":{"rendered":"https:\/\/hp-drones.com\/?page_id=5071"},"modified":"2024-12-06T12:40:21","modified_gmt":"2024-12-06T12:40:21","slug":"cookies","status":"publish","type":"page","link":"https:\/\/hpdrones.pro\/pt-pt\/cookies\/","title":{"rendered":"Cookies"},"content":{"rendered":"<p>[et_pb_section fb_built=&#8221;1&#8243; _builder_version=&#8221;4.16&#8243; _module_preset=&#8221;default&#8221; global_colors_info=&#8221;{}&#8221;][et_pb_row _builder_version=&#8221;4.16&#8243; _module_preset=&#8221;default&#8221; global_colors_info=&#8221;{}&#8221;][et_pb_column type=&#8221;4_4&#8243; _builder_version=&#8221;4.16&#8243; _module_preset=&#8221;default&#8221; global_colors_info=&#8221;{}&#8221;][et_pb_text _builder_version=&#8221;4.16&#8243; _module_preset=&#8221;default&#8221; global_colors_info=&#8221;{}&#8221;]<\/p>\n<h1><strong>Pol\u00edtica de Cookies<\/strong><\/h1>\n<p>Usamos cookies no nosso website para melhorar o desempenho e a sua experi\u00eancia como utilizador. Este documento explica como o fazemos.<\/p>\n<p>&nbsp;<\/p>\n<h2><strong>O QUE S\u00c3O COOKIES?<\/strong><\/h2>\n<p>&#8220;Cookies&#8221; s\u00e3o pequenos ficheiros de texto que s\u00e3o armazenados no seu computador ou no seu dispositivo m\u00f3vel atrav\u00e9s do navegador de internet (browser), retendo apenas informa\u00e7\u00e3o relacionada com as suas prefer\u00eancias, n\u00e3o incluindo, como tal, os seus dados pessoais. A coloca\u00e7\u00e3o de cookies ajudar\u00e1 o website a reconhecer o seu dispositivo na pr\u00f3xima vez que o utilizador o visita.<\/p>\n<p>Usamos o termo cookies nesta pol\u00edtica para referir todos os ficheiros que recolhem informa\u00e7\u00f5es desta forma.<\/p>\n<p>Os cookies utilizados n\u00e3o recolhem informa\u00e7\u00e3o que identifica o utilizador. Os cookies recolhem informa\u00e7\u00f5es gen\u00e9ricas, designadamente a forma como os utilizadores chegam e utilizam os websites ou a zona do pa\u00eds\/pa\u00edses atrav\u00e9s do qual acedem ao website, etc.<\/p>\n<p>Os cookies ret\u00eam apenas informa\u00e7\u00e3o relacionada com as suas prefer\u00eancias. A qualquer momento o utilizador pode, atrav\u00e9s do seu navegador de internet (browser) decidir ser notificado sobre a recep\u00e7\u00e3o de cookies, bem como bloquear a respectiva entrada no seu sistema.<\/p>\n<p>A recusa de uso de cookies no website, pode resultar na impossibilidade de ter acesso a algumas das suas \u00e1reas ou de receber informa\u00e7\u00e3o personalizada.<\/p>\n<p>&nbsp;<\/p>\n<h2><strong>PARA QUE SERVEM OS COOKIES?<\/strong><\/h2>\n<p>Os cookies servem para ajudar a determinar a utilidade, interesse e o n\u00famero de utiliza\u00e7\u00f5es dos seus websites, permitindo uma navega\u00e7\u00e3o mais r\u00e1pida e eficiente, eliminando a necessidade de introduzir repetidamente as mesmas informa\u00e7\u00f5es.<\/p>\n<p>&nbsp;<\/p>\n<h2><strong> QUE TIPO DE COOKIES UTILIZAMOS?<\/strong><\/h2>\n<p>Os nossos cookies t\u00eam diferentes fun\u00e7\u00f5es:<\/p>\n<table>\n<thead>\n<tr>\n<td><strong>TIPO DE COOKIE<\/strong><\/td>\n<td><strong>FINALIDADE<\/strong><\/td>\n<\/tr>\n<\/thead>\n<tbody>\n<tr>\n<td>\n<h3><strong>Cookies estritamente necess\u00e1rios (essenciais)<\/strong><\/h3>\n<\/td>\n<td>Permitem a navega\u00e7\u00e3o no website e a utiliza\u00e7\u00e3o das suas aplica\u00e7\u00f5es, bem como aceder a \u00e1reas seguras do website. Sem estes cookies, os servi\u00e7os, que tenha requerido, n\u00e3o podem ser prestados. Alguns cookies s\u00e3o essenciais para aceder a \u00e1reas espec\u00edficas do nosso website.<\/td>\n<\/tr>\n<tr>\n<td>\n<h3><strong>Cookies Anal\u00edticos<\/strong><\/h3>\n<\/td>\n<td>Estes cookies s\u00e3o utilizados para analisar a forma como os utilizadores usam o website e monitorar a performance deste. Isto permite-nos fornecer uma experi\u00eancia de alta qualidade ao personalizar a nossa oferta e rapidamente identificar e corrigir quaisquer problemas que surjam. Por exemplo, usamos cookies de desempenho para saber quais as p\u00e1ginas mais populares, qual o m\u00e9todo de liga\u00e7\u00e3o entre p\u00e1ginas que \u00e9 mais eficaz, ou para determinar a raz\u00e3o de algumas p\u00e1ginas estarem a receber mensagens de erro. Estes cookies s\u00e3o utilizados apenas para efeitos de cria\u00e7\u00e3o e an\u00e1lise estat\u00edstica, sem nunca recolher informa\u00e7\u00e3o de car\u00e1cter pessoal.<\/td>\n<\/tr>\n<tr>\n<td>\n<h3><strong>Cookies de Funcionalidade<\/strong><\/h3>\n<\/td>\n<td>Guardam as prefer\u00eancias do utilizador relativamente \u00e0 utiliza\u00e7\u00e3o do website, de forma que n\u00e3o seja necess\u00e1rio voltar a configurar o website cada vez que o visita.<\/td>\n<\/tr>\n<tr>\n<td>\n<h3><strong>Cookies de Terceiros<\/strong><\/h3>\n<\/td>\n<td>Medem o sucesso de aplica\u00e7\u00f5es e a efic\u00e1cia da publicidade de terceiros. Podem tamb\u00e9m ser utilizados no sentido de personalizar um widget com dados do utilizador.<\/td>\n<\/tr>\n<\/tbody>\n<\/table>\n<p>&nbsp;<\/p>\n<h2><strong>OS COOKIES PODEM SER:<\/strong><\/h2>\n<p>&nbsp;<\/p>\n<h3><strong>Cookies Permanentes<\/strong><\/h3>\n<p>Ficam armazenados, por tempo vari\u00e1vel, ao n\u00edvel do navegador de internet (browser) nos seus dispositivos de acesso (pc, mobile e tablet) e s\u00e3o utilizados sempre que o utilizador faz uma nova visita ao website. Geralmente s\u00e3o utilizados para direccionar a navega\u00e7\u00e3o de acordo com os interesses do utilizador, permitindo-nos prestar um servi\u00e7o mais personalizado.<\/p>\n<p>&nbsp;<\/p>\n<h3><strong>Cookies de Sess\u00e3o<\/strong><\/h3>\n<p>S\u00e3o tempor\u00e1rios, permanecem nos cookies do seu navegador de internet (browser) at\u00e9 sair do website. A informa\u00e7\u00e3o obtida permite identificar problemas e fornecer uma melhor experiencia de navega\u00e7\u00e3o.<\/p>\n<p>&nbsp;<\/p>\n<h2><strong> COMO PODE GERIR OS COOKIES?<\/strong><\/h2>\n<p>Como explic\u00e1mos os cookies ajudam-no a tirar o m\u00e1ximo proveito dos nossos websites.<\/p>\n<p>Todos os navegadores de internet (browsers) permitem ao utilizador aceitar, recusar ou apagar cookies, nomeadamente atrav\u00e9s da selec\u00e7\u00e3o das defini\u00e7\u00f5es apropriadas no respectivo navegador de internet (browser).<br \/>Depois de autorizar o uso de cookies, o utilizador pode sempre desactivar parte ou a totalidade dos nossos cookies. Para o efeito, o utilizador deve seguir as seguintes instru\u00e7\u00f5es:<\/p>\n<p><strong>Configura\u00e7\u00f5es de Cookies no Internet Explorer &#8211; Desactivar cookies<\/strong><\/p>\n<ol>\n<li>Clique no menu &#8220;Ferramentas&#8221; e escolha a op\u00e7\u00e3o &#8220;Op\u00e7\u00f5es de Internet&#8221;;<\/li>\n<li>Seleccione o separador &#8220;Privacidade&#8221;;<\/li>\n<li>Mova a barra para o topo, onde surgir\u00e1 &#8220;Bloquear todos os cookies&#8221;.<\/li>\n<\/ol>\n<p><strong>Nota:<\/strong>\u00a0Existem v\u00e1rios n\u00edveis de activa\u00e7\u00e3o e desactiva\u00e7\u00e3o de cookies no Internet Explorer. Para mais informa\u00e7\u00f5es sobre defini\u00e7\u00f5es de cookies Internet Explorer, consulte a seguinte p\u00e1gina da Microsoft:<\/p>\n<p><a href=\"http:\/\/windows.microsoft.com\/pt-PT\/windows-vista\/Block-or-allow-cookies\">http:\/\/windows.microsoft.com\/pt-PT\/windows-vista\/Block-or-allow-cookies<\/a><\/p>\n<p><strong>Configura\u00e7\u00f5es de Cookies no Mozilla Firefox &#8211; Desactivar cookies<\/strong><\/p>\n<ol>\n<li>Clique no menu &#8220;Ferramentas&#8221;;<\/li>\n<li>Seleccione &#8220;Op\u00e7\u00f5es&#8221;;<\/li>\n<li>Clique no \u00edcone &#8220;Privacidade&#8221;, que encontra no painel superior;<\/li>\n<li>Na sec\u00e7\u00e3o &#8220;Cookies&#8221; desactive a op\u00e7\u00e3o &#8220;Aceitar cookies dos websites&#8221;;<\/li>\n<li>Clique em &#8220;OK&#8221; para guardar as altera\u00e7\u00f5es e fechar.<\/li>\n<\/ol>\n<p><strong>Nota:<\/strong>\u00a0Existem v\u00e1rios n\u00edveis de activa\u00e7\u00e3o e desactiva\u00e7\u00e3o de cookies no Mozilla Firefox. Para mais informa\u00e7\u00f5es sobre defini\u00e7\u00f5es de cookies no Mozilla Firefox, consulte a seguinte p\u00e1gina :<\/p>\n<p><a href=\"http:\/\/support.mozilla.org\/pt-PT\/kb\/Activar%20e%20Desactivar%20cookies?redirectlocale=en\">http:\/\/support.mozilla.org\/pt-PT\/kb\/Activar%20e%20Desactivar%20cookies?redirectlocale=en<\/a><a href=\"http:\/\/support.mozilla.org\/pt\">&#8211; US&amp;redirectslug=Enabling+and+disabling+cookiesMozilla Firefox<\/a><\/p>\n<p><strong>Configura\u00e7\u00f5es de Cookies no Chrome &#8211; Desactivar cookies<\/strong><\/p>\n<ol>\n<li>Clique no menu do Chrome na barra de ferramentas do navegador.<\/li>\n<li>Seleccione Defini\u00e7\u00f5es.<\/li>\n<li>Clique em Mostrar defini\u00e7\u00f5es avan\u00e7adas.<\/li>\n<li>Na sec\u00e7\u00e3o &#8220;Privacidade&#8221;, clique no bot\u00e3o Defini\u00e7\u00f5es de conte\u00fado.<\/li>\n<li>Seleccione a op\u00e7\u00e3o &#8220;Bloquear defini\u00e7\u00e3o dos dados por parte dos websites&#8221;.<\/li>\n<\/ol>\n<p>Pode alterar as seguintes defini\u00e7\u00f5es de cookies na sec\u00e7\u00e3o &#8220;Cookies&#8221;:<\/p>\n<ul>\n<li>Eliminar cookies<\/li>\n<li>Bloquear cookies por predefini\u00e7\u00e3o<\/li>\n<li>Permitir cookies por predefini\u00e7\u00e3o<\/li>\n<li>Manter cookies e dados do Website por predefini\u00e7\u00e3o at\u00e9 sair do navegador de internet (browser)<\/li>\n<li>Criar excep\u00e7\u00f5es para cookies de Websites ou dom\u00ednios espec\u00edficos.<\/li>\n<\/ul>\n<p><strong>Nota:<\/strong>\u00a0Existem v\u00e1rios n\u00edveis de activa\u00e7\u00e3o e desactiva\u00e7\u00e3o de cookies no Google Chrome. Para mais informa\u00e7\u00f5es sobre defini\u00e7\u00f5es de cookies no Google Chrome, consulte a seguinte p\u00e1gina :<\/p>\n<p><a href=\"http:\/\/support.google.com\/chrome\/bin\/answer.py?hl=pt&amp;answer=95647&amp;topic=14666&amp;ctx=topic\">http:\/\/support.google.com\/chrome\/bin\/answer.py?hl=pt&amp;answer=95647&amp;topic=14666&amp;ctx=topic<\/a><\/p>\n<p><strong>Configura\u00e7\u00f5es de Cookies em Safari Web e IOS &#8211; Desactivar cookies<\/strong><\/p>\n<ol>\n<li>Clique em &#8220;Editar&#8221;;<\/li>\n<li>Seleccione &#8220;Prefer\u00eancias&#8221;;<\/li>\n<li>No painel superior, seleccione o \u00edcone &#8220;Privacidade&#8221;;<\/li>\n<li>Na sec\u00e7\u00e3o &#8220;Aceitar cookies&#8221;, seleccione &#8220;Nunca&#8221;.<\/li>\n<\/ol>\n<p><strong>Nota:<\/strong>\u00a0Existem v\u00e1rios n\u00edveis de activa\u00e7\u00e3o e desactiva\u00e7\u00e3o de cookies no Safari. Para mais informa\u00e7\u00f5es sobre defini\u00e7\u00f5es de cookies no Safari, consulte a seguinte p\u00e1gina :<\/p>\n<p><a href=\"http:\/\/support.apple.com\/kb\/HT1677?viewlocale=pt_PT\">http:\/\/support.apple.com\/kb\/HT1677?viewlocale=pt_PT<\/a><\/p>\n<p><strong>Outros navegadores de internet (browser)<\/strong><\/p>\n<p>Por favor, procure no menu &#8220;ajuda&#8221; do navegador de internet (browser) ou contacte o fornecedor do navegador de internet (browser).<\/p>\n<p><strong>NOTA: Recordamos que ao desactivar os cookies, partes do nosso website podem n\u00e3o funcionar correctamente.<\/strong><\/p>\n<p>&nbsp;<\/p>\n<p>[\/et_pb_text][\/et_pb_column][\/et_pb_row][\/et_pb_section]<\/p>\n","protected":false},"excerpt":{"rendered":"<p>Pol\u00edtica de Cookies Usamos cookies no nosso website para melhorar o desempenho e a sua experi\u00eancia como utilizador. Este documento explica como o fazemos. &nbsp; O QUE S\u00c3O COOKIES? &#8220;Cookies&#8221; s\u00e3o pequenos ficheiros de texto que s\u00e3o armazenados no seu computador ou no seu dispositivo m\u00f3vel atrav\u00e9s do navegador de internet (browser), retendo apenas informa\u00e7\u00e3o [&hellip;]<\/p>\n","protected":false},"author":1,"featured_media":0,"parent":0,"menu_order":0,"comment_status":"closed","ping_status":"closed","template":"","meta":{"_et_pb_use_builder":"on","_et_pb_old_content":"","_et_gb_content_width":"","footnotes":""},"class_list":["post-5071","page","type-page","status-publish","hentry"],"acf":[],"yoast_head":"<!-- This site is optimized with the Yoast SEO plugin v27.1.1 - https:\/\/yoast.com\/product\/yoast-seo-wordpress\/ -->\n<title>Informa\u00e7\u00e3o sobre a nossa Pol\u00edtica de Cookies | HPDRONES<\/title>\n<meta name=\"description\" content=\"Utilizamos cookies no nosso website a fim de melhorar o desempenho e a experi\u00eancia do utilizador no website. Saiba mais e desfrute da maior transpar\u00eancia!\" \/>\n<meta name=\"robots\" content=\"noindex, follow\" \/>\n<meta property=\"og:locale\" content=\"pt_PT\" \/>\n<meta property=\"og:type\" content=\"article\" \/>\n<meta property=\"og:title\" content=\"Informa\u00e7\u00e3o sobre a nossa Pol\u00edtica de Cookies | HPDRONES\" \/>\n<meta property=\"og:description\" content=\"Utilizamos cookies no nosso website a fim de melhorar o desempenho e a experi\u00eancia do utilizador no website. Saiba mais e desfrute da maior transpar\u00eancia!\" \/>\n<meta property=\"og:site_name\" content=\"HPDRONES\" \/>\n<meta property=\"article:modified_time\" content=\"2024-12-06T12:40:21+00:00\" \/>\n<meta name=\"twitter:card\" content=\"summary_large_image\" \/>\n<meta name=\"twitter:label1\" content=\"Tempo estimado de leitura\" \/>\n\t<meta name=\"twitter:data1\" content=\"5 minutos\" \/>\n<script type=\"application\/ld+json\" class=\"yoast-schema-graph\">{\"@context\":\"https:\/\/schema.org\",\"@graph\":[{\"@type\":\"WebPage\",\"@id\":\"https:\/\/hpdrones.pro\/pt-pt\/cookies\/\",\"url\":\"https:\/\/hpdrones.pro\/pt-pt\/cookies\/\",\"name\":\"Informa\u00e7\u00e3o sobre a nossa Pol\u00edtica de Cookies | HPDRONES\",\"isPartOf\":{\"@id\":\"https:\/\/hpdrones.pro\/pt-pt\/#website\"},\"datePublished\":\"2022-05-08T20:42:59+00:00\",\"dateModified\":\"2024-12-06T12:40:21+00:00\",\"description\":\"Utilizamos cookies no nosso website a fim de melhorar o desempenho e a experi\u00eancia do utilizador no website. Saiba mais e desfrute da maior transpar\u00eancia!\",\"breadcrumb\":{\"@id\":\"https:\/\/hpdrones.pro\/pt-pt\/cookies\/#breadcrumb\"},\"inLanguage\":\"pt-PT\",\"potentialAction\":[{\"@type\":\"ReadAction\",\"target\":[\"https:\/\/hpdrones.pro\/pt-pt\/cookies\/\"]}]},{\"@type\":\"BreadcrumbList\",\"@id\":\"https:\/\/hpdrones.pro\/pt-pt\/cookies\/#breadcrumb\",\"itemListElement\":[{\"@type\":\"ListItem\",\"position\":1,\"name\":\"Portada\",\"item\":\"https:\/\/hpdrones.pro\/pt-pt\/\"},{\"@type\":\"ListItem\",\"position\":2,\"name\":\"Cookies\"}]},{\"@type\":\"WebSite\",\"@id\":\"https:\/\/hpdrones.pro\/pt-pt\/#website\",\"url\":\"https:\/\/hpdrones.pro\/pt-pt\/\",\"name\":\"HPDRONES\",\"description\":\"\",\"publisher\":{\"@id\":\"https:\/\/hpdrones.pro\/pt-pt\/#organization\"},\"potentialAction\":[{\"@type\":\"SearchAction\",\"target\":{\"@type\":\"EntryPoint\",\"urlTemplate\":\"https:\/\/hpdrones.pro\/pt-pt\/?s={search_term_string}\"},\"query-input\":{\"@type\":\"PropertyValueSpecification\",\"valueRequired\":true,\"valueName\":\"search_term_string\"}}],\"inLanguage\":\"pt-PT\"},{\"@type\":\"Organization\",\"@id\":\"https:\/\/hpdrones.pro\/pt-pt\/#organization\",\"name\":\"HPDRONES\",\"url\":\"https:\/\/hpdrones.pro\/pt-pt\/\",\"logo\":{\"@type\":\"ImageObject\",\"inLanguage\":\"pt-PT\",\"@id\":\"https:\/\/hpdrones.pro\/pt-pt\/#\/schema\/logo\/image\/\",\"url\":\"https:\/\/hpdrones.pro\/wp-content\/uploads\/2022\/01\/logo_drone.png\",\"contentUrl\":\"https:\/\/hpdrones.pro\/wp-content\/uploads\/2022\/01\/logo_drone.png\",\"width\":500,\"height\":46,\"caption\":\"HPDRONES\"},\"image\":{\"@id\":\"https:\/\/hpdrones.pro\/pt-pt\/#\/schema\/logo\/image\/\"}}]}<\/script>\n<!-- \/ Yoast SEO plugin. -->","yoast_head_json":{"title":"Informa\u00e7\u00e3o sobre a nossa Pol\u00edtica de Cookies | HPDRONES","description":"Utilizamos cookies no nosso website a fim de melhorar o desempenho e a experi\u00eancia do utilizador no website. Saiba mais e desfrute da maior transpar\u00eancia!","robots":{"index":"noindex","follow":"follow"},"og_locale":"pt_PT","og_type":"article","og_title":"Informa\u00e7\u00e3o sobre a nossa Pol\u00edtica de Cookies | HPDRONES","og_description":"Utilizamos cookies no nosso website a fim de melhorar o desempenho e a experi\u00eancia do utilizador no website. Saiba mais e desfrute da maior transpar\u00eancia!","og_site_name":"HPDRONES","article_modified_time":"2024-12-06T12:40:21+00:00","twitter_card":"summary_large_image","twitter_misc":{"Tempo estimado de leitura":"5 minutos"},"schema":{"@context":"https:\/\/schema.org","@graph":[{"@type":"WebPage","@id":"https:\/\/hpdrones.pro\/pt-pt\/cookies\/","url":"https:\/\/hpdrones.pro\/pt-pt\/cookies\/","name":"Informa\u00e7\u00e3o sobre a nossa Pol\u00edtica de Cookies | HPDRONES","isPartOf":{"@id":"https:\/\/hpdrones.pro\/pt-pt\/#website"},"datePublished":"2022-05-08T20:42:59+00:00","dateModified":"2024-12-06T12:40:21+00:00","description":"Utilizamos cookies no nosso website a fim de melhorar o desempenho e a experi\u00eancia do utilizador no website. Saiba mais e desfrute da maior transpar\u00eancia!","breadcrumb":{"@id":"https:\/\/hpdrones.pro\/pt-pt\/cookies\/#breadcrumb"},"inLanguage":"pt-PT","potentialAction":[{"@type":"ReadAction","target":["https:\/\/hpdrones.pro\/pt-pt\/cookies\/"]}]},{"@type":"BreadcrumbList","@id":"https:\/\/hpdrones.pro\/pt-pt\/cookies\/#breadcrumb","itemListElement":[{"@type":"ListItem","position":1,"name":"Portada","item":"https:\/\/hpdrones.pro\/pt-pt\/"},{"@type":"ListItem","position":2,"name":"Cookies"}]},{"@type":"WebSite","@id":"https:\/\/hpdrones.pro\/pt-pt\/#website","url":"https:\/\/hpdrones.pro\/pt-pt\/","name":"HPDRONES","description":"","publisher":{"@id":"https:\/\/hpdrones.pro\/pt-pt\/#organization"},"potentialAction":[{"@type":"SearchAction","target":{"@type":"EntryPoint","urlTemplate":"https:\/\/hpdrones.pro\/pt-pt\/?s={search_term_string}"},"query-input":{"@type":"PropertyValueSpecification","valueRequired":true,"valueName":"search_term_string"}}],"inLanguage":"pt-PT"},{"@type":"Organization","@id":"https:\/\/hpdrones.pro\/pt-pt\/#organization","name":"HPDRONES","url":"https:\/\/hpdrones.pro\/pt-pt\/","logo":{"@type":"ImageObject","inLanguage":"pt-PT","@id":"https:\/\/hpdrones.pro\/pt-pt\/#\/schema\/logo\/image\/","url":"https:\/\/hpdrones.pro\/wp-content\/uploads\/2022\/01\/logo_drone.png","contentUrl":"https:\/\/hpdrones.pro\/wp-content\/uploads\/2022\/01\/logo_drone.png","width":500,"height":46,"caption":"HPDRONES"},"image":{"@id":"https:\/\/hpdrones.pro\/pt-pt\/#\/schema\/logo\/image\/"}}]}},"_links":{"self":[{"href":"https:\/\/hpdrones.pro\/pt-pt\/wp-json\/wp\/v2\/pages\/5071","targetHints":{"allow":["GET"]}}],"collection":[{"href":"https:\/\/hpdrones.pro\/pt-pt\/wp-json\/wp\/v2\/pages"}],"about":[{"href":"https:\/\/hpdrones.pro\/pt-pt\/wp-json\/wp\/v2\/types\/page"}],"author":[{"embeddable":true,"href":"https:\/\/hpdrones.pro\/pt-pt\/wp-json\/wp\/v2\/users\/1"}],"replies":[{"embeddable":true,"href":"https:\/\/hpdrones.pro\/pt-pt\/wp-json\/wp\/v2\/comments?post=5071"}],"version-history":[{"count":1,"href":"https:\/\/hpdrones.pro\/pt-pt\/wp-json\/wp\/v2\/pages\/5071\/revisions"}],"predecessor-version":[{"id":20333,"href":"https:\/\/hpdrones.pro\/pt-pt\/wp-json\/wp\/v2\/pages\/5071\/revisions\/20333"}],"wp:attachment":[{"href":"https:\/\/hpdrones.pro\/pt-pt\/wp-json\/wp\/v2\/media?parent=5071"}],"curies":[{"name":"wp","href":"https:\/\/api.w.org\/{rel}","templated":true}]}}